{"id":38503,"date":"2021-11-18T13:50:11","date_gmt":"2021-11-18T12:50:11","guid":{"rendered":"https:\/\/farmerrain.com\/product\/regenjeans-kopia-2\/"},"modified":"2026-04-14T09:20:33","modified_gmt":"2026-04-14T07:20:33","slug":"regenjeans-dame","status":"publish","type":"product","link":"https:\/\/farmerrain.com\/de\/produkt\/regenjeans-dame\/","title":{"rendered":"REGENJEANS Dame"},"content":{"rendered":"<p>Regenjeans von h\u00f6chster Qualit\u00e4t, dekorativ gen\u00e4ht und handgefertigt in Schweden. Alle N\u00e4hte sind mit Spezialklebeband des Typs abgeklebt, das bei der Herstellung von Schutzkleidung f\u00fcr Hochdruckreinigung verwendet wird. Die Hose ist ungef\u00fcttert und hat zwei Taschen mit \u00d6ffnung vorne und zwei dekorativ aufgen\u00e4hte hinten. Mit G\u00fcrtelschlaufen.<\/p>\n<p>MATERIAL<\/p>\n<p>Biovinyl PVC 430 g\/m\u00b2. \u00d6lbest\u00e4ndig, Wassers\u00e4ule &gt; 20000 mm<\/p>\n<p>Biovunyl PVC Gloss 400g\/m2. \u00d6lbest\u00e4ndig. Wassers\u00e4ule &gt;17000 mm Mit gl\u00e4nzend Finish.<\/p>\n","protected":false},"excerpt":{"rendered":"<p>Regenjeans von h\u00f6chster Qualit\u00e4t, dekorativ gen\u00e4ht und handgefertigt in Schweden.<\/p>\n","protected":false},"featured_media":41561,"comment_status":"open","ping_status":"closed","template":"","meta":{"_acf_changed":false},"product_brand":[],"product_cat":[1286,1295],"product_tag":[561],"activity":[1144,1153],"class_list":{"0":"post-38503","1":"product","2":"type-product","3":"status-publish","4":"has-post-thumbnail","6":"product_cat-regenbekleidung","7":"product_cat-regenbekleidung-regenjeans","8":"product_tag-mode-de","9":"activity-alltag-pendeln","10":"activity-regenjeans-alltag-and-pendeln","12":"first","13":"instock","14":"featured","15":"taxable","16":"shipping-taxable","17":"purchasable","18":"product-type-variable","19":"has-default-attributes","20":"rtwpvg-product","21":"rtwpvs-product"},"acf":[],"shsp-ext":{"main":{},"variations":[]},"yoast_head":"<!-- This site is optimized with the Yoast SEO plugin v27.2 - https:\/\/yoast.com\/product\/yoast-seo-wordpress\/ -->\n<title>REGENJEANS Dame | Farmerrain - H\u00e5llbara regnkl\u00e4der<\/title>\n<meta name=\"description\" content=\"Regenjeans von h\u00f6chster Qualit\u00e4t, dekorativ gen\u00e4ht und handgefertigt in Schweden.\" \/>\n<meta name=\"robots\" content=\"index, follow, max-snippet:-1, max-image-preview:large, max-video-preview:-1\" \/>\n<link rel=\"canonical\" href=\"https:\/\/farmerrain.com\/de\/produkt\/regenjeans-dame\/\" \/>\n<meta property=\"og:locale\" content=\"de_DE\" \/>\n<meta property=\"og:type\" content=\"article\" \/>\n<meta property=\"og:title\" content=\"REGENJEANS Dame | Farmerrain - H\u00e5llbara regnkl\u00e4der\" \/>\n<meta property=\"og:description\" content=\"Regenjeans von h\u00f6chster Qualit\u00e4t, dekorativ gen\u00e4ht und handgefertigt in Schweden.\" \/>\n<meta property=\"og:url\" content=\"https:\/\/farmerrain.com\/de\/produkt\/regenjeans-dame\/\" \/>\n<meta property=\"og:site_name\" content=\"Farmerrain - H\u00e5llbara regnkl\u00e4der\" \/>\n<meta property=\"article:publisher\" content=\"https:\/\/www.facebook.com\/people\/Farmerrain\/100063463901438\/\" \/>\n<meta property=\"article:modified_time\" content=\"2026-04-14T07:20:33+00:00\" \/>\n<meta property=\"og:image\" content=\"https:\/\/farmerrain.com\/wp-content\/uploads\/2023\/03\/Bilder_31-jpg.webp\" \/>\n\t<meta property=\"og:image:width\" content=\"1080\" \/>\n\t<meta property=\"og:image:height\" content=\"1350\" \/>\n\t<meta property=\"og:image:type\" content=\"image\/jpeg\" \/>\n<meta name=\"twitter:card\" content=\"summary_large_image\" \/>\n<meta name=\"twitter:label1\" content=\"Gesch\u00e4tzte Lesezeit\" \/>\n\t<meta name=\"twitter:data1\" content=\"1\u00a0Minute\" \/>\n<script type=\"application\/ld+json\" class=\"yoast-schema-graph\">{\"@context\":\"https:\/\/schema.org\",\"@graph\":[{\"@type\":\"WebPage\",\"@id\":\"https:\/\/farmerrain.com\/de\/produkt\/regenjeans-dame\/\",\"url\":\"https:\/\/farmerrain.com\/de\/produkt\/regenjeans-dame\/\",\"name\":\"REGENJEANS Dame | Farmerrain - H\u00e5llbara regnkl\u00e4der\",\"isPartOf\":{\"@id\":\"https:\/\/farmerrain.com\/#website\"},\"primaryImageOfPage\":{\"@id\":\"https:\/\/farmerrain.com\/de\/produkt\/regenjeans-dame\/#primaryimage\"},\"image\":{\"@id\":\"https:\/\/farmerrain.com\/de\/produkt\/regenjeans-dame\/#primaryimage\"},\"thumbnailUrl\":\"https:\/\/farmerrain.com\/wp-content\/uploads\/2023\/03\/Bilder_31-jpg.webp\",\"datePublished\":\"2021-11-18T12:50:11+00:00\",\"dateModified\":\"2026-04-14T07:20:33+00:00\",\"description\":\"Regenjeans von h\u00f6chster Qualit\u00e4t, dekorativ gen\u00e4ht und handgefertigt in Schweden.\",\"breadcrumb\":{\"@id\":\"https:\/\/farmerrain.com\/de\/produkt\/regenjeans-dame\/#breadcrumb\"},\"inLanguage\":\"de\",\"potentialAction\":[{\"@type\":\"ReadAction\",\"target\":[\"https:\/\/farmerrain.com\/de\/produkt\/regenjeans-dame\/\"]}]},{\"@type\":\"ImageObject\",\"inLanguage\":\"de\",\"@id\":\"https:\/\/farmerrain.com\/de\/produkt\/regenjeans-dame\/#primaryimage\",\"url\":\"https:\/\/farmerrain.com\/wp-content\/uploads\/2023\/03\/Bilder_31-jpg.webp\",\"contentUrl\":\"https:\/\/farmerrain.com\/wp-content\/uploads\/2023\/03\/Bilder_31-jpg.webp\",\"width\":1080,\"height\":1350},{\"@type\":\"BreadcrumbList\",\"@id\":\"https:\/\/farmerrain.com\/de\/produkt\/regenjeans-dame\/#breadcrumb\",\"itemListElement\":[{\"@type\":\"ListItem\",\"position\":1,\"name\":\"Shop\",\"item\":\"https:\/\/farmerrain.com\/de\/shop-2\/\"},{\"@type\":\"ListItem\",\"position\":2,\"name\":\"REGENJEANS Dame\"}]},{\"@type\":\"WebSite\",\"@id\":\"https:\/\/farmerrain.com\/#website\",\"url\":\"https:\/\/farmerrain.com\/\",\"name\":\"Farmerrain - H\u00e5llbara regnkl\u00e4der\",\"description\":\"Regnkl\u00e4der med fokus p\u00e5 h\u00e5llbarhet, funktionalitet och unik design.\",\"publisher\":{\"@id\":\"https:\/\/farmerrain.com\/#organization\"},\"potentialAction\":[{\"@type\":\"SearchAction\",\"target\":{\"@type\":\"EntryPoint\",\"urlTemplate\":\"https:\/\/farmerrain.com\/?s={search_term_string}\"},\"query-input\":{\"@type\":\"PropertyValueSpecification\",\"valueRequired\":true,\"valueName\":\"search_term_string\"}}],\"inLanguage\":\"de\"},{\"@type\":\"Organization\",\"@id\":\"https:\/\/farmerrain.com\/#organization\",\"name\":\"Farmerrain\",\"url\":\"https:\/\/farmerrain.com\/\",\"logo\":{\"@type\":\"ImageObject\",\"inLanguage\":\"de\",\"@id\":\"https:\/\/farmerrain.com\/#\/schema\/logo\/image\/\",\"url\":\"https:\/\/farmerrain.com\/wp-content\/uploads\/2023\/03\/fr_logo.png\",\"contentUrl\":\"https:\/\/farmerrain.com\/wp-content\/uploads\/2023\/03\/fr_logo.png\",\"width\":179,\"height\":23,\"caption\":\"Farmerrain\"},\"image\":{\"@id\":\"https:\/\/farmerrain.com\/#\/schema\/logo\/image\/\"},\"sameAs\":[\"https:\/\/www.facebook.com\/people\/Farmerrain\/100063463901438\/\"]}]}<\/script>\n<!-- \/ Yoast SEO plugin. -->","yoast_head_json":{"title":"REGENJEANS Dame | Farmerrain - H\u00e5llbara regnkl\u00e4der","description":"Regenjeans von h\u00f6chster Qualit\u00e4t, dekorativ gen\u00e4ht und handgefertigt in Schweden.","robots":{"index":"index","follow":"follow","max-snippet":"max-snippet:-1","max-image-preview":"max-image-preview:large","max-video-preview":"max-video-preview:-1"},"canonical":"https:\/\/farmerrain.com\/de\/produkt\/regenjeans-dame\/","og_locale":"de_DE","og_type":"article","og_title":"REGENJEANS Dame | Farmerrain - H\u00e5llbara regnkl\u00e4der","og_description":"Regenjeans von h\u00f6chster Qualit\u00e4t, dekorativ gen\u00e4ht und handgefertigt in Schweden.","og_url":"https:\/\/farmerrain.com\/de\/produkt\/regenjeans-dame\/","og_site_name":"Farmerrain - H\u00e5llbara regnkl\u00e4der","article_publisher":"https:\/\/www.facebook.com\/people\/Farmerrain\/100063463901438\/","article_modified_time":"2026-04-14T07:20:33+00:00","og_image":[{"width":1080,"height":1350,"url":"https:\/\/farmerrain.com\/wp-content\/uploads\/2023\/03\/Bilder_31-jpg.webp","type":"image\/jpeg"}],"twitter_card":"summary_large_image","twitter_misc":{"Gesch\u00e4tzte Lesezeit":"1\u00a0Minute"},"schema":{"@context":"https:\/\/schema.org","@graph":[{"@type":"WebPage","@id":"https:\/\/farmerrain.com\/de\/produkt\/regenjeans-dame\/","url":"https:\/\/farmerrain.com\/de\/produkt\/regenjeans-dame\/","name":"REGENJEANS Dame | Farmerrain - H\u00e5llbara regnkl\u00e4der","isPartOf":{"@id":"https:\/\/farmerrain.com\/#website"},"primaryImageOfPage":{"@id":"https:\/\/farmerrain.com\/de\/produkt\/regenjeans-dame\/#primaryimage"},"image":{"@id":"https:\/\/farmerrain.com\/de\/produkt\/regenjeans-dame\/#primaryimage"},"thumbnailUrl":"https:\/\/farmerrain.com\/wp-content\/uploads\/2023\/03\/Bilder_31-jpg.webp","datePublished":"2021-11-18T12:50:11+00:00","dateModified":"2026-04-14T07:20:33+00:00","description":"Regenjeans von h\u00f6chster Qualit\u00e4t, dekorativ gen\u00e4ht und handgefertigt in Schweden.","breadcrumb":{"@id":"https:\/\/farmerrain.com\/de\/produkt\/regenjeans-dame\/#breadcrumb"},"inLanguage":"de","potentialAction":[{"@type":"ReadAction","target":["https:\/\/farmerrain.com\/de\/produkt\/regenjeans-dame\/"]}]},{"@type":"ImageObject","inLanguage":"de","@id":"https:\/\/farmerrain.com\/de\/produkt\/regenjeans-dame\/#primaryimage","url":"https:\/\/farmerrain.com\/wp-content\/uploads\/2023\/03\/Bilder_31-jpg.webp","contentUrl":"https:\/\/farmerrain.com\/wp-content\/uploads\/2023\/03\/Bilder_31-jpg.webp","width":1080,"height":1350},{"@type":"BreadcrumbList","@id":"https:\/\/farmerrain.com\/de\/produkt\/regenjeans-dame\/#breadcrumb","itemListElement":[{"@type":"ListItem","position":1,"name":"Shop","item":"https:\/\/farmerrain.com\/de\/shop-2\/"},{"@type":"ListItem","position":2,"name":"REGENJEANS Dame"}]},{"@type":"WebSite","@id":"https:\/\/farmerrain.com\/#website","url":"https:\/\/farmerrain.com\/","name":"Farmerrain - H\u00e5llbara regnkl\u00e4der","description":"Regnkl\u00e4der med fokus p\u00e5 h\u00e5llbarhet, funktionalitet och unik design.","publisher":{"@id":"https:\/\/farmerrain.com\/#organization"},"potentialAction":[{"@type":"SearchAction","target":{"@type":"EntryPoint","urlTemplate":"https:\/\/farmerrain.com\/?s={search_term_string}"},"query-input":{"@type":"PropertyValueSpecification","valueRequired":true,"valueName":"search_term_string"}}],"inLanguage":"de"},{"@type":"Organization","@id":"https:\/\/farmerrain.com\/#organization","name":"Farmerrain","url":"https:\/\/farmerrain.com\/","logo":{"@type":"ImageObject","inLanguage":"de","@id":"https:\/\/farmerrain.com\/#\/schema\/logo\/image\/","url":"https:\/\/farmerrain.com\/wp-content\/uploads\/2023\/03\/fr_logo.png","contentUrl":"https:\/\/farmerrain.com\/wp-content\/uploads\/2023\/03\/fr_logo.png","width":179,"height":23,"caption":"Farmerrain"},"image":{"@id":"https:\/\/farmerrain.com\/#\/schema\/logo\/image\/"},"sameAs":["https:\/\/www.facebook.com\/people\/Farmerrain\/100063463901438\/"]}]}},"_links":{"self":[{"href":"https:\/\/farmerrain.com\/de\/wp-json\/wp\/v2\/product\/38503","targetHints":{"allow":["GET"]}}],"collection":[{"href":"https:\/\/farmerrain.com\/de\/wp-json\/wp\/v2\/product"}],"about":[{"href":"https:\/\/farmerrain.com\/de\/wp-json\/wp\/v2\/types\/product"}],"replies":[{"embeddable":true,"href":"https:\/\/farmerrain.com\/de\/wp-json\/wp\/v2\/comments?post=38503"}],"wp:featuredmedia":[{"embeddable":true,"href":"https:\/\/farmerrain.com\/de\/wp-json\/wp\/v2\/media\/41561"}],"wp:attachment":[{"href":"https:\/\/farmerrain.com\/de\/wp-json\/wp\/v2\/media?parent=38503"}],"wp:term":[{"taxonomy":"product_brand","embeddable":true,"href":"https:\/\/farmerrain.com\/de\/wp-json\/wp\/v2\/product_brand?post=38503"},{"taxonomy":"product_cat","embeddable":true,"href":"https:\/\/farmerrain.com\/de\/wp-json\/wp\/v2\/product_cat?post=38503"},{"taxonomy":"product_tag","embeddable":true,"href":"https:\/\/farmerrain.com\/de\/wp-json\/wp\/v2\/product_tag?post=38503"},{"taxonomy":"activity","embeddable":true,"href":"https:\/\/farmerrain.com\/de\/wp-json\/wp\/v2\/activity?post=38503"}],"curies":[{"name":"wp","href":"https:\/\/api.w.org\/{rel}","templated":true}]}}