{"id":38257,"date":"2019-09-14T19:04:57","date_gmt":"2019-09-14T19:04:57","guid":{"rendered":"https:\/\/farmerrain.com\/product\/hunter-jacka\/"},"modified":"2026-04-01T09:08:43","modified_gmt":"2026-04-01T07:08:43","slug":"hunter-jacke","status":"publish","type":"product","link":"https:\/\/farmerrain.com\/de\/produkt\/hunter-jacke\/","title":{"rendered":"Hunter Jacke"},"content":{"rendered":"<p>Regenjacke mit verl\u00e4ngertem R\u00fccken, damit sie zur Hunter Taillenhose passt. Doppelknopfleiste mit Sperrfunktion. Zwei gro\u00dfe Taschen mit Klappen vorne. Elastische B\u00fcndchen. Die signalorangefarbenen Streifen an den \u00c4rmeln erh\u00f6hen die Sichtbarkeit bei der Jagd. Bel\u00fcftungsschlitze auf Brust und R\u00fccken. Klassische Kapuze mit Schild, Manchester-Saum und farblich abgesetzter Kordel.<\/p>\n<p>MATERIAL<\/p>\n<p>Raintex Stoff 470 g\/m2. \u00d6l- und k\u00e4ltebest\u00e4ndig, Wassers\u00e4ule &gt; 20000. Mit mattem Finish. Verschwei\u00dfte N\u00e4hte.<\/p>\n","protected":false},"excerpt":{"rendered":"<p>Hunter-Regenjacke f\u00fcr die Jagd und das Leben im Freien.<\/p>\n","protected":false},"featured_media":61663,"comment_status":"open","ping_status":"closed","template":"","meta":{"_acf_changed":false},"product_brand":[],"product_cat":[1286,1294],"product_tag":[765],"activity":[1095,1103],"class_list":{"0":"post-38257","1":"product","2":"type-product","3":"status-publish","4":"has-post-thumbnail","6":"product_cat-regenbekleidung","7":"product_cat-regenbekleidung-regenjacken","8":"product_tag-yrkesklader-de","9":"activity-outdoor-natur","10":"activity-regenjacken-outdoor-and-natur","12":"first","13":"instock","14":"taxable","15":"shipping-taxable","16":"purchasable","17":"product-type-variable","18":"has-default-attributes","19":"rtwpvg-product","20":"rtwpvs-product"},"acf":[],"shsp-ext":{"main":{},"variations":[]},"yoast_head":"<!-- This site is optimized with the Yoast SEO plugin v27.2 - https:\/\/yoast.com\/product\/yoast-seo-wordpress\/ -->\n<title>Hunter Jacke | Farmerrain - H\u00e5llbara regnkl\u00e4der<\/title>\n<meta name=\"description\" content=\"Hunter-Regenjacke f\u00fcr die Jagd und das Leben im Freien.\" \/>\n<meta name=\"robots\" content=\"index, follow, max-snippet:-1, max-image-preview:large, max-video-preview:-1\" \/>\n<link rel=\"canonical\" href=\"https:\/\/farmerrain.com\/de\/produkt\/hunter-jacke\/\" \/>\n<meta property=\"og:locale\" content=\"de_DE\" \/>\n<meta property=\"og:type\" content=\"article\" \/>\n<meta property=\"og:title\" content=\"Hunter Jacke | Farmerrain - H\u00e5llbara regnkl\u00e4der\" \/>\n<meta property=\"og:description\" content=\"Hunter-Regenjacke f\u00fcr die Jagd und das Leben im Freien.\" \/>\n<meta property=\"og:url\" content=\"https:\/\/farmerrain.com\/de\/produkt\/hunter-jacke\/\" \/>\n<meta property=\"og:site_name\" content=\"Farmerrain - H\u00e5llbara regnkl\u00e4der\" \/>\n<meta property=\"article:publisher\" content=\"https:\/\/www.facebook.com\/people\/Farmerrain\/100063463901438\/\" \/>\n<meta property=\"article:modified_time\" content=\"2026-04-01T07:08:43+00:00\" \/>\n<meta property=\"og:image\" content=\"https:\/\/farmerrain.com\/wp-content\/uploads\/2019\/09\/Elin-74.jpg\" \/>\n\t<meta property=\"og:image:width\" content=\"1080\" \/>\n\t<meta property=\"og:image:height\" content=\"1350\" \/>\n\t<meta property=\"og:image:type\" content=\"image\/jpeg\" \/>\n<meta name=\"twitter:card\" content=\"summary_large_image\" \/>\n<meta name=\"twitter:label1\" content=\"Gesch\u00e4tzte Lesezeit\" \/>\n\t<meta name=\"twitter:data1\" content=\"1\u00a0Minute\" \/>\n<script type=\"application\/ld+json\" class=\"yoast-schema-graph\">{\"@context\":\"https:\/\/schema.org\",\"@graph\":[{\"@type\":\"WebPage\",\"@id\":\"https:\/\/farmerrain.com\/de\/produkt\/hunter-jacke\/\",\"url\":\"https:\/\/farmerrain.com\/de\/produkt\/hunter-jacke\/\",\"name\":\"Hunter Jacke | Farmerrain - H\u00e5llbara regnkl\u00e4der\",\"isPartOf\":{\"@id\":\"https:\/\/farmerrain.com\/#website\"},\"primaryImageOfPage\":{\"@id\":\"https:\/\/farmerrain.com\/de\/produkt\/hunter-jacke\/#primaryimage\"},\"image\":{\"@id\":\"https:\/\/farmerrain.com\/de\/produkt\/hunter-jacke\/#primaryimage\"},\"thumbnailUrl\":\"https:\/\/farmerrain.com\/wp-content\/uploads\/2019\/09\/Elin-74.jpg\",\"datePublished\":\"2019-09-14T19:04:57+00:00\",\"dateModified\":\"2026-04-01T07:08:43+00:00\",\"description\":\"Hunter-Regenjacke f\u00fcr die Jagd und das Leben im Freien.\",\"breadcrumb\":{\"@id\":\"https:\/\/farmerrain.com\/de\/produkt\/hunter-jacke\/#breadcrumb\"},\"inLanguage\":\"de\",\"potentialAction\":[{\"@type\":\"ReadAction\",\"target\":[\"https:\/\/farmerrain.com\/de\/produkt\/hunter-jacke\/\"]}]},{\"@type\":\"ImageObject\",\"inLanguage\":\"de\",\"@id\":\"https:\/\/farmerrain.com\/de\/produkt\/hunter-jacke\/#primaryimage\",\"url\":\"https:\/\/farmerrain.com\/wp-content\/uploads\/2019\/09\/Elin-74.jpg\",\"contentUrl\":\"https:\/\/farmerrain.com\/wp-content\/uploads\/2019\/09\/Elin-74.jpg\",\"width\":1080,\"height\":1350},{\"@type\":\"BreadcrumbList\",\"@id\":\"https:\/\/farmerrain.com\/de\/produkt\/hunter-jacke\/#breadcrumb\",\"itemListElement\":[{\"@type\":\"ListItem\",\"position\":1,\"name\":\"Shop\",\"item\":\"https:\/\/farmerrain.com\/de\/shop-2\/\"},{\"@type\":\"ListItem\",\"position\":2,\"name\":\"Hunter Jacke\"}]},{\"@type\":\"WebSite\",\"@id\":\"https:\/\/farmerrain.com\/#website\",\"url\":\"https:\/\/farmerrain.com\/\",\"name\":\"Farmerrain - H\u00e5llbara regnkl\u00e4der\",\"description\":\"Regnkl\u00e4der med fokus p\u00e5 h\u00e5llbarhet, funktionalitet och unik design.\",\"publisher\":{\"@id\":\"https:\/\/farmerrain.com\/#organization\"},\"potentialAction\":[{\"@type\":\"SearchAction\",\"target\":{\"@type\":\"EntryPoint\",\"urlTemplate\":\"https:\/\/farmerrain.com\/?s={search_term_string}\"},\"query-input\":{\"@type\":\"PropertyValueSpecification\",\"valueRequired\":true,\"valueName\":\"search_term_string\"}}],\"inLanguage\":\"de\"},{\"@type\":\"Organization\",\"@id\":\"https:\/\/farmerrain.com\/#organization\",\"name\":\"Farmerrain\",\"url\":\"https:\/\/farmerrain.com\/\",\"logo\":{\"@type\":\"ImageObject\",\"inLanguage\":\"de\",\"@id\":\"https:\/\/farmerrain.com\/#\/schema\/logo\/image\/\",\"url\":\"https:\/\/farmerrain.com\/wp-content\/uploads\/2023\/03\/fr_logo.png\",\"contentUrl\":\"https:\/\/farmerrain.com\/wp-content\/uploads\/2023\/03\/fr_logo.png\",\"width\":179,\"height\":23,\"caption\":\"Farmerrain\"},\"image\":{\"@id\":\"https:\/\/farmerrain.com\/#\/schema\/logo\/image\/\"},\"sameAs\":[\"https:\/\/www.facebook.com\/people\/Farmerrain\/100063463901438\/\"]}]}<\/script>\n<!-- \/ Yoast SEO plugin. -->","yoast_head_json":{"title":"Hunter Jacke | Farmerrain - H\u00e5llbara regnkl\u00e4der","description":"Hunter-Regenjacke f\u00fcr die Jagd und das Leben im Freien.","robots":{"index":"index","follow":"follow","max-snippet":"max-snippet:-1","max-image-preview":"max-image-preview:large","max-video-preview":"max-video-preview:-1"},"canonical":"https:\/\/farmerrain.com\/de\/produkt\/hunter-jacke\/","og_locale":"de_DE","og_type":"article","og_title":"Hunter Jacke | Farmerrain - H\u00e5llbara regnkl\u00e4der","og_description":"Hunter-Regenjacke f\u00fcr die Jagd und das Leben im Freien.","og_url":"https:\/\/farmerrain.com\/de\/produkt\/hunter-jacke\/","og_site_name":"Farmerrain - H\u00e5llbara regnkl\u00e4der","article_publisher":"https:\/\/www.facebook.com\/people\/Farmerrain\/100063463901438\/","article_modified_time":"2026-04-01T07:08:43+00:00","og_image":[{"width":1080,"height":1350,"url":"https:\/\/farmerrain.com\/wp-content\/uploads\/2019\/09\/Elin-74.jpg","type":"image\/jpeg"}],"twitter_card":"summary_large_image","twitter_misc":{"Gesch\u00e4tzte Lesezeit":"1\u00a0Minute"},"schema":{"@context":"https:\/\/schema.org","@graph":[{"@type":"WebPage","@id":"https:\/\/farmerrain.com\/de\/produkt\/hunter-jacke\/","url":"https:\/\/farmerrain.com\/de\/produkt\/hunter-jacke\/","name":"Hunter Jacke | Farmerrain - H\u00e5llbara regnkl\u00e4der","isPartOf":{"@id":"https:\/\/farmerrain.com\/#website"},"primaryImageOfPage":{"@id":"https:\/\/farmerrain.com\/de\/produkt\/hunter-jacke\/#primaryimage"},"image":{"@id":"https:\/\/farmerrain.com\/de\/produkt\/hunter-jacke\/#primaryimage"},"thumbnailUrl":"https:\/\/farmerrain.com\/wp-content\/uploads\/2019\/09\/Elin-74.jpg","datePublished":"2019-09-14T19:04:57+00:00","dateModified":"2026-04-01T07:08:43+00:00","description":"Hunter-Regenjacke f\u00fcr die Jagd und das Leben im Freien.","breadcrumb":{"@id":"https:\/\/farmerrain.com\/de\/produkt\/hunter-jacke\/#breadcrumb"},"inLanguage":"de","potentialAction":[{"@type":"ReadAction","target":["https:\/\/farmerrain.com\/de\/produkt\/hunter-jacke\/"]}]},{"@type":"ImageObject","inLanguage":"de","@id":"https:\/\/farmerrain.com\/de\/produkt\/hunter-jacke\/#primaryimage","url":"https:\/\/farmerrain.com\/wp-content\/uploads\/2019\/09\/Elin-74.jpg","contentUrl":"https:\/\/farmerrain.com\/wp-content\/uploads\/2019\/09\/Elin-74.jpg","width":1080,"height":1350},{"@type":"BreadcrumbList","@id":"https:\/\/farmerrain.com\/de\/produkt\/hunter-jacke\/#breadcrumb","itemListElement":[{"@type":"ListItem","position":1,"name":"Shop","item":"https:\/\/farmerrain.com\/de\/shop-2\/"},{"@type":"ListItem","position":2,"name":"Hunter Jacke"}]},{"@type":"WebSite","@id":"https:\/\/farmerrain.com\/#website","url":"https:\/\/farmerrain.com\/","name":"Farmerrain - H\u00e5llbara regnkl\u00e4der","description":"Regnkl\u00e4der med fokus p\u00e5 h\u00e5llbarhet, funktionalitet och unik design.","publisher":{"@id":"https:\/\/farmerrain.com\/#organization"},"potentialAction":[{"@type":"SearchAction","target":{"@type":"EntryPoint","urlTemplate":"https:\/\/farmerrain.com\/?s={search_term_string}"},"query-input":{"@type":"PropertyValueSpecification","valueRequired":true,"valueName":"search_term_string"}}],"inLanguage":"de"},{"@type":"Organization","@id":"https:\/\/farmerrain.com\/#organization","name":"Farmerrain","url":"https:\/\/farmerrain.com\/","logo":{"@type":"ImageObject","inLanguage":"de","@id":"https:\/\/farmerrain.com\/#\/schema\/logo\/image\/","url":"https:\/\/farmerrain.com\/wp-content\/uploads\/2023\/03\/fr_logo.png","contentUrl":"https:\/\/farmerrain.com\/wp-content\/uploads\/2023\/03\/fr_logo.png","width":179,"height":23,"caption":"Farmerrain"},"image":{"@id":"https:\/\/farmerrain.com\/#\/schema\/logo\/image\/"},"sameAs":["https:\/\/www.facebook.com\/people\/Farmerrain\/100063463901438\/"]}]}},"_links":{"self":[{"href":"https:\/\/farmerrain.com\/de\/wp-json\/wp\/v2\/product\/38257","targetHints":{"allow":["GET"]}}],"collection":[{"href":"https:\/\/farmerrain.com\/de\/wp-json\/wp\/v2\/product"}],"about":[{"href":"https:\/\/farmerrain.com\/de\/wp-json\/wp\/v2\/types\/product"}],"replies":[{"embeddable":true,"href":"https:\/\/farmerrain.com\/de\/wp-json\/wp\/v2\/comments?post=38257"}],"wp:featuredmedia":[{"embeddable":true,"href":"https:\/\/farmerrain.com\/de\/wp-json\/wp\/v2\/media\/61663"}],"wp:attachment":[{"href":"https:\/\/farmerrain.com\/de\/wp-json\/wp\/v2\/media?parent=38257"}],"wp:term":[{"taxonomy":"product_brand","embeddable":true,"href":"https:\/\/farmerrain.com\/de\/wp-json\/wp\/v2\/product_brand?post=38257"},{"taxonomy":"product_cat","embeddable":true,"href":"https:\/\/farmerrain.com\/de\/wp-json\/wp\/v2\/product_cat?post=38257"},{"taxonomy":"product_tag","embeddable":true,"href":"https:\/\/farmerrain.com\/de\/wp-json\/wp\/v2\/product_tag?post=38257"},{"taxonomy":"activity","embeddable":true,"href":"https:\/\/farmerrain.com\/de\/wp-json\/wp\/v2\/activity?post=38257"}],"curies":[{"name":"wp","href":"https:\/\/api.w.org\/{rel}","templated":true}]}}