{"id":38252,"date":"2019-09-14T19:17:09","date_gmt":"2019-09-14T19:17:09","guid":{"rendered":"https:\/\/farmerrain.com\/product\/hunter-midjebyxa\/"},"modified":"2026-05-04T08:51:26","modified_gmt":"2026-05-04T06:51:26","slug":"hunter-taillenhose","status":"publish","type":"product","link":"https:\/\/farmerrain.com\/de\/produkt\/hunter-taillenhose\/","title":{"rendered":"Hunter Taillenhose"},"content":{"rendered":"<p>Unisex-Taillenhose passend zur Hunter Jacke. Gummizug im Beinabschluss und signalorangefarbene Streifen hinten f\u00fcr bessere Sichtbarkeit bei der Jagd. Die Regenhose ist hinten mit L\u00fcftungsnetzen versehen und vorne offen. In der Taille mit einer hochwertigen Schnalle zu schlie\u00dfen, \u00e4hnlich wie bei den Latzhosen.<\/p>\n<p>MATERIAL<\/p>\n<p>Raintex-Stoff 470 g\/m2. \u00d6l- und k\u00e4ltebest\u00e4ndig, Wassers\u00e4ule &gt; 20000. Mit mattem Finish. Verschwei\u00dfte N\u00e4hte.<\/p>\n","protected":false},"excerpt":{"rendered":"<p>Regenhose f\u00fcr die Jagd und das Leben im Freien.<\/p>\n","protected":false},"featured_media":39536,"comment_status":"open","ping_status":"closed","template":"","meta":{"_acf_changed":false},"product_brand":[],"product_cat":[1286,1291],"product_tag":[765],"activity":[1095,1100],"class_list":{"0":"post-38252","1":"product","2":"type-product","3":"status-publish","4":"has-post-thumbnail","6":"product_cat-regenbekleidung","7":"product_cat-regenbekleidung-taillenhosen","8":"product_tag-yrkesklader-de","9":"activity-outdoor-natur","10":"activity-taillenhosen-outdoor-and-natur","12":"first","13":"instock","14":"taxable","15":"shipping-taxable","16":"purchasable","17":"product-type-variable","18":"has-default-attributes","19":"rtwpvg-product","20":"rtwpvs-product"},"acf":[],"shsp-ext":{"main":{},"variations":[]},"yoast_head":"<!-- This site is optimized with the Yoast SEO plugin v27.5 - https:\/\/yoast.com\/product\/yoast-seo-wordpress\/ -->\n<title>Hunter Taillenhose | Farmerrain - H\u00e5llbara regnkl\u00e4der<\/title>\n<meta name=\"description\" content=\"Regenhose f\u00fcr die Jagd und das Leben im Freien.\" \/>\n<meta name=\"robots\" content=\"index, follow, max-snippet:-1, max-image-preview:large, max-video-preview:-1\" \/>\n<link rel=\"canonical\" href=\"https:\/\/farmerrain.com\/de\/produkt\/hunter-taillenhose\/\" \/>\n<meta property=\"og:locale\" content=\"de_DE\" \/>\n<meta property=\"og:type\" content=\"article\" \/>\n<meta property=\"og:title\" content=\"Hunter Taillenhose | Farmerrain - H\u00e5llbara regnkl\u00e4der\" \/>\n<meta property=\"og:description\" content=\"Regenhose f\u00fcr die Jagd und das Leben im Freien.\" \/>\n<meta property=\"og:url\" content=\"https:\/\/farmerrain.com\/de\/produkt\/hunter-taillenhose\/\" \/>\n<meta property=\"og:site_name\" content=\"Farmerrain - H\u00e5llbara regnkl\u00e4der\" \/>\n<meta property=\"article:publisher\" content=\"https:\/\/www.facebook.com\/people\/Farmerrain\/100063463901438\/\" \/>\n<meta property=\"article:modified_time\" content=\"2026-05-04T06:51:26+00:00\" \/>\n<meta property=\"og:image\" content=\"https:\/\/farmerrain.com\/wp-content\/uploads\/2023\/03\/HunterBib0100Cammo1-jpg.webp\" \/>\n\t<meta property=\"og:image:width\" content=\"1040\" \/>\n\t<meta property=\"og:image:height\" content=\"1440\" \/>\n\t<meta property=\"og:image:type\" content=\"image\/jpeg\" \/>\n<meta name=\"twitter:card\" content=\"summary_large_image\" \/>\n<meta name=\"twitter:label1\" content=\"Gesch\u00e4tzte Lesezeit\" \/>\n\t<meta name=\"twitter:data1\" content=\"1\u00a0Minute\" \/>\n<script type=\"application\/ld+json\" class=\"yoast-schema-graph\">{\"@context\":\"https:\\\/\\\/schema.org\",\"@graph\":[{\"@type\":\"WebPage\",\"@id\":\"https:\\\/\\\/farmerrain.com\\\/de\\\/produkt\\\/hunter-taillenhose\\\/\",\"url\":\"https:\\\/\\\/farmerrain.com\\\/de\\\/produkt\\\/hunter-taillenhose\\\/\",\"name\":\"Hunter Taillenhose | Farmerrain - H\u00e5llbara regnkl\u00e4der\",\"isPartOf\":{\"@id\":\"https:\\\/\\\/farmerrain.com\\\/#website\"},\"primaryImageOfPage\":{\"@id\":\"https:\\\/\\\/farmerrain.com\\\/de\\\/produkt\\\/hunter-taillenhose\\\/#primaryimage\"},\"image\":{\"@id\":\"https:\\\/\\\/farmerrain.com\\\/de\\\/produkt\\\/hunter-taillenhose\\\/#primaryimage\"},\"thumbnailUrl\":\"https:\\\/\\\/farmerrain.com\\\/wp-content\\\/uploads\\\/2023\\\/03\\\/HunterBib0100Cammo1-jpg.webp\",\"datePublished\":\"2019-09-14T19:17:09+00:00\",\"dateModified\":\"2026-05-04T06:51:26+00:00\",\"description\":\"Regenhose f\u00fcr die Jagd und das Leben im Freien.\",\"breadcrumb\":{\"@id\":\"https:\\\/\\\/farmerrain.com\\\/de\\\/produkt\\\/hunter-taillenhose\\\/#breadcrumb\"},\"inLanguage\":\"de\",\"potentialAction\":[{\"@type\":\"ReadAction\",\"target\":[\"https:\\\/\\\/farmerrain.com\\\/de\\\/produkt\\\/hunter-taillenhose\\\/\"]}]},{\"@type\":\"ImageObject\",\"inLanguage\":\"de\",\"@id\":\"https:\\\/\\\/farmerrain.com\\\/de\\\/produkt\\\/hunter-taillenhose\\\/#primaryimage\",\"url\":\"https:\\\/\\\/farmerrain.com\\\/wp-content\\\/uploads\\\/2023\\\/03\\\/HunterBib0100Cammo1-jpg.webp\",\"contentUrl\":\"https:\\\/\\\/farmerrain.com\\\/wp-content\\\/uploads\\\/2023\\\/03\\\/HunterBib0100Cammo1-jpg.webp\",\"width\":1040,\"height\":1440},{\"@type\":\"BreadcrumbList\",\"@id\":\"https:\\\/\\\/farmerrain.com\\\/de\\\/produkt\\\/hunter-taillenhose\\\/#breadcrumb\",\"itemListElement\":[{\"@type\":\"ListItem\",\"position\":1,\"name\":\"Shop\",\"item\":\"https:\\\/\\\/farmerrain.com\\\/de\\\/shop-2\\\/\"},{\"@type\":\"ListItem\",\"position\":2,\"name\":\"Hunter Taillenhose\"}]},{\"@type\":\"WebSite\",\"@id\":\"https:\\\/\\\/farmerrain.com\\\/#website\",\"url\":\"https:\\\/\\\/farmerrain.com\\\/\",\"name\":\"Farmerrain - H\u00e5llbara regnkl\u00e4der\",\"description\":\"Regnkl\u00e4der med fokus p\u00e5 h\u00e5llbarhet, funktionalitet och unik design.\",\"publisher\":{\"@id\":\"https:\\\/\\\/farmerrain.com\\\/#organization\"},\"potentialAction\":[{\"@type\":\"SearchAction\",\"target\":{\"@type\":\"EntryPoint\",\"urlTemplate\":\"https:\\\/\\\/farmerrain.com\\\/?s={search_term_string}\"},\"query-input\":{\"@type\":\"PropertyValueSpecification\",\"valueRequired\":true,\"valueName\":\"search_term_string\"}}],\"inLanguage\":\"de\"},{\"@type\":\"Organization\",\"@id\":\"https:\\\/\\\/farmerrain.com\\\/#organization\",\"name\":\"Farmerrain\",\"url\":\"https:\\\/\\\/farmerrain.com\\\/\",\"logo\":{\"@type\":\"ImageObject\",\"inLanguage\":\"de\",\"@id\":\"https:\\\/\\\/farmerrain.com\\\/#\\\/schema\\\/logo\\\/image\\\/\",\"url\":\"https:\\\/\\\/farmerrain.com\\\/wp-content\\\/uploads\\\/2023\\\/03\\\/fr_logo.png\",\"contentUrl\":\"https:\\\/\\\/farmerrain.com\\\/wp-content\\\/uploads\\\/2023\\\/03\\\/fr_logo.png\",\"width\":179,\"height\":23,\"caption\":\"Farmerrain\"},\"image\":{\"@id\":\"https:\\\/\\\/farmerrain.com\\\/#\\\/schema\\\/logo\\\/image\\\/\"},\"sameAs\":[\"https:\\\/\\\/www.facebook.com\\\/people\\\/Farmerrain\\\/100063463901438\\\/\"]}]}<\/script>\n<!-- \/ Yoast SEO plugin. -->","yoast_head_json":{"title":"Hunter Taillenhose | Farmerrain - H\u00e5llbara regnkl\u00e4der","description":"Regenhose f\u00fcr die Jagd und das Leben im Freien.","robots":{"index":"index","follow":"follow","max-snippet":"max-snippet:-1","max-image-preview":"max-image-preview:large","max-video-preview":"max-video-preview:-1"},"canonical":"https:\/\/farmerrain.com\/de\/produkt\/hunter-taillenhose\/","og_locale":"de_DE","og_type":"article","og_title":"Hunter Taillenhose | Farmerrain - H\u00e5llbara regnkl\u00e4der","og_description":"Regenhose f\u00fcr die Jagd und das Leben im Freien.","og_url":"https:\/\/farmerrain.com\/de\/produkt\/hunter-taillenhose\/","og_site_name":"Farmerrain - H\u00e5llbara regnkl\u00e4der","article_publisher":"https:\/\/www.facebook.com\/people\/Farmerrain\/100063463901438\/","article_modified_time":"2026-05-04T06:51:26+00:00","og_image":[{"width":1040,"height":1440,"url":"https:\/\/farmerrain.com\/wp-content\/uploads\/2023\/03\/HunterBib0100Cammo1-jpg.webp","type":"image\/jpeg"}],"twitter_card":"summary_large_image","twitter_misc":{"Gesch\u00e4tzte Lesezeit":"1\u00a0Minute"},"schema":{"@context":"https:\/\/schema.org","@graph":[{"@type":"WebPage","@id":"https:\/\/farmerrain.com\/de\/produkt\/hunter-taillenhose\/","url":"https:\/\/farmerrain.com\/de\/produkt\/hunter-taillenhose\/","name":"Hunter Taillenhose | Farmerrain - H\u00e5llbara regnkl\u00e4der","isPartOf":{"@id":"https:\/\/farmerrain.com\/#website"},"primaryImageOfPage":{"@id":"https:\/\/farmerrain.com\/de\/produkt\/hunter-taillenhose\/#primaryimage"},"image":{"@id":"https:\/\/farmerrain.com\/de\/produkt\/hunter-taillenhose\/#primaryimage"},"thumbnailUrl":"https:\/\/farmerrain.com\/wp-content\/uploads\/2023\/03\/HunterBib0100Cammo1-jpg.webp","datePublished":"2019-09-14T19:17:09+00:00","dateModified":"2026-05-04T06:51:26+00:00","description":"Regenhose f\u00fcr die Jagd und das Leben im Freien.","breadcrumb":{"@id":"https:\/\/farmerrain.com\/de\/produkt\/hunter-taillenhose\/#breadcrumb"},"inLanguage":"de","potentialAction":[{"@type":"ReadAction","target":["https:\/\/farmerrain.com\/de\/produkt\/hunter-taillenhose\/"]}]},{"@type":"ImageObject","inLanguage":"de","@id":"https:\/\/farmerrain.com\/de\/produkt\/hunter-taillenhose\/#primaryimage","url":"https:\/\/farmerrain.com\/wp-content\/uploads\/2023\/03\/HunterBib0100Cammo1-jpg.webp","contentUrl":"https:\/\/farmerrain.com\/wp-content\/uploads\/2023\/03\/HunterBib0100Cammo1-jpg.webp","width":1040,"height":1440},{"@type":"BreadcrumbList","@id":"https:\/\/farmerrain.com\/de\/produkt\/hunter-taillenhose\/#breadcrumb","itemListElement":[{"@type":"ListItem","position":1,"name":"Shop","item":"https:\/\/farmerrain.com\/de\/shop-2\/"},{"@type":"ListItem","position":2,"name":"Hunter Taillenhose"}]},{"@type":"WebSite","@id":"https:\/\/farmerrain.com\/#website","url":"https:\/\/farmerrain.com\/","name":"Farmerrain - H\u00e5llbara regnkl\u00e4der","description":"Regnkl\u00e4der med fokus p\u00e5 h\u00e5llbarhet, funktionalitet och unik design.","publisher":{"@id":"https:\/\/farmerrain.com\/#organization"},"potentialAction":[{"@type":"SearchAction","target":{"@type":"EntryPoint","urlTemplate":"https:\/\/farmerrain.com\/?s={search_term_string}"},"query-input":{"@type":"PropertyValueSpecification","valueRequired":true,"valueName":"search_term_string"}}],"inLanguage":"de"},{"@type":"Organization","@id":"https:\/\/farmerrain.com\/#organization","name":"Farmerrain","url":"https:\/\/farmerrain.com\/","logo":{"@type":"ImageObject","inLanguage":"de","@id":"https:\/\/farmerrain.com\/#\/schema\/logo\/image\/","url":"https:\/\/farmerrain.com\/wp-content\/uploads\/2023\/03\/fr_logo.png","contentUrl":"https:\/\/farmerrain.com\/wp-content\/uploads\/2023\/03\/fr_logo.png","width":179,"height":23,"caption":"Farmerrain"},"image":{"@id":"https:\/\/farmerrain.com\/#\/schema\/logo\/image\/"},"sameAs":["https:\/\/www.facebook.com\/people\/Farmerrain\/100063463901438\/"]}]}},"_links":{"self":[{"href":"https:\/\/farmerrain.com\/de\/wp-json\/wp\/v2\/product\/38252","targetHints":{"allow":["GET"]}}],"collection":[{"href":"https:\/\/farmerrain.com\/de\/wp-json\/wp\/v2\/product"}],"about":[{"href":"https:\/\/farmerrain.com\/de\/wp-json\/wp\/v2\/types\/product"}],"replies":[{"embeddable":true,"href":"https:\/\/farmerrain.com\/de\/wp-json\/wp\/v2\/comments?post=38252"}],"wp:featuredmedia":[{"embeddable":true,"href":"https:\/\/farmerrain.com\/de\/wp-json\/wp\/v2\/media\/39536"}],"wp:attachment":[{"href":"https:\/\/farmerrain.com\/de\/wp-json\/wp\/v2\/media?parent=38252"}],"wp:term":[{"taxonomy":"product_brand","embeddable":true,"href":"https:\/\/farmerrain.com\/de\/wp-json\/wp\/v2\/product_brand?post=38252"},{"taxonomy":"product_cat","embeddable":true,"href":"https:\/\/farmerrain.com\/de\/wp-json\/wp\/v2\/product_cat?post=38252"},{"taxonomy":"product_tag","embeddable":true,"href":"https:\/\/farmerrain.com\/de\/wp-json\/wp\/v2\/product_tag?post=38252"},{"taxonomy":"activity","embeddable":true,"href":"https:\/\/farmerrain.com\/de\/wp-json\/wp\/v2\/activity?post=38252"}],"curies":[{"name":"wp","href":"https:\/\/api.w.org\/{rel}","templated":true}]}}