{"id":37961,"date":"2019-09-18T09:13:47","date_gmt":"2019-09-18T09:13:47","guid":{"rendered":"https:\/\/farmerrain.com\/product\/forklade\/"},"modified":"2026-05-09T12:15:20","modified_gmt":"2026-05-09T10:15:20","slug":"armellose-kurze-schurze-mit-vollstandiger-abdeckung","status":"publish","type":"product","link":"https:\/\/farmerrain.com\/de\/produkt\/armellose-kurze-schurze-mit-vollstandiger-abdeckung\/","title":{"rendered":"\u00c4rmellose kurze Sch\u00fcrze mit vollst\u00e4ndiger Abdeckung"},"content":{"rendered":"<p>\u00c4rmellose kurze Sch\u00fcrze mit vollst\u00e4ndiger Abdeckung,<\/p>\n<p>Druckkn\u00f6pfe an den verstellbaren Schulterverschl\u00fcssen.<\/p>\n<p>Verschwei\u00dfte N\u00e4hte.<\/p>\n<p>MATERIAL<\/p>\n<p>Biovinyl+ Gloss 400g \/ m2.<\/p>\n<p>K\u00e4ltebest\u00e4ndig,<\/p>\n<p>Wassers\u00e4ule 20000 mm<\/p>\n<p>&nbsp;<\/p>\n","protected":false},"excerpt":{"rendered":"<p>Sch\u00fcrze im geradlinigen klassischen Design.<\/p>\n","protected":false},"featured_media":42103,"comment_status":"open","ping_status":"closed","template":"","meta":{"_acf_changed":false},"product_brand":[],"product_cat":[1286,1288],"product_tag":[765],"activity":[1070,1113,1130,1128],"class_list":{"0":"post-37961","1":"product","2":"type-product","3":"status-publish","4":"has-post-thumbnail","6":"product_cat-regenbekleidung","7":"product_cat-regenjacken-schuerzen","8":"product_tag-yrkesklader-de","9":"activity-outdoor-arbeit","10":"activity-schurzen-outdoor-arbeit","11":"activity-schurzen-stall-and-landleben","12":"activity-stall-landleben","14":"first","15":"instock","16":"taxable","17":"shipping-taxable","18":"purchasable","19":"product-type-variable","20":"has-default-attributes","21":"rtwpvg-product","22":"rtwpvs-product"},"acf":[],"shsp-ext":{"main":{},"variations":[]},"yoast_head":"<!-- This site is optimized with the Yoast SEO plugin v27.5 - https:\/\/yoast.com\/product\/yoast-seo-wordpress\/ -->\n<title>Wasserdichte Sch\u00fcrze \u00e4rmellos - volle Abdeckung | Farmerrain<\/title>\n<meta name=\"description\" content=\"\u00c4rmellose Profi-Sch\u00fcrze aus Biovinyl+ mit verschwei\u00dften N\u00e4hten und 20.000 mm Wassers\u00e4ule. Online bestellen.\" \/>\n<meta name=\"robots\" content=\"index, follow, max-snippet:-1, max-image-preview:large, max-video-preview:-1\" \/>\n<link rel=\"canonical\" href=\"https:\/\/farmerrain.com\/de\/produkt\/armellose-kurze-schurze-mit-vollstandiger-abdeckung\/\" \/>\n<meta property=\"og:locale\" content=\"de_DE\" \/>\n<meta property=\"og:type\" content=\"article\" \/>\n<meta property=\"og:title\" content=\"Wasserdichte Sch\u00fcrze \u00e4rmellos - volle Abdeckung | Farmerrain\" \/>\n<meta property=\"og:description\" content=\"\u00c4rmellose Profi-Sch\u00fcrze aus Biovinyl+ mit verschwei\u00dften N\u00e4hten und 20.000 mm Wassers\u00e4ule. Online bestellen.\" \/>\n<meta property=\"og:url\" content=\"https:\/\/farmerrain.com\/de\/produkt\/armellose-kurze-schurze-mit-vollstandiger-abdeckung\/\" \/>\n<meta property=\"og:site_name\" content=\"Farmerrain - H\u00e5llbara regnkl\u00e4der\" \/>\n<meta property=\"article:publisher\" content=\"https:\/\/www.facebook.com\/people\/Farmerrain\/100063463901438\/\" \/>\n<meta property=\"article:modified_time\" content=\"2026-05-09T10:15:20+00:00\" \/>\n<meta property=\"og:image\" content=\"https:\/\/farmerrain.com\/wp-content\/uploads\/2023\/03\/DSC1984-1.webp\" \/>\n\t<meta property=\"og:image:width\" content=\"1040\" \/>\n\t<meta property=\"og:image:height\" content=\"1662\" \/>\n\t<meta property=\"og:image:type\" content=\"image\/webp\" \/>\n<meta name=\"twitter:card\" content=\"summary_large_image\" \/>\n<meta name=\"twitter:label1\" content=\"Gesch\u00e4tzte Lesezeit\" \/>\n\t<meta name=\"twitter:data1\" content=\"1\u00a0Minute\" \/>\n<script type=\"application\/ld+json\" class=\"yoast-schema-graph\">{\"@context\":\"https:\\\/\\\/schema.org\",\"@graph\":[{\"@type\":\"WebPage\",\"@id\":\"https:\\\/\\\/farmerrain.com\\\/de\\\/produkt\\\/armellose-kurze-schurze-mit-vollstandiger-abdeckung\\\/\",\"url\":\"https:\\\/\\\/farmerrain.com\\\/de\\\/produkt\\\/armellose-kurze-schurze-mit-vollstandiger-abdeckung\\\/\",\"name\":\"Wasserdichte Sch\u00fcrze \u00e4rmellos - volle Abdeckung | Farmerrain\",\"isPartOf\":{\"@id\":\"https:\\\/\\\/farmerrain.com\\\/#website\"},\"primaryImageOfPage\":{\"@id\":\"https:\\\/\\\/farmerrain.com\\\/de\\\/produkt\\\/armellose-kurze-schurze-mit-vollstandiger-abdeckung\\\/#primaryimage\"},\"image\":{\"@id\":\"https:\\\/\\\/farmerrain.com\\\/de\\\/produkt\\\/armellose-kurze-schurze-mit-vollstandiger-abdeckung\\\/#primaryimage\"},\"thumbnailUrl\":\"https:\\\/\\\/farmerrain.com\\\/wp-content\\\/uploads\\\/2023\\\/03\\\/DSC1984-1.webp\",\"datePublished\":\"2019-09-18T09:13:47+00:00\",\"dateModified\":\"2026-05-09T10:15:20+00:00\",\"description\":\"\u00c4rmellose Profi-Sch\u00fcrze aus Biovinyl+ mit verschwei\u00dften N\u00e4hten und 20.000 mm Wassers\u00e4ule. Online bestellen.\",\"breadcrumb\":{\"@id\":\"https:\\\/\\\/farmerrain.com\\\/de\\\/produkt\\\/armellose-kurze-schurze-mit-vollstandiger-abdeckung\\\/#breadcrumb\"},\"inLanguage\":\"de\",\"potentialAction\":[{\"@type\":\"ReadAction\",\"target\":[\"https:\\\/\\\/farmerrain.com\\\/de\\\/produkt\\\/armellose-kurze-schurze-mit-vollstandiger-abdeckung\\\/\"]}]},{\"@type\":\"ImageObject\",\"inLanguage\":\"de\",\"@id\":\"https:\\\/\\\/farmerrain.com\\\/de\\\/produkt\\\/armellose-kurze-schurze-mit-vollstandiger-abdeckung\\\/#primaryimage\",\"url\":\"https:\\\/\\\/farmerrain.com\\\/wp-content\\\/uploads\\\/2023\\\/03\\\/DSC1984-1.webp\",\"contentUrl\":\"https:\\\/\\\/farmerrain.com\\\/wp-content\\\/uploads\\\/2023\\\/03\\\/DSC1984-1.webp\",\"width\":1040,\"height\":1662},{\"@type\":\"BreadcrumbList\",\"@id\":\"https:\\\/\\\/farmerrain.com\\\/de\\\/produkt\\\/armellose-kurze-schurze-mit-vollstandiger-abdeckung\\\/#breadcrumb\",\"itemListElement\":[{\"@type\":\"ListItem\",\"position\":1,\"name\":\"Shop\",\"item\":\"https:\\\/\\\/farmerrain.com\\\/de\\\/shop-2\\\/\"},{\"@type\":\"ListItem\",\"position\":2,\"name\":\"\u00c4rmellose kurze Sch\u00fcrze mit vollst\u00e4ndiger Abdeckung\"}]},{\"@type\":\"WebSite\",\"@id\":\"https:\\\/\\\/farmerrain.com\\\/#website\",\"url\":\"https:\\\/\\\/farmerrain.com\\\/\",\"name\":\"Farmerrain - H\u00e5llbara regnkl\u00e4der\",\"description\":\"Regnkl\u00e4der med fokus p\u00e5 h\u00e5llbarhet, funktionalitet och unik design.\",\"publisher\":{\"@id\":\"https:\\\/\\\/farmerrain.com\\\/#organization\"},\"potentialAction\":[{\"@type\":\"SearchAction\",\"target\":{\"@type\":\"EntryPoint\",\"urlTemplate\":\"https:\\\/\\\/farmerrain.com\\\/?s={search_term_string}\"},\"query-input\":{\"@type\":\"PropertyValueSpecification\",\"valueRequired\":true,\"valueName\":\"search_term_string\"}}],\"inLanguage\":\"de\"},{\"@type\":\"Organization\",\"@id\":\"https:\\\/\\\/farmerrain.com\\\/#organization\",\"name\":\"Farmerrain\",\"url\":\"https:\\\/\\\/farmerrain.com\\\/\",\"logo\":{\"@type\":\"ImageObject\",\"inLanguage\":\"de\",\"@id\":\"https:\\\/\\\/farmerrain.com\\\/#\\\/schema\\\/logo\\\/image\\\/\",\"url\":\"https:\\\/\\\/farmerrain.com\\\/wp-content\\\/uploads\\\/2023\\\/03\\\/fr_logo.png\",\"contentUrl\":\"https:\\\/\\\/farmerrain.com\\\/wp-content\\\/uploads\\\/2023\\\/03\\\/fr_logo.png\",\"width\":179,\"height\":23,\"caption\":\"Farmerrain\"},\"image\":{\"@id\":\"https:\\\/\\\/farmerrain.com\\\/#\\\/schema\\\/logo\\\/image\\\/\"},\"sameAs\":[\"https:\\\/\\\/www.facebook.com\\\/people\\\/Farmerrain\\\/100063463901438\\\/\"]}]}<\/script>\n<!-- \/ Yoast SEO plugin. -->","yoast_head_json":{"title":"Wasserdichte Sch\u00fcrze \u00e4rmellos - volle Abdeckung | Farmerrain","description":"\u00c4rmellose Profi-Sch\u00fcrze aus Biovinyl+ mit verschwei\u00dften N\u00e4hten und 20.000 mm Wassers\u00e4ule. Online bestellen.","robots":{"index":"index","follow":"follow","max-snippet":"max-snippet:-1","max-image-preview":"max-image-preview:large","max-video-preview":"max-video-preview:-1"},"canonical":"https:\/\/farmerrain.com\/de\/produkt\/armellose-kurze-schurze-mit-vollstandiger-abdeckung\/","og_locale":"de_DE","og_type":"article","og_title":"Wasserdichte Sch\u00fcrze \u00e4rmellos - volle Abdeckung | Farmerrain","og_description":"\u00c4rmellose Profi-Sch\u00fcrze aus Biovinyl+ mit verschwei\u00dften N\u00e4hten und 20.000 mm Wassers\u00e4ule. Online bestellen.","og_url":"https:\/\/farmerrain.com\/de\/produkt\/armellose-kurze-schurze-mit-vollstandiger-abdeckung\/","og_site_name":"Farmerrain - H\u00e5llbara regnkl\u00e4der","article_publisher":"https:\/\/www.facebook.com\/people\/Farmerrain\/100063463901438\/","article_modified_time":"2026-05-09T10:15:20+00:00","og_image":[{"width":1040,"height":1662,"url":"https:\/\/farmerrain.com\/wp-content\/uploads\/2023\/03\/DSC1984-1.webp","type":"image\/webp"}],"twitter_card":"summary_large_image","twitter_misc":{"Gesch\u00e4tzte Lesezeit":"1\u00a0Minute"},"schema":{"@context":"https:\/\/schema.org","@graph":[{"@type":"WebPage","@id":"https:\/\/farmerrain.com\/de\/produkt\/armellose-kurze-schurze-mit-vollstandiger-abdeckung\/","url":"https:\/\/farmerrain.com\/de\/produkt\/armellose-kurze-schurze-mit-vollstandiger-abdeckung\/","name":"Wasserdichte Sch\u00fcrze \u00e4rmellos - volle Abdeckung | Farmerrain","isPartOf":{"@id":"https:\/\/farmerrain.com\/#website"},"primaryImageOfPage":{"@id":"https:\/\/farmerrain.com\/de\/produkt\/armellose-kurze-schurze-mit-vollstandiger-abdeckung\/#primaryimage"},"image":{"@id":"https:\/\/farmerrain.com\/de\/produkt\/armellose-kurze-schurze-mit-vollstandiger-abdeckung\/#primaryimage"},"thumbnailUrl":"https:\/\/farmerrain.com\/wp-content\/uploads\/2023\/03\/DSC1984-1.webp","datePublished":"2019-09-18T09:13:47+00:00","dateModified":"2026-05-09T10:15:20+00:00","description":"\u00c4rmellose Profi-Sch\u00fcrze aus Biovinyl+ mit verschwei\u00dften N\u00e4hten und 20.000 mm Wassers\u00e4ule. Online bestellen.","breadcrumb":{"@id":"https:\/\/farmerrain.com\/de\/produkt\/armellose-kurze-schurze-mit-vollstandiger-abdeckung\/#breadcrumb"},"inLanguage":"de","potentialAction":[{"@type":"ReadAction","target":["https:\/\/farmerrain.com\/de\/produkt\/armellose-kurze-schurze-mit-vollstandiger-abdeckung\/"]}]},{"@type":"ImageObject","inLanguage":"de","@id":"https:\/\/farmerrain.com\/de\/produkt\/armellose-kurze-schurze-mit-vollstandiger-abdeckung\/#primaryimage","url":"https:\/\/farmerrain.com\/wp-content\/uploads\/2023\/03\/DSC1984-1.webp","contentUrl":"https:\/\/farmerrain.com\/wp-content\/uploads\/2023\/03\/DSC1984-1.webp","width":1040,"height":1662},{"@type":"BreadcrumbList","@id":"https:\/\/farmerrain.com\/de\/produkt\/armellose-kurze-schurze-mit-vollstandiger-abdeckung\/#breadcrumb","itemListElement":[{"@type":"ListItem","position":1,"name":"Shop","item":"https:\/\/farmerrain.com\/de\/shop-2\/"},{"@type":"ListItem","position":2,"name":"\u00c4rmellose kurze Sch\u00fcrze mit vollst\u00e4ndiger Abdeckung"}]},{"@type":"WebSite","@id":"https:\/\/farmerrain.com\/#website","url":"https:\/\/farmerrain.com\/","name":"Farmerrain - H\u00e5llbara regnkl\u00e4der","description":"Regnkl\u00e4der med fokus p\u00e5 h\u00e5llbarhet, funktionalitet och unik design.","publisher":{"@id":"https:\/\/farmerrain.com\/#organization"},"potentialAction":[{"@type":"SearchAction","target":{"@type":"EntryPoint","urlTemplate":"https:\/\/farmerrain.com\/?s={search_term_string}"},"query-input":{"@type":"PropertyValueSpecification","valueRequired":true,"valueName":"search_term_string"}}],"inLanguage":"de"},{"@type":"Organization","@id":"https:\/\/farmerrain.com\/#organization","name":"Farmerrain","url":"https:\/\/farmerrain.com\/","logo":{"@type":"ImageObject","inLanguage":"de","@id":"https:\/\/farmerrain.com\/#\/schema\/logo\/image\/","url":"https:\/\/farmerrain.com\/wp-content\/uploads\/2023\/03\/fr_logo.png","contentUrl":"https:\/\/farmerrain.com\/wp-content\/uploads\/2023\/03\/fr_logo.png","width":179,"height":23,"caption":"Farmerrain"},"image":{"@id":"https:\/\/farmerrain.com\/#\/schema\/logo\/image\/"},"sameAs":["https:\/\/www.facebook.com\/people\/Farmerrain\/100063463901438\/"]}]}},"_links":{"self":[{"href":"https:\/\/farmerrain.com\/de\/wp-json\/wp\/v2\/product\/37961","targetHints":{"allow":["GET"]}}],"collection":[{"href":"https:\/\/farmerrain.com\/de\/wp-json\/wp\/v2\/product"}],"about":[{"href":"https:\/\/farmerrain.com\/de\/wp-json\/wp\/v2\/types\/product"}],"replies":[{"embeddable":true,"href":"https:\/\/farmerrain.com\/de\/wp-json\/wp\/v2\/comments?post=37961"}],"wp:featuredmedia":[{"embeddable":true,"href":"https:\/\/farmerrain.com\/de\/wp-json\/wp\/v2\/media\/42103"}],"wp:attachment":[{"href":"https:\/\/farmerrain.com\/de\/wp-json\/wp\/v2\/media?parent=37961"}],"wp:term":[{"taxonomy":"product_brand","embeddable":true,"href":"https:\/\/farmerrain.com\/de\/wp-json\/wp\/v2\/product_brand?post=37961"},{"taxonomy":"product_cat","embeddable":true,"href":"https:\/\/farmerrain.com\/de\/wp-json\/wp\/v2\/product_cat?post=37961"},{"taxonomy":"product_tag","embeddable":true,"href":"https:\/\/farmerrain.com\/de\/wp-json\/wp\/v2\/product_tag?post=37961"},{"taxonomy":"activity","embeddable":true,"href":"https:\/\/farmerrain.com\/de\/wp-json\/wp\/v2\/activity?post=37961"}],"curies":[{"name":"wp","href":"https:\/\/api.w.org\/{rel}","templated":true}]}}