{"id":37919,"date":"2019-09-18T19:46:09","date_gmt":"2019-09-18T19:46:09","guid":{"rendered":"https:\/\/farmerrain.com\/product\/forklade-lang\/"},"modified":"2026-05-04T08:51:25","modified_gmt":"2026-05-04T06:51:25","slug":"kurzarmlige-vollflachige-schurze","status":"publish","type":"product","link":"https:\/\/farmerrain.com\/de\/produkt\/kurzarmlige-vollflachige-schurze\/","title":{"rendered":"Kurz\u00e4rmlige, vollfl\u00e4chige Sch\u00fcrze"},"content":{"rendered":"<p>Kurz\u00e4rmlige, vollfl\u00e4chige Sch\u00fcrze, mit Schlitz im R\u00fccken und kontrastierender Kantenverst\u00e4rkung.<\/p>\n<p>MATERIAL<\/p>\n<p>Biovinyl 430 g\/m\u00b2. \u00d6lbest\u00e4ndig, Wassers\u00e4ule &gt; 20000.<\/p>\n<p>&nbsp;<\/p>\n","protected":false},"excerpt":{"rendered":"<p>Lange Sch\u00fcrze mit praktischen Details.<\/p>\n","protected":false},"featured_media":75449,"comment_status":"open","ping_status":"closed","template":"","meta":{"_acf_changed":false},"product_brand":[],"product_cat":[1286,1288],"product_tag":[765],"activity":[1070,1113,1130,1128],"class_list":{"0":"post-37919","1":"product","2":"type-product","3":"status-publish","4":"has-post-thumbnail","6":"product_cat-regenbekleidung","7":"product_cat-regenjacken-schuerzen","8":"product_tag-yrkesklader-de","9":"activity-outdoor-arbeit","10":"activity-schurzen-outdoor-arbeit","11":"activity-schurzen-stall-and-landleben","12":"activity-stall-landleben","14":"first","15":"instock","16":"taxable","17":"shipping-taxable","18":"purchasable","19":"product-type-variable","20":"has-default-attributes","21":"rtwpvg-product","22":"rtwpvs-product"},"acf":[],"shsp-ext":{"main":{},"variations":[]},"yoast_head":"<!-- This site is optimized with the Yoast SEO plugin v27.5 - https:\/\/yoast.com\/product\/yoast-seo-wordpress\/ -->\n<title>Kurz\u00e4rmlige, vollfl\u00e4chige Sch\u00fcrze | Farmerrain - H\u00e5llbara regnkl\u00e4der<\/title>\n<meta name=\"description\" content=\"Lange Sch\u00fcrze mit praktischen Details.\" \/>\n<meta name=\"robots\" content=\"index, follow, max-snippet:-1, max-image-preview:large, max-video-preview:-1\" \/>\n<link rel=\"canonical\" href=\"https:\/\/farmerrain.com\/de\/produkt\/kurzarmlige-vollflachige-schurze\/\" \/>\n<meta property=\"og:locale\" content=\"de_DE\" \/>\n<meta property=\"og:type\" content=\"article\" \/>\n<meta property=\"og:title\" content=\"Kurz\u00e4rmlige, vollfl\u00e4chige Sch\u00fcrze | Farmerrain - H\u00e5llbara regnkl\u00e4der\" \/>\n<meta property=\"og:description\" content=\"Lange Sch\u00fcrze mit praktischen Details.\" \/>\n<meta property=\"og:url\" content=\"https:\/\/farmerrain.com\/de\/produkt\/kurzarmlige-vollflachige-schurze\/\" \/>\n<meta property=\"og:site_name\" content=\"Farmerrain - H\u00e5llbara regnkl\u00e4der\" \/>\n<meta property=\"article:publisher\" content=\"https:\/\/www.facebook.com\/people\/Farmerrain\/100063463901438\/\" \/>\n<meta property=\"article:modified_time\" content=\"2026-05-04T06:51:25+00:00\" \/>\n<meta property=\"og:image\" content=\"https:\/\/farmerrain.com\/wp-content\/uploads\/2019\/09\/Elin-73.jpg\" \/>\n\t<meta property=\"og:image:width\" content=\"1080\" \/>\n\t<meta property=\"og:image:height\" content=\"1350\" \/>\n\t<meta property=\"og:image:type\" content=\"image\/jpeg\" \/>\n<meta name=\"twitter:card\" content=\"summary_large_image\" \/>\n<meta name=\"twitter:label1\" content=\"Gesch\u00e4tzte Lesezeit\" \/>\n\t<meta name=\"twitter:data1\" content=\"1\u00a0Minute\" \/>\n<script type=\"application\/ld+json\" class=\"yoast-schema-graph\">{\"@context\":\"https:\\\/\\\/schema.org\",\"@graph\":[{\"@type\":\"WebPage\",\"@id\":\"https:\\\/\\\/farmerrain.com\\\/de\\\/produkt\\\/kurzarmlige-vollflachige-schurze\\\/\",\"url\":\"https:\\\/\\\/farmerrain.com\\\/de\\\/produkt\\\/kurzarmlige-vollflachige-schurze\\\/\",\"name\":\"Kurz\u00e4rmlige, vollfl\u00e4chige Sch\u00fcrze | Farmerrain - H\u00e5llbara regnkl\u00e4der\",\"isPartOf\":{\"@id\":\"https:\\\/\\\/farmerrain.com\\\/#website\"},\"primaryImageOfPage\":{\"@id\":\"https:\\\/\\\/farmerrain.com\\\/de\\\/produkt\\\/kurzarmlige-vollflachige-schurze\\\/#primaryimage\"},\"image\":{\"@id\":\"https:\\\/\\\/farmerrain.com\\\/de\\\/produkt\\\/kurzarmlige-vollflachige-schurze\\\/#primaryimage\"},\"thumbnailUrl\":\"https:\\\/\\\/farmerrain.com\\\/wp-content\\\/uploads\\\/2019\\\/09\\\/Elin-73.jpg\",\"datePublished\":\"2019-09-18T19:46:09+00:00\",\"dateModified\":\"2026-05-04T06:51:25+00:00\",\"description\":\"Lange Sch\u00fcrze mit praktischen Details.\",\"breadcrumb\":{\"@id\":\"https:\\\/\\\/farmerrain.com\\\/de\\\/produkt\\\/kurzarmlige-vollflachige-schurze\\\/#breadcrumb\"},\"inLanguage\":\"de\",\"potentialAction\":[{\"@type\":\"ReadAction\",\"target\":[\"https:\\\/\\\/farmerrain.com\\\/de\\\/produkt\\\/kurzarmlige-vollflachige-schurze\\\/\"]}]},{\"@type\":\"ImageObject\",\"inLanguage\":\"de\",\"@id\":\"https:\\\/\\\/farmerrain.com\\\/de\\\/produkt\\\/kurzarmlige-vollflachige-schurze\\\/#primaryimage\",\"url\":\"https:\\\/\\\/farmerrain.com\\\/wp-content\\\/uploads\\\/2019\\\/09\\\/Elin-73.jpg\",\"contentUrl\":\"https:\\\/\\\/farmerrain.com\\\/wp-content\\\/uploads\\\/2019\\\/09\\\/Elin-73.jpg\",\"width\":1080,\"height\":1350},{\"@type\":\"BreadcrumbList\",\"@id\":\"https:\\\/\\\/farmerrain.com\\\/de\\\/produkt\\\/kurzarmlige-vollflachige-schurze\\\/#breadcrumb\",\"itemListElement\":[{\"@type\":\"ListItem\",\"position\":1,\"name\":\"Shop\",\"item\":\"https:\\\/\\\/farmerrain.com\\\/de\\\/shop-2\\\/\"},{\"@type\":\"ListItem\",\"position\":2,\"name\":\"Kurz\u00e4rmlige, vollfl\u00e4chige Sch\u00fcrze\"}]},{\"@type\":\"WebSite\",\"@id\":\"https:\\\/\\\/farmerrain.com\\\/#website\",\"url\":\"https:\\\/\\\/farmerrain.com\\\/\",\"name\":\"Farmerrain - H\u00e5llbara regnkl\u00e4der\",\"description\":\"Regnkl\u00e4der med fokus p\u00e5 h\u00e5llbarhet, funktionalitet och unik design.\",\"publisher\":{\"@id\":\"https:\\\/\\\/farmerrain.com\\\/#organization\"},\"potentialAction\":[{\"@type\":\"SearchAction\",\"target\":{\"@type\":\"EntryPoint\",\"urlTemplate\":\"https:\\\/\\\/farmerrain.com\\\/?s={search_term_string}\"},\"query-input\":{\"@type\":\"PropertyValueSpecification\",\"valueRequired\":true,\"valueName\":\"search_term_string\"}}],\"inLanguage\":\"de\"},{\"@type\":\"Organization\",\"@id\":\"https:\\\/\\\/farmerrain.com\\\/#organization\",\"name\":\"Farmerrain\",\"url\":\"https:\\\/\\\/farmerrain.com\\\/\",\"logo\":{\"@type\":\"ImageObject\",\"inLanguage\":\"de\",\"@id\":\"https:\\\/\\\/farmerrain.com\\\/#\\\/schema\\\/logo\\\/image\\\/\",\"url\":\"https:\\\/\\\/farmerrain.com\\\/wp-content\\\/uploads\\\/2023\\\/03\\\/fr_logo.png\",\"contentUrl\":\"https:\\\/\\\/farmerrain.com\\\/wp-content\\\/uploads\\\/2023\\\/03\\\/fr_logo.png\",\"width\":179,\"height\":23,\"caption\":\"Farmerrain\"},\"image\":{\"@id\":\"https:\\\/\\\/farmerrain.com\\\/#\\\/schema\\\/logo\\\/image\\\/\"},\"sameAs\":[\"https:\\\/\\\/www.facebook.com\\\/people\\\/Farmerrain\\\/100063463901438\\\/\"]}]}<\/script>\n<!-- \/ Yoast SEO plugin. -->","yoast_head_json":{"title":"Kurz\u00e4rmlige, vollfl\u00e4chige Sch\u00fcrze | Farmerrain - H\u00e5llbara regnkl\u00e4der","description":"Lange Sch\u00fcrze mit praktischen Details.","robots":{"index":"index","follow":"follow","max-snippet":"max-snippet:-1","max-image-preview":"max-image-preview:large","max-video-preview":"max-video-preview:-1"},"canonical":"https:\/\/farmerrain.com\/de\/produkt\/kurzarmlige-vollflachige-schurze\/","og_locale":"de_DE","og_type":"article","og_title":"Kurz\u00e4rmlige, vollfl\u00e4chige Sch\u00fcrze | Farmerrain - H\u00e5llbara regnkl\u00e4der","og_description":"Lange Sch\u00fcrze mit praktischen Details.","og_url":"https:\/\/farmerrain.com\/de\/produkt\/kurzarmlige-vollflachige-schurze\/","og_site_name":"Farmerrain - H\u00e5llbara regnkl\u00e4der","article_publisher":"https:\/\/www.facebook.com\/people\/Farmerrain\/100063463901438\/","article_modified_time":"2026-05-04T06:51:25+00:00","og_image":[{"width":1080,"height":1350,"url":"https:\/\/farmerrain.com\/wp-content\/uploads\/2019\/09\/Elin-73.jpg","type":"image\/jpeg"}],"twitter_card":"summary_large_image","twitter_misc":{"Gesch\u00e4tzte Lesezeit":"1\u00a0Minute"},"schema":{"@context":"https:\/\/schema.org","@graph":[{"@type":"WebPage","@id":"https:\/\/farmerrain.com\/de\/produkt\/kurzarmlige-vollflachige-schurze\/","url":"https:\/\/farmerrain.com\/de\/produkt\/kurzarmlige-vollflachige-schurze\/","name":"Kurz\u00e4rmlige, vollfl\u00e4chige Sch\u00fcrze | Farmerrain - H\u00e5llbara regnkl\u00e4der","isPartOf":{"@id":"https:\/\/farmerrain.com\/#website"},"primaryImageOfPage":{"@id":"https:\/\/farmerrain.com\/de\/produkt\/kurzarmlige-vollflachige-schurze\/#primaryimage"},"image":{"@id":"https:\/\/farmerrain.com\/de\/produkt\/kurzarmlige-vollflachige-schurze\/#primaryimage"},"thumbnailUrl":"https:\/\/farmerrain.com\/wp-content\/uploads\/2019\/09\/Elin-73.jpg","datePublished":"2019-09-18T19:46:09+00:00","dateModified":"2026-05-04T06:51:25+00:00","description":"Lange Sch\u00fcrze mit praktischen Details.","breadcrumb":{"@id":"https:\/\/farmerrain.com\/de\/produkt\/kurzarmlige-vollflachige-schurze\/#breadcrumb"},"inLanguage":"de","potentialAction":[{"@type":"ReadAction","target":["https:\/\/farmerrain.com\/de\/produkt\/kurzarmlige-vollflachige-schurze\/"]}]},{"@type":"ImageObject","inLanguage":"de","@id":"https:\/\/farmerrain.com\/de\/produkt\/kurzarmlige-vollflachige-schurze\/#primaryimage","url":"https:\/\/farmerrain.com\/wp-content\/uploads\/2019\/09\/Elin-73.jpg","contentUrl":"https:\/\/farmerrain.com\/wp-content\/uploads\/2019\/09\/Elin-73.jpg","width":1080,"height":1350},{"@type":"BreadcrumbList","@id":"https:\/\/farmerrain.com\/de\/produkt\/kurzarmlige-vollflachige-schurze\/#breadcrumb","itemListElement":[{"@type":"ListItem","position":1,"name":"Shop","item":"https:\/\/farmerrain.com\/de\/shop-2\/"},{"@type":"ListItem","position":2,"name":"Kurz\u00e4rmlige, vollfl\u00e4chige Sch\u00fcrze"}]},{"@type":"WebSite","@id":"https:\/\/farmerrain.com\/#website","url":"https:\/\/farmerrain.com\/","name":"Farmerrain - H\u00e5llbara regnkl\u00e4der","description":"Regnkl\u00e4der med fokus p\u00e5 h\u00e5llbarhet, funktionalitet och unik design.","publisher":{"@id":"https:\/\/farmerrain.com\/#organization"},"potentialAction":[{"@type":"SearchAction","target":{"@type":"EntryPoint","urlTemplate":"https:\/\/farmerrain.com\/?s={search_term_string}"},"query-input":{"@type":"PropertyValueSpecification","valueRequired":true,"valueName":"search_term_string"}}],"inLanguage":"de"},{"@type":"Organization","@id":"https:\/\/farmerrain.com\/#organization","name":"Farmerrain","url":"https:\/\/farmerrain.com\/","logo":{"@type":"ImageObject","inLanguage":"de","@id":"https:\/\/farmerrain.com\/#\/schema\/logo\/image\/","url":"https:\/\/farmerrain.com\/wp-content\/uploads\/2023\/03\/fr_logo.png","contentUrl":"https:\/\/farmerrain.com\/wp-content\/uploads\/2023\/03\/fr_logo.png","width":179,"height":23,"caption":"Farmerrain"},"image":{"@id":"https:\/\/farmerrain.com\/#\/schema\/logo\/image\/"},"sameAs":["https:\/\/www.facebook.com\/people\/Farmerrain\/100063463901438\/"]}]}},"_links":{"self":[{"href":"https:\/\/farmerrain.com\/de\/wp-json\/wp\/v2\/product\/37919","targetHints":{"allow":["GET"]}}],"collection":[{"href":"https:\/\/farmerrain.com\/de\/wp-json\/wp\/v2\/product"}],"about":[{"href":"https:\/\/farmerrain.com\/de\/wp-json\/wp\/v2\/types\/product"}],"replies":[{"embeddable":true,"href":"https:\/\/farmerrain.com\/de\/wp-json\/wp\/v2\/comments?post=37919"}],"wp:featuredmedia":[{"embeddable":true,"href":"https:\/\/farmerrain.com\/de\/wp-json\/wp\/v2\/media\/75449"}],"wp:attachment":[{"href":"https:\/\/farmerrain.com\/de\/wp-json\/wp\/v2\/media?parent=37919"}],"wp:term":[{"taxonomy":"product_brand","embeddable":true,"href":"https:\/\/farmerrain.com\/de\/wp-json\/wp\/v2\/product_brand?post=37919"},{"taxonomy":"product_cat","embeddable":true,"href":"https:\/\/farmerrain.com\/de\/wp-json\/wp\/v2\/product_cat?post=37919"},{"taxonomy":"product_tag","embeddable":true,"href":"https:\/\/farmerrain.com\/de\/wp-json\/wp\/v2\/product_tag?post=37919"},{"taxonomy":"activity","embeddable":true,"href":"https:\/\/farmerrain.com\/de\/wp-json\/wp\/v2\/activity?post=37919"}],"curies":[{"name":"wp","href":"https:\/\/api.w.org\/{rel}","templated":true}]}}