{"id":42579,"date":"2023-03-21T13:30:25","date_gmt":"2023-03-21T13:30:25","guid":{"rendered":"https:\/\/farmerrain.com\/farmerrain-rabattcodes\/"},"modified":"2023-03-21T13:37:11","modified_gmt":"2023-03-21T13:37:11","slug":"farmerrain-rabattcodes","status":"publish","type":"page","link":"https:\/\/farmerrain.com\/de\/farmerrain-rabattcodes\/","title":{"rendered":"Farmerrain rabattcodes"},"content":{"rendered":"<p class=\"p1\">Except from <b>Black Week<\/b>, Farmerrain does not work with discounted prices on products. To be able to take part in our Black week offers before everyone else, sign up for our newsletter on our\u00a0 homepage to get\u00a0<b>Early access.<\/b><\/p>\n<p><img loading=\"lazy\" decoding=\"async\" class=\"aligncenter wp-image-29758 size-large\" src=\"https:\/\/farmerrain.com\/wp-content\/uploads\/2023\/03\/Giu-jpg.webp\" alt=\"\" width=\"980\" height=\"648\" \/><\/p>\n","protected":false},"excerpt":{"rendered":"<p>Except from Black Week, Farmerrain does not work with discounted prices on products. To be able to take part in our Black week offers before everyone else, sign up for our newsletter on our\u00a0 homepage to get\u00a0Early access.<\/p>\n","protected":false},"author":2,"featured_media":42332,"parent":0,"menu_order":0,"comment_status":"open","ping_status":"open","template":"","meta":{"_acf_changed":false,"footnotes":""},"class_list":["post-42579","page","type-page","status-publish","has-post-thumbnail","hentry"],"acf":[],"yoast_head":"<!-- This site is optimized with the Yoast SEO plugin v27.2 - https:\/\/yoast.com\/product\/yoast-seo-wordpress\/ -->\n<title>Farmerrain rabattcodes | Farmerrain - H\u00e5llbara regnkl\u00e4der<\/title>\n<meta name=\"description\" content=\"Except from Black Week, Farmerrain does not work with discounted prices on products. To be able to take part in our Black week offers before everyone\" \/>\n<meta name=\"robots\" content=\"index, follow, max-snippet:-1, max-image-preview:large, max-video-preview:-1\" \/>\n<link rel=\"canonical\" href=\"https:\/\/farmerrain.com\/farmerrain-rabattkoder\/\" \/>\n<meta property=\"og:locale\" content=\"de_DE\" \/>\n<meta property=\"og:type\" content=\"article\" \/>\n<meta property=\"og:title\" content=\"Farmerrain rabattcodes | Farmerrain - H\u00e5llbara regnkl\u00e4der\" \/>\n<meta property=\"og:description\" content=\"Except from Black Week, Farmerrain does not work with discounted prices on products. To be able to take part in our Black week offers before everyone\" \/>\n<meta property=\"og:url\" content=\"https:\/\/farmerrain.com\/farmerrain-rabattkoder\/\" \/>\n<meta property=\"og:site_name\" content=\"Farmerrain - H\u00e5llbara regnkl\u00e4der\" \/>\n<meta property=\"article:publisher\" content=\"https:\/\/www.facebook.com\/people\/Farmerrain\/100063463901438\/\" \/>\n<meta property=\"article:modified_time\" content=\"2023-03-21T13:37:11+00:00\" \/>\n<meta property=\"og:image\" content=\"https:\/\/farmerrain.com\/wp-content\/uploads\/2023\/03\/HeaderModish.png\" \/>\n\t<meta property=\"og:image:width\" content=\"1280\" \/>\n\t<meta property=\"og:image:height\" content=\"720\" \/>\n\t<meta property=\"og:image:type\" content=\"image\/png\" \/>\n<meta name=\"twitter:card\" content=\"summary_large_image\" \/>\n<script type=\"application\/ld+json\" class=\"yoast-schema-graph\">{\"@context\":\"https:\/\/schema.org\",\"@graph\":[{\"@type\":\"WebPage\",\"@id\":\"https:\/\/farmerrain.com\/farmerrain-rabattkoder\/\",\"url\":\"https:\/\/farmerrain.com\/farmerrain-rabattkoder\/\",\"name\":\"Farmerrain rabattcodes | Farmerrain - H\u00e5llbara regnkl\u00e4der\",\"isPartOf\":{\"@id\":\"https:\/\/farmerrain.com\/#website\"},\"primaryImageOfPage\":{\"@id\":\"https:\/\/farmerrain.com\/farmerrain-rabattkoder\/#primaryimage\"},\"image\":{\"@id\":\"https:\/\/farmerrain.com\/farmerrain-rabattkoder\/#primaryimage\"},\"thumbnailUrl\":\"https:\/\/farmerrain.com\/wp-content\/uploads\/2023\/03\/HeaderModish.png\",\"datePublished\":\"2023-03-21T13:30:25+00:00\",\"dateModified\":\"2023-03-21T13:37:11+00:00\",\"description\":\"Except from Black Week, Farmerrain does not work with discounted prices on products. To be able to take part in our Black week offers before everyone\",\"inLanguage\":\"de\",\"potentialAction\":[{\"@type\":\"ReadAction\",\"target\":[\"https:\/\/farmerrain.com\/farmerrain-rabattkoder\/\"]}]},{\"@type\":\"ImageObject\",\"inLanguage\":\"de\",\"@id\":\"https:\/\/farmerrain.com\/farmerrain-rabattkoder\/#primaryimage\",\"url\":\"https:\/\/farmerrain.com\/wp-content\/uploads\/2023\/03\/HeaderModish.png\",\"contentUrl\":\"https:\/\/farmerrain.com\/wp-content\/uploads\/2023\/03\/HeaderModish.png\",\"width\":1280,\"height\":720},{\"@type\":\"WebSite\",\"@id\":\"https:\/\/farmerrain.com\/#website\",\"url\":\"https:\/\/farmerrain.com\/\",\"name\":\"Farmerrain - H\u00e5llbara regnkl\u00e4der\",\"description\":\"Regnkl\u00e4der med fokus p\u00e5 h\u00e5llbarhet, funktionalitet och unik design.\",\"publisher\":{\"@id\":\"https:\/\/farmerrain.com\/#organization\"},\"potentialAction\":[{\"@type\":\"SearchAction\",\"target\":{\"@type\":\"EntryPoint\",\"urlTemplate\":\"https:\/\/farmerrain.com\/?s={search_term_string}\"},\"query-input\":{\"@type\":\"PropertyValueSpecification\",\"valueRequired\":true,\"valueName\":\"search_term_string\"}}],\"inLanguage\":\"de\"},{\"@type\":\"Organization\",\"@id\":\"https:\/\/farmerrain.com\/#organization\",\"name\":\"Farmerrain\",\"url\":\"https:\/\/farmerrain.com\/\",\"logo\":{\"@type\":\"ImageObject\",\"inLanguage\":\"de\",\"@id\":\"https:\/\/farmerrain.com\/#\/schema\/logo\/image\/\",\"url\":\"https:\/\/farmerrain.com\/wp-content\/uploads\/2023\/03\/fr_logo.png\",\"contentUrl\":\"https:\/\/farmerrain.com\/wp-content\/uploads\/2023\/03\/fr_logo.png\",\"width\":179,\"height\":23,\"caption\":\"Farmerrain\"},\"image\":{\"@id\":\"https:\/\/farmerrain.com\/#\/schema\/logo\/image\/\"},\"sameAs\":[\"https:\/\/www.facebook.com\/people\/Farmerrain\/100063463901438\/\"]}]}<\/script>\n<!-- \/ Yoast SEO plugin. -->","yoast_head_json":{"title":"Farmerrain rabattcodes | Farmerrain - H\u00e5llbara regnkl\u00e4der","description":"Except from Black Week, Farmerrain does not work with discounted prices on products. To be able to take part in our Black week offers before everyone","robots":{"index":"index","follow":"follow","max-snippet":"max-snippet:-1","max-image-preview":"max-image-preview:large","max-video-preview":"max-video-preview:-1"},"canonical":"https:\/\/farmerrain.com\/farmerrain-rabattkoder\/","og_locale":"de_DE","og_type":"article","og_title":"Farmerrain rabattcodes | Farmerrain - H\u00e5llbara regnkl\u00e4der","og_description":"Except from Black Week, Farmerrain does not work with discounted prices on products. To be able to take part in our Black week offers before everyone","og_url":"https:\/\/farmerrain.com\/farmerrain-rabattkoder\/","og_site_name":"Farmerrain - H\u00e5llbara regnkl\u00e4der","article_publisher":"https:\/\/www.facebook.com\/people\/Farmerrain\/100063463901438\/","article_modified_time":"2023-03-21T13:37:11+00:00","og_image":[{"width":1280,"height":720,"url":"https:\/\/farmerrain.com\/wp-content\/uploads\/2023\/03\/HeaderModish.png","type":"image\/png"}],"twitter_card":"summary_large_image","schema":{"@context":"https:\/\/schema.org","@graph":[{"@type":"WebPage","@id":"https:\/\/farmerrain.com\/farmerrain-rabattkoder\/","url":"https:\/\/farmerrain.com\/farmerrain-rabattkoder\/","name":"Farmerrain rabattcodes | Farmerrain - H\u00e5llbara regnkl\u00e4der","isPartOf":{"@id":"https:\/\/farmerrain.com\/#website"},"primaryImageOfPage":{"@id":"https:\/\/farmerrain.com\/farmerrain-rabattkoder\/#primaryimage"},"image":{"@id":"https:\/\/farmerrain.com\/farmerrain-rabattkoder\/#primaryimage"},"thumbnailUrl":"https:\/\/farmerrain.com\/wp-content\/uploads\/2023\/03\/HeaderModish.png","datePublished":"2023-03-21T13:30:25+00:00","dateModified":"2023-03-21T13:37:11+00:00","description":"Except from Black Week, Farmerrain does not work with discounted prices on products. To be able to take part in our Black week offers before everyone","inLanguage":"de","potentialAction":[{"@type":"ReadAction","target":["https:\/\/farmerrain.com\/farmerrain-rabattkoder\/"]}]},{"@type":"ImageObject","inLanguage":"de","@id":"https:\/\/farmerrain.com\/farmerrain-rabattkoder\/#primaryimage","url":"https:\/\/farmerrain.com\/wp-content\/uploads\/2023\/03\/HeaderModish.png","contentUrl":"https:\/\/farmerrain.com\/wp-content\/uploads\/2023\/03\/HeaderModish.png","width":1280,"height":720},{"@type":"WebSite","@id":"https:\/\/farmerrain.com\/#website","url":"https:\/\/farmerrain.com\/","name":"Farmerrain - H\u00e5llbara regnkl\u00e4der","description":"Regnkl\u00e4der med fokus p\u00e5 h\u00e5llbarhet, funktionalitet och unik design.","publisher":{"@id":"https:\/\/farmerrain.com\/#organization"},"potentialAction":[{"@type":"SearchAction","target":{"@type":"EntryPoint","urlTemplate":"https:\/\/farmerrain.com\/?s={search_term_string}"},"query-input":{"@type":"PropertyValueSpecification","valueRequired":true,"valueName":"search_term_string"}}],"inLanguage":"de"},{"@type":"Organization","@id":"https:\/\/farmerrain.com\/#organization","name":"Farmerrain","url":"https:\/\/farmerrain.com\/","logo":{"@type":"ImageObject","inLanguage":"de","@id":"https:\/\/farmerrain.com\/#\/schema\/logo\/image\/","url":"https:\/\/farmerrain.com\/wp-content\/uploads\/2023\/03\/fr_logo.png","contentUrl":"https:\/\/farmerrain.com\/wp-content\/uploads\/2023\/03\/fr_logo.png","width":179,"height":23,"caption":"Farmerrain"},"image":{"@id":"https:\/\/farmerrain.com\/#\/schema\/logo\/image\/"},"sameAs":["https:\/\/www.facebook.com\/people\/Farmerrain\/100063463901438\/"]}]}},"_links":{"self":[{"href":"https:\/\/farmerrain.com\/de\/wp-json\/wp\/v2\/pages\/42579","targetHints":{"allow":["GET"]}}],"collection":[{"href":"https:\/\/farmerrain.com\/de\/wp-json\/wp\/v2\/pages"}],"about":[{"href":"https:\/\/farmerrain.com\/de\/wp-json\/wp\/v2\/types\/page"}],"author":[{"embeddable":true,"href":"https:\/\/farmerrain.com\/de\/wp-json\/wp\/v2\/users\/2"}],"replies":[{"embeddable":true,"href":"https:\/\/farmerrain.com\/de\/wp-json\/wp\/v2\/comments?post=42579"}],"version-history":[{"count":0,"href":"https:\/\/farmerrain.com\/de\/wp-json\/wp\/v2\/pages\/42579\/revisions"}],"wp:featuredmedia":[{"embeddable":true,"href":"https:\/\/farmerrain.com\/de\/wp-json\/wp\/v2\/media\/42332"}],"wp:attachment":[{"href":"https:\/\/farmerrain.com\/de\/wp-json\/wp\/v2\/media?parent=42579"}],"curies":[{"name":"wp","href":"https:\/\/api.w.org\/{rel}","templated":true}]}}