{"id":42575,"date":"2023-03-21T13:30:25","date_gmt":"2023-03-21T13:30:25","guid":{"rendered":"https:\/\/farmerrain.com\/pressemitteilung\/"},"modified":"2023-03-23T09:50:05","modified_gmt":"2023-03-23T09:50:05","slug":"pressemitteilung","status":"publish","type":"page","link":"https:\/\/farmerrain.com\/de\/pressemitteilung\/","title":{"rendered":"Pressemitteilung"},"content":{"rendered":"<h2>Weltweit erste klimafreundliche Vinyl-Regenbekleidung wird in Emmaboda (Schweden) hergestellt.<\/h2>\n<p><strong>Mit der Entwicklung und der Umstellung auf das Material BIOVINYL\u2122 in seiner Regenbekleidung hat das Unternehmen Farmerrain aus Emmaboda in Sm\u00e5land die weltweit erste klimafreundliche Regenbekleidung auf Vinylbasis geschaffen.<\/strong><\/p>\n<p>\u201eUnseren eigenen Weg zu wagen, uns weiterzuentwickeln und st\u00e4ndig zu verbessern, war f\u00fcr uns schon immer eine starke Triebfeder. Qualit\u00e4t, die gut f\u00fcr Mensch und Umwelt ist, steht f\u00fcr uns an erster Stelle&#8220;, sagt Carola Carlsson, Inhaberin und Gr\u00fcnderin von Farmerrain.<\/p>\n<p>Das weltweit einzigartige Material, das zu 100 % aus recyceltem PET-Garn besteht und f\u00fcr den Grundstoff verwendet wird, hat im Vergleich zu herk\u00f6mmlichen Materialien mehrere Umweltvorteile:<\/p>\n<ul>\n<li>\u00a094% geringerer CO2-Fu\u00dfabdruck gegen\u00fcber PVC<\/li>\n<li>Neunmal geringerer Wasserverbrauch in der Produktion<\/li>\n<\/ul>\n<p>Das Material hat au\u00dferdem die gleiche hohe Qualit\u00e4t und Robustheit wie herk\u00f6mmliches PVC, das bei Regenbekleidung \u00fcblich ist.<\/p>\n<p>\u201eBei richtiger Pflege haben unsere Kleidungsst\u00fccke eine gesch\u00e4tzte Lebensdauer von mindestens 30 Jahren&#8220;, sagt Jonas Carlsson, Mitbegr\u00fcnder und Inhaber von Farmerrain.<\/p>\n\t<div class=\"swiper pageSwiper\">\n\t\t<div class=\"swiper-wrapper\">\n\t\t\t\t\t\t\t\t<div class=\"swiper-slide\">\n\t\t\t\t\t\t<div class=\"background\">\n\t\t\t\t\t\t\t<img decoding=\"async\" class=\"background__image\" src=\"https:\/\/farmerrain.com\/wp-content\/uploads\/2023\/03\/nedladdning-1-jpeg.webp\" alt=\"\">\n\t\t\t\t\t\t<\/div>\n\t\t\t\t\t<\/div>\n\t\t\t\t\t\t\t<\/div>\n\t\t<div class=\"swiper-button-next\"><\/div>\n\t\t<div class=\"swiper-button-prev\"><\/div>\n\t\t<div class=\"swiper-pagination\"><\/div>\n\t<\/div>\n<h4>Nachhaltig von der Entstehung bis zur Entsorgung<\/h4>\n<p>Die Regenkleidung von Farmerrain ist auch als Umweltprodukt im Rahmen des globalen EPD-Programms (Environmental Product Declaration) verifiziert worden. Dies ist eine M\u00f6glichkeit, die Umweltauswirkungen eines Produkts aus der Lebenszyklusperspektive, d. h. von der Entstehung bis zur Entsorgung, darzustellen, die auch Verbesserungspotenzial f\u00fcr weitere Arbeiten aufzeigt.<\/p>\n<p>Lesen Sie mehr \u00fcber den gesamten Weg der Nachhaltigkeit bei Farmerrain <strong><a href=\"https:\/\/farmerrain.com\/de\/unsere-nachhaltigkeitsreise\/\">hier .<\/a><\/strong><\/p>\n<h4>Hintergrund:<\/h4>\n<p>Farmerrain ist ein Familienunternehmen mit Sitz in Emmaboda, Sm\u00e5land, das von den Landwirten Carola und Jonas Carlsson gegr\u00fcndet wurde, die seit 1992 hochspezialisierte Regenbekleidung f\u00fcr Profis herstellen. Der Schwerpunkt liegt auf Funktionalit\u00e4t, Innovation und branchenf\u00fchrender Nachhaltigkeit. Heute sind die Kunden in der ganzen Welt zu finden und sieben von zehn Verk\u00e4ufen gehen \u00fcber die Grenzen Schwedens hinaus.<\/p>\n","protected":false},"excerpt":{"rendered":"<p>Weltweit erste klimafreundliche Vinyl-Regenbekleidung wird in Emmaboda (Schweden) hergestellt. Mit der Entwicklung und der Umstellung auf das Material BIOVINYL\u2122 in seiner Regenbekleidung hat das Unternehmen Farmerrain aus Emmaboda in Sm\u00e5land die weltweit erste klimafreundliche Regenbekleidung auf Vinylbasis geschaffen. \u201eUnseren eigenen Weg zu wagen, uns weiterzuentwickeln und st\u00e4ndig zu verbessern, war f\u00fcr uns schon immer eine [&hellip;]<\/p>\n","protected":false},"author":2,"featured_media":42324,"parent":0,"menu_order":0,"comment_status":"open","ping_status":"open","template":"","meta":{"_acf_changed":false,"footnotes":""},"class_list":["post-42575","page","type-page","status-publish","has-post-thumbnail","hentry"],"acf":[],"yoast_head":"<!-- This site is optimized with the Yoast SEO plugin v27.5 - https:\/\/yoast.com\/product\/yoast-seo-wordpress\/ -->\n<title>Pressemitteilung | Farmerrain - H\u00e5llbara regnkl\u00e4der<\/title>\n<meta name=\"description\" content=\"Weltweit erste klimafreundliche Vinyl-Regenbekleidung wird in Emmaboda (Schweden) hergestellt. Mit der Entwicklung und der Umstellung auf das Material\" \/>\n<meta name=\"robots\" content=\"index, follow, max-snippet:-1, max-image-preview:large, max-video-preview:-1\" \/>\n<link rel=\"canonical\" href=\"https:\/\/farmerrain.com\/pressmeddelande\/\" \/>\n<meta property=\"og:locale\" content=\"de_DE\" \/>\n<meta property=\"og:type\" content=\"article\" \/>\n<meta property=\"og:title\" content=\"Pressemitteilung | Farmerrain - H\u00e5llbara regnkl\u00e4der\" \/>\n<meta property=\"og:description\" content=\"Weltweit erste klimafreundliche Vinyl-Regenbekleidung wird in Emmaboda (Schweden) hergestellt. Mit der Entwicklung und der Umstellung auf das Material\" \/>\n<meta property=\"og:url\" content=\"https:\/\/farmerrain.com\/pressmeddelande\/\" \/>\n<meta property=\"og:site_name\" content=\"Farmerrain - H\u00e5llbara regnkl\u00e4der\" \/>\n<meta property=\"article:publisher\" content=\"https:\/\/www.facebook.com\/people\/Farmerrain\/100063463901438\/\" \/>\n<meta property=\"article:modified_time\" content=\"2023-03-23T09:50:05+00:00\" \/>\n<meta property=\"og:image\" content=\"https:\/\/farmerrain.com\/wp-content\/uploads\/2023\/03\/Test3-scaled-1-scaled.webp\" \/>\n\t<meta property=\"og:image:width\" content=\"2560\" \/>\n\t<meta property=\"og:image:height\" content=\"867\" \/>\n\t<meta property=\"og:image:type\" content=\"image\/webp\" \/>\n<meta name=\"twitter:card\" content=\"summary_large_image\" \/>\n<meta name=\"twitter:label1\" content=\"Gesch\u00e4tzte Lesezeit\" \/>\n\t<meta name=\"twitter:data1\" content=\"1\u00a0Minute\" \/>\n<script type=\"application\/ld+json\" class=\"yoast-schema-graph\">{\"@context\":\"https:\\\/\\\/schema.org\",\"@graph\":[{\"@type\":\"WebPage\",\"@id\":\"https:\\\/\\\/farmerrain.com\\\/pressmeddelande\\\/\",\"url\":\"https:\\\/\\\/farmerrain.com\\\/pressmeddelande\\\/\",\"name\":\"Pressemitteilung | Farmerrain - H\u00e5llbara regnkl\u00e4der\",\"isPartOf\":{\"@id\":\"https:\\\/\\\/farmerrain.com\\\/#website\"},\"primaryImageOfPage\":{\"@id\":\"https:\\\/\\\/farmerrain.com\\\/pressmeddelande\\\/#primaryimage\"},\"image\":{\"@id\":\"https:\\\/\\\/farmerrain.com\\\/pressmeddelande\\\/#primaryimage\"},\"thumbnailUrl\":\"https:\\\/\\\/farmerrain.com\\\/wp-content\\\/uploads\\\/2023\\\/03\\\/Test3-scaled-1-scaled.webp\",\"datePublished\":\"2023-03-21T13:30:25+00:00\",\"dateModified\":\"2023-03-23T09:50:05+00:00\",\"description\":\"Weltweit erste klimafreundliche Vinyl-Regenbekleidung wird in Emmaboda (Schweden) hergestellt. Mit der Entwicklung und der Umstellung auf das Material\",\"inLanguage\":\"de\",\"potentialAction\":[{\"@type\":\"ReadAction\",\"target\":[\"https:\\\/\\\/farmerrain.com\\\/pressmeddelande\\\/\"]}]},{\"@type\":\"ImageObject\",\"inLanguage\":\"de\",\"@id\":\"https:\\\/\\\/farmerrain.com\\\/pressmeddelande\\\/#primaryimage\",\"url\":\"https:\\\/\\\/farmerrain.com\\\/wp-content\\\/uploads\\\/2023\\\/03\\\/Test3-scaled-1-scaled.webp\",\"contentUrl\":\"https:\\\/\\\/farmerrain.com\\\/wp-content\\\/uploads\\\/2023\\\/03\\\/Test3-scaled-1-scaled.webp\",\"width\":2560,\"height\":867},{\"@type\":\"WebSite\",\"@id\":\"https:\\\/\\\/farmerrain.com\\\/#website\",\"url\":\"https:\\\/\\\/farmerrain.com\\\/\",\"name\":\"Farmerrain - H\u00e5llbara regnkl\u00e4der\",\"description\":\"Regnkl\u00e4der med fokus p\u00e5 h\u00e5llbarhet, funktionalitet och unik design.\",\"publisher\":{\"@id\":\"https:\\\/\\\/farmerrain.com\\\/#organization\"},\"potentialAction\":[{\"@type\":\"SearchAction\",\"target\":{\"@type\":\"EntryPoint\",\"urlTemplate\":\"https:\\\/\\\/farmerrain.com\\\/?s={search_term_string}\"},\"query-input\":{\"@type\":\"PropertyValueSpecification\",\"valueRequired\":true,\"valueName\":\"search_term_string\"}}],\"inLanguage\":\"de\"},{\"@type\":\"Organization\",\"@id\":\"https:\\\/\\\/farmerrain.com\\\/#organization\",\"name\":\"Farmerrain\",\"url\":\"https:\\\/\\\/farmerrain.com\\\/\",\"logo\":{\"@type\":\"ImageObject\",\"inLanguage\":\"de\",\"@id\":\"https:\\\/\\\/farmerrain.com\\\/#\\\/schema\\\/logo\\\/image\\\/\",\"url\":\"https:\\\/\\\/farmerrain.com\\\/wp-content\\\/uploads\\\/2023\\\/03\\\/fr_logo.png\",\"contentUrl\":\"https:\\\/\\\/farmerrain.com\\\/wp-content\\\/uploads\\\/2023\\\/03\\\/fr_logo.png\",\"width\":179,\"height\":23,\"caption\":\"Farmerrain\"},\"image\":{\"@id\":\"https:\\\/\\\/farmerrain.com\\\/#\\\/schema\\\/logo\\\/image\\\/\"},\"sameAs\":[\"https:\\\/\\\/www.facebook.com\\\/people\\\/Farmerrain\\\/100063463901438\\\/\"]}]}<\/script>\n<!-- \/ Yoast SEO plugin. -->","yoast_head_json":{"title":"Pressemitteilung | Farmerrain - H\u00e5llbara regnkl\u00e4der","description":"Weltweit erste klimafreundliche Vinyl-Regenbekleidung wird in Emmaboda (Schweden) hergestellt. Mit der Entwicklung und der Umstellung auf das Material","robots":{"index":"index","follow":"follow","max-snippet":"max-snippet:-1","max-image-preview":"max-image-preview:large","max-video-preview":"max-video-preview:-1"},"canonical":"https:\/\/farmerrain.com\/pressmeddelande\/","og_locale":"de_DE","og_type":"article","og_title":"Pressemitteilung | Farmerrain - H\u00e5llbara regnkl\u00e4der","og_description":"Weltweit erste klimafreundliche Vinyl-Regenbekleidung wird in Emmaboda (Schweden) hergestellt. Mit der Entwicklung und der Umstellung auf das Material","og_url":"https:\/\/farmerrain.com\/pressmeddelande\/","og_site_name":"Farmerrain - H\u00e5llbara regnkl\u00e4der","article_publisher":"https:\/\/www.facebook.com\/people\/Farmerrain\/100063463901438\/","article_modified_time":"2023-03-23T09:50:05+00:00","og_image":[{"width":2560,"height":867,"url":"https:\/\/farmerrain.com\/wp-content\/uploads\/2023\/03\/Test3-scaled-1-scaled.webp","type":"image\/webp"}],"twitter_card":"summary_large_image","twitter_misc":{"Gesch\u00e4tzte Lesezeit":"1\u00a0Minute"},"schema":{"@context":"https:\/\/schema.org","@graph":[{"@type":"WebPage","@id":"https:\/\/farmerrain.com\/pressmeddelande\/","url":"https:\/\/farmerrain.com\/pressmeddelande\/","name":"Pressemitteilung | Farmerrain - H\u00e5llbara regnkl\u00e4der","isPartOf":{"@id":"https:\/\/farmerrain.com\/#website"},"primaryImageOfPage":{"@id":"https:\/\/farmerrain.com\/pressmeddelande\/#primaryimage"},"image":{"@id":"https:\/\/farmerrain.com\/pressmeddelande\/#primaryimage"},"thumbnailUrl":"https:\/\/farmerrain.com\/wp-content\/uploads\/2023\/03\/Test3-scaled-1-scaled.webp","datePublished":"2023-03-21T13:30:25+00:00","dateModified":"2023-03-23T09:50:05+00:00","description":"Weltweit erste klimafreundliche Vinyl-Regenbekleidung wird in Emmaboda (Schweden) hergestellt. Mit der Entwicklung und der Umstellung auf das Material","inLanguage":"de","potentialAction":[{"@type":"ReadAction","target":["https:\/\/farmerrain.com\/pressmeddelande\/"]}]},{"@type":"ImageObject","inLanguage":"de","@id":"https:\/\/farmerrain.com\/pressmeddelande\/#primaryimage","url":"https:\/\/farmerrain.com\/wp-content\/uploads\/2023\/03\/Test3-scaled-1-scaled.webp","contentUrl":"https:\/\/farmerrain.com\/wp-content\/uploads\/2023\/03\/Test3-scaled-1-scaled.webp","width":2560,"height":867},{"@type":"WebSite","@id":"https:\/\/farmerrain.com\/#website","url":"https:\/\/farmerrain.com\/","name":"Farmerrain - H\u00e5llbara regnkl\u00e4der","description":"Regnkl\u00e4der med fokus p\u00e5 h\u00e5llbarhet, funktionalitet och unik design.","publisher":{"@id":"https:\/\/farmerrain.com\/#organization"},"potentialAction":[{"@type":"SearchAction","target":{"@type":"EntryPoint","urlTemplate":"https:\/\/farmerrain.com\/?s={search_term_string}"},"query-input":{"@type":"PropertyValueSpecification","valueRequired":true,"valueName":"search_term_string"}}],"inLanguage":"de"},{"@type":"Organization","@id":"https:\/\/farmerrain.com\/#organization","name":"Farmerrain","url":"https:\/\/farmerrain.com\/","logo":{"@type":"ImageObject","inLanguage":"de","@id":"https:\/\/farmerrain.com\/#\/schema\/logo\/image\/","url":"https:\/\/farmerrain.com\/wp-content\/uploads\/2023\/03\/fr_logo.png","contentUrl":"https:\/\/farmerrain.com\/wp-content\/uploads\/2023\/03\/fr_logo.png","width":179,"height":23,"caption":"Farmerrain"},"image":{"@id":"https:\/\/farmerrain.com\/#\/schema\/logo\/image\/"},"sameAs":["https:\/\/www.facebook.com\/people\/Farmerrain\/100063463901438\/"]}]}},"_links":{"self":[{"href":"https:\/\/farmerrain.com\/de\/wp-json\/wp\/v2\/pages\/42575","targetHints":{"allow":["GET"]}}],"collection":[{"href":"https:\/\/farmerrain.com\/de\/wp-json\/wp\/v2\/pages"}],"about":[{"href":"https:\/\/farmerrain.com\/de\/wp-json\/wp\/v2\/types\/page"}],"author":[{"embeddable":true,"href":"https:\/\/farmerrain.com\/de\/wp-json\/wp\/v2\/users\/2"}],"replies":[{"embeddable":true,"href":"https:\/\/farmerrain.com\/de\/wp-json\/wp\/v2\/comments?post=42575"}],"version-history":[{"count":0,"href":"https:\/\/farmerrain.com\/de\/wp-json\/wp\/v2\/pages\/42575\/revisions"}],"wp:featuredmedia":[{"embeddable":true,"href":"https:\/\/farmerrain.com\/de\/wp-json\/wp\/v2\/media\/42324"}],"wp:attachment":[{"href":"https:\/\/farmerrain.com\/de\/wp-json\/wp\/v2\/media?parent=42575"}],"curies":[{"name":"wp","href":"https:\/\/api.w.org\/{rel}","templated":true}]}}