{"id":42571,"date":"2023-03-21T13:30:25","date_gmt":"2023-03-21T12:30:25","guid":{"rendered":"https:\/\/farmerrain.com\/unsere-nachhaltigkeitsreise\/"},"modified":"2023-05-04T10:01:54","modified_gmt":"2023-05-04T10:01:54","slug":"unsere-nachhaltigkeitsreise","status":"publish","type":"page","link":"https:\/\/farmerrain.com\/de\/unsere-nachhaltigkeitsreise\/","title":{"rendered":"Unsere Nachhaltigkeitsreise"},"content":{"rendered":"<h2 class=\"p1\" style=\"text-align: center;\"><b>Weltweit erste klimafreundliche Vinyl-Regenbekleidung wird in Emmaboda (Schweden) hergestellt.<\/b><\/h2>\n<p class=\"x_p1\" style=\"text-align: center;\"><span class=\"x_s1\">Mit der Entwicklung und der Umstellung auf das Material BIOVINYL\u2122 in seiner Regenbekleidung hat das Unternehmen Farmerrain aus Emmaboda in Sm\u00e5land die weltweit erste klimafreundliche Regenbekleidung auf Vinylbasis geschaffen.<\/span><span class=\"x_s1\">\u00a0<\/span><\/p>\n<p class=\"x_p1\" style=\"text-align: center;\"><span class=\"x_s1\">&#8222;Unseren eigenen Weg zu wagen, uns weiterzuentwickeln und st\u00e4ndig zu verbessern, war f\u00fcr uns schon immer eine starke Triebfeder. Qualit\u00e4t, die gut f\u00fcr Mensch und Umwelt ist, steht f\u00fcr uns an erster Stelle&#8220;, sagt Carola Carlsson, Inhaberin und Gr\u00fcnderin von Farmerrain.<\/span><\/p>\n<p style=\"text-align: center;\"><iframe loading=\"lazy\" title=\"YouTube video player\" src=\"https:\/\/www.youtube.com\/embed\/kkrkLqBqFm0?controls=0\" width=\"660\" height=\"415\" frameborder=\"0\" allowfullscreen=\"allowfullscreen\"><\/iframe><\/p>\n<h3 style=\"text-align: center;\">Lebenszyklusanalyse<\/h3>\n<p style=\"text-align: center;\">Bei Farmerrain haben wir eine Lebenszyklusanalyse (\u00d6kobilanz) erstellt, die die Umweltauswirkungen w\u00e4hrend des gesamten Lebenszyklus unserer Regenbekleidung analysiert. Sie zeigt uns, welche Bereiche wir weiterentwickeln k\u00f6nnen, um noch nachhaltiger zu produzieren.<\/p>\n<p><a href=\"https:\/\/farmerrain.com\/wp-content\/uploads\/2023\/03\/Hallbarhetsresa_202289.jpg\"><img loading=\"lazy\" decoding=\"async\" class=\"aligncenter wp-image-29365 size-large\" src=\"https:\/\/farmerrain.com\/wp-content\/uploads\/2023\/03\/Hallbarhetsresa_202289.jpg\" alt=\"\" width=\"980\" height=\"347\" \/><\/a><\/p>\n<h5 style=\"text-align: center;\">Die rohstoffe wirken am st\u00e4rksten auf die umwelt<\/h5>\n<p style=\"text-align: center;\">Die Lebenszyklusanalyse gab gute Hinweise darauf, wie sich welche Komponenten der Produktion auf die Umwelt auswirken. Um diese Belastung so gering wie m\u00f6glich zu halten, konzentrieren wir von Farmerrain uns auf die Komponenten mit den gr\u00f6\u00dften Effekten. Im Fall unserer Regenbekleidung sind das vor allem der PVC-Anteil und die Menge des Gewebes. So wurde schnell klar, an welchen Stellen wir etwas verbessern konnten. Beide Komponenten mussten so weit wie m\u00f6glich reduziert oder ver\u00e4ndert werden.<\/p>\n<h3 style=\"text-align: center;\">Massnahmen, die sich aus den ergebnissen der lebenszyklusanalyse ergeben<\/h3>\n<h5 style=\"text-align: center;\">Biovinyl<\/h5>\n<p style=\"text-align: center;\">Wir entschieden uns, Biovinyl zu verwenden und damit auch 100 % recyceltes PET-Garn f\u00fcr die Unterlage. Die Beschichtung wird aus fossilfreiem Material\u00a0 hergestellt.<\/p>\n<p style=\"text-align: center;\">Unser biobasiertes Vinyl erf\u00fcllt genau die gleichen strengen Leistungskriterien wie unsere konventionell hergestellten Vinylqualit\u00e4ten. Wir haben jedoch keine Weichmacher (Phthalate) in den einzigartigen Qualit\u00e4ten von Farmerrain.<\/p>\n<h5 style=\"text-align: center;\">Leichtgewebe<\/h5>\n<p style=\"text-align: center;\">Das Gewebe leichter zu machen, wirkt sich ebenfalls positiv auf die \u00d6kobilanz aus. Insgesamt wird der CO2-Fu\u00dfabdruck im Vergleich zu Kleidung aus Fossil-PVC um mehr als 94 % f\u00fcr das Standardgewebe und um 112 % f\u00fcr das Leichtgewebe reduziert.<\/p>\n<p style=\"text-align: center;\">Wir sind auf unserem Weg zur nachhaltigen Produktion und zum Klimaschutz einen gro\u00dfen Schritt vorangekommen und werden nach weiteren M\u00f6glichkeiten suchen, zum Beispiel, wie sich unser Biovinyl\u00a0 noch weiter verbessern l\u00e4sst und damit die Hauptkomponente der Klimaauswirkungen auf ein Zehntel reduzieren.<\/p>\n<p style=\"text-align: center;\">\n","protected":false},"excerpt":{"rendered":"<p>Weltweit erste klimafreundliche Vinyl-Regenbekleidung wird in Emmaboda (Schweden) hergestellt. Mit der Entwicklung und der Umstellung auf das Material BIOVINYL\u2122 in seiner Regenbekleidung hat das Unternehmen Farmerrain aus Emmaboda in Sm\u00e5land die weltweit erste klimafreundliche Regenbekleidung auf Vinylbasis geschaffen.\u00a0 &#8222;Unseren eigenen Weg zu wagen, uns weiterzuentwickeln und st\u00e4ndig zu verbessern, war f\u00fcr uns schon immer eine [&hellip;]<\/p>\n","protected":false},"author":2,"featured_media":42324,"parent":0,"menu_order":0,"comment_status":"open","ping_status":"open","template":"","meta":{"_acf_changed":false,"footnotes":""},"class_list":["post-42571","page","type-page","status-publish","has-post-thumbnail","hentry"],"acf":[],"yoast_head":"<!-- This site is optimized with the Yoast SEO plugin v27.2 - https:\/\/yoast.com\/product\/yoast-seo-wordpress\/ -->\n<title>Unsere Nachhaltigkeitsreise | Farmerrain - H\u00e5llbara regnkl\u00e4der<\/title>\n<meta name=\"description\" content=\"Weltweit erste klimafreundliche Vinyl-Regenbekleidung wird in Emmaboda (Schweden) hergestellt. Mit der Entwicklung und der Umstellung auf das Material\" \/>\n<meta name=\"robots\" content=\"index, follow, max-snippet:-1, max-image-preview:large, max-video-preview:-1\" \/>\n<link rel=\"canonical\" href=\"https:\/\/farmerrain.com\/de\/unsere-nachhaltigkeitsreise\/\" \/>\n<meta property=\"og:locale\" content=\"de_DE\" \/>\n<meta property=\"og:type\" content=\"article\" \/>\n<meta property=\"og:title\" content=\"Unsere Nachhaltigkeitsreise | Farmerrain - H\u00e5llbara regnkl\u00e4der\" \/>\n<meta property=\"og:description\" content=\"Weltweit erste klimafreundliche Vinyl-Regenbekleidung wird in Emmaboda (Schweden) hergestellt. Mit der Entwicklung und der Umstellung auf das Material\" \/>\n<meta property=\"og:url\" content=\"https:\/\/farmerrain.com\/de\/unsere-nachhaltigkeitsreise\/\" \/>\n<meta property=\"og:site_name\" content=\"Farmerrain - H\u00e5llbara regnkl\u00e4der\" \/>\n<meta property=\"article:publisher\" content=\"https:\/\/www.facebook.com\/people\/Farmerrain\/100063463901438\/\" \/>\n<meta property=\"article:modified_time\" content=\"2023-05-04T10:01:54+00:00\" \/>\n<meta property=\"og:image\" content=\"https:\/\/farmerrain.com\/wp-content\/uploads\/2023\/03\/Test3-scaled-1-scaled.webp\" \/>\n\t<meta property=\"og:image:width\" content=\"2560\" \/>\n\t<meta property=\"og:image:height\" content=\"867\" \/>\n\t<meta property=\"og:image:type\" content=\"image\/webp\" \/>\n<meta name=\"twitter:card\" content=\"summary_large_image\" \/>\n<meta name=\"twitter:label1\" content=\"Gesch\u00e4tzte Lesezeit\" \/>\n\t<meta name=\"twitter:data1\" content=\"2\u00a0Minuten\" \/>\n<script type=\"application\/ld+json\" class=\"yoast-schema-graph\">{\"@context\":\"https:\/\/schema.org\",\"@graph\":[{\"@type\":\"WebPage\",\"@id\":\"https:\/\/farmerrain.com\/de\/unsere-nachhaltigkeitsreise\/\",\"url\":\"https:\/\/farmerrain.com\/de\/unsere-nachhaltigkeitsreise\/\",\"name\":\"Unsere Nachhaltigkeitsreise | Farmerrain - H\u00e5llbara regnkl\u00e4der\",\"isPartOf\":{\"@id\":\"https:\/\/farmerrain.com\/#website\"},\"primaryImageOfPage\":{\"@id\":\"https:\/\/farmerrain.com\/de\/unsere-nachhaltigkeitsreise\/#primaryimage\"},\"image\":{\"@id\":\"https:\/\/farmerrain.com\/de\/unsere-nachhaltigkeitsreise\/#primaryimage\"},\"thumbnailUrl\":\"https:\/\/farmerrain.com\/wp-content\/uploads\/2023\/03\/Test3-scaled-1-scaled.webp\",\"datePublished\":\"2023-03-21T12:30:25+00:00\",\"dateModified\":\"2023-05-04T10:01:54+00:00\",\"description\":\"Weltweit erste klimafreundliche Vinyl-Regenbekleidung wird in Emmaboda (Schweden) hergestellt. Mit der Entwicklung und der Umstellung auf das Material\",\"inLanguage\":\"de\",\"potentialAction\":[{\"@type\":\"ReadAction\",\"target\":[\"https:\/\/farmerrain.com\/de\/unsere-nachhaltigkeitsreise\/\"]}]},{\"@type\":\"ImageObject\",\"inLanguage\":\"de\",\"@id\":\"https:\/\/farmerrain.com\/de\/unsere-nachhaltigkeitsreise\/#primaryimage\",\"url\":\"https:\/\/farmerrain.com\/wp-content\/uploads\/2023\/03\/Test3-scaled-1-scaled.webp\",\"contentUrl\":\"https:\/\/farmerrain.com\/wp-content\/uploads\/2023\/03\/Test3-scaled-1-scaled.webp\",\"width\":2560,\"height\":867},{\"@type\":\"WebSite\",\"@id\":\"https:\/\/farmerrain.com\/#website\",\"url\":\"https:\/\/farmerrain.com\/\",\"name\":\"Farmerrain - H\u00e5llbara regnkl\u00e4der\",\"description\":\"Regnkl\u00e4der med fokus p\u00e5 h\u00e5llbarhet, funktionalitet och unik design.\",\"publisher\":{\"@id\":\"https:\/\/farmerrain.com\/#organization\"},\"potentialAction\":[{\"@type\":\"SearchAction\",\"target\":{\"@type\":\"EntryPoint\",\"urlTemplate\":\"https:\/\/farmerrain.com\/?s={search_term_string}\"},\"query-input\":{\"@type\":\"PropertyValueSpecification\",\"valueRequired\":true,\"valueName\":\"search_term_string\"}}],\"inLanguage\":\"de\"},{\"@type\":\"Organization\",\"@id\":\"https:\/\/farmerrain.com\/#organization\",\"name\":\"Farmerrain\",\"url\":\"https:\/\/farmerrain.com\/\",\"logo\":{\"@type\":\"ImageObject\",\"inLanguage\":\"de\",\"@id\":\"https:\/\/farmerrain.com\/#\/schema\/logo\/image\/\",\"url\":\"https:\/\/farmerrain.com\/wp-content\/uploads\/2023\/03\/fr_logo.png\",\"contentUrl\":\"https:\/\/farmerrain.com\/wp-content\/uploads\/2023\/03\/fr_logo.png\",\"width\":179,\"height\":23,\"caption\":\"Farmerrain\"},\"image\":{\"@id\":\"https:\/\/farmerrain.com\/#\/schema\/logo\/image\/\"},\"sameAs\":[\"https:\/\/www.facebook.com\/people\/Farmerrain\/100063463901438\/\"]}]}<\/script>\n<!-- \/ Yoast SEO plugin. -->","yoast_head_json":{"title":"Unsere Nachhaltigkeitsreise | Farmerrain - H\u00e5llbara regnkl\u00e4der","description":"Weltweit erste klimafreundliche Vinyl-Regenbekleidung wird in Emmaboda (Schweden) hergestellt. Mit der Entwicklung und der Umstellung auf das Material","robots":{"index":"index","follow":"follow","max-snippet":"max-snippet:-1","max-image-preview":"max-image-preview:large","max-video-preview":"max-video-preview:-1"},"canonical":"https:\/\/farmerrain.com\/de\/unsere-nachhaltigkeitsreise\/","og_locale":"de_DE","og_type":"article","og_title":"Unsere Nachhaltigkeitsreise | Farmerrain - H\u00e5llbara regnkl\u00e4der","og_description":"Weltweit erste klimafreundliche Vinyl-Regenbekleidung wird in Emmaboda (Schweden) hergestellt. Mit der Entwicklung und der Umstellung auf das Material","og_url":"https:\/\/farmerrain.com\/de\/unsere-nachhaltigkeitsreise\/","og_site_name":"Farmerrain - H\u00e5llbara regnkl\u00e4der","article_publisher":"https:\/\/www.facebook.com\/people\/Farmerrain\/100063463901438\/","article_modified_time":"2023-05-04T10:01:54+00:00","og_image":[{"width":2560,"height":867,"url":"https:\/\/farmerrain.com\/wp-content\/uploads\/2023\/03\/Test3-scaled-1-scaled.webp","type":"image\/webp"}],"twitter_card":"summary_large_image","twitter_misc":{"Gesch\u00e4tzte Lesezeit":"2\u00a0Minuten"},"schema":{"@context":"https:\/\/schema.org","@graph":[{"@type":"WebPage","@id":"https:\/\/farmerrain.com\/de\/unsere-nachhaltigkeitsreise\/","url":"https:\/\/farmerrain.com\/de\/unsere-nachhaltigkeitsreise\/","name":"Unsere Nachhaltigkeitsreise | Farmerrain - H\u00e5llbara regnkl\u00e4der","isPartOf":{"@id":"https:\/\/farmerrain.com\/#website"},"primaryImageOfPage":{"@id":"https:\/\/farmerrain.com\/de\/unsere-nachhaltigkeitsreise\/#primaryimage"},"image":{"@id":"https:\/\/farmerrain.com\/de\/unsere-nachhaltigkeitsreise\/#primaryimage"},"thumbnailUrl":"https:\/\/farmerrain.com\/wp-content\/uploads\/2023\/03\/Test3-scaled-1-scaled.webp","datePublished":"2023-03-21T12:30:25+00:00","dateModified":"2023-05-04T10:01:54+00:00","description":"Weltweit erste klimafreundliche Vinyl-Regenbekleidung wird in Emmaboda (Schweden) hergestellt. Mit der Entwicklung und der Umstellung auf das Material","inLanguage":"de","potentialAction":[{"@type":"ReadAction","target":["https:\/\/farmerrain.com\/de\/unsere-nachhaltigkeitsreise\/"]}]},{"@type":"ImageObject","inLanguage":"de","@id":"https:\/\/farmerrain.com\/de\/unsere-nachhaltigkeitsreise\/#primaryimage","url":"https:\/\/farmerrain.com\/wp-content\/uploads\/2023\/03\/Test3-scaled-1-scaled.webp","contentUrl":"https:\/\/farmerrain.com\/wp-content\/uploads\/2023\/03\/Test3-scaled-1-scaled.webp","width":2560,"height":867},{"@type":"WebSite","@id":"https:\/\/farmerrain.com\/#website","url":"https:\/\/farmerrain.com\/","name":"Farmerrain - H\u00e5llbara regnkl\u00e4der","description":"Regnkl\u00e4der med fokus p\u00e5 h\u00e5llbarhet, funktionalitet och unik design.","publisher":{"@id":"https:\/\/farmerrain.com\/#organization"},"potentialAction":[{"@type":"SearchAction","target":{"@type":"EntryPoint","urlTemplate":"https:\/\/farmerrain.com\/?s={search_term_string}"},"query-input":{"@type":"PropertyValueSpecification","valueRequired":true,"valueName":"search_term_string"}}],"inLanguage":"de"},{"@type":"Organization","@id":"https:\/\/farmerrain.com\/#organization","name":"Farmerrain","url":"https:\/\/farmerrain.com\/","logo":{"@type":"ImageObject","inLanguage":"de","@id":"https:\/\/farmerrain.com\/#\/schema\/logo\/image\/","url":"https:\/\/farmerrain.com\/wp-content\/uploads\/2023\/03\/fr_logo.png","contentUrl":"https:\/\/farmerrain.com\/wp-content\/uploads\/2023\/03\/fr_logo.png","width":179,"height":23,"caption":"Farmerrain"},"image":{"@id":"https:\/\/farmerrain.com\/#\/schema\/logo\/image\/"},"sameAs":["https:\/\/www.facebook.com\/people\/Farmerrain\/100063463901438\/"]}]}},"_links":{"self":[{"href":"https:\/\/farmerrain.com\/de\/wp-json\/wp\/v2\/pages\/42571","targetHints":{"allow":["GET"]}}],"collection":[{"href":"https:\/\/farmerrain.com\/de\/wp-json\/wp\/v2\/pages"}],"about":[{"href":"https:\/\/farmerrain.com\/de\/wp-json\/wp\/v2\/types\/page"}],"author":[{"embeddable":true,"href":"https:\/\/farmerrain.com\/de\/wp-json\/wp\/v2\/users\/2"}],"replies":[{"embeddable":true,"href":"https:\/\/farmerrain.com\/de\/wp-json\/wp\/v2\/comments?post=42571"}],"version-history":[{"count":0,"href":"https:\/\/farmerrain.com\/de\/wp-json\/wp\/v2\/pages\/42571\/revisions"}],"wp:featuredmedia":[{"embeddable":true,"href":"https:\/\/farmerrain.com\/de\/wp-json\/wp\/v2\/media\/42324"}],"wp:attachment":[{"href":"https:\/\/farmerrain.com\/de\/wp-json\/wp\/v2\/media?parent=42571"}],"curies":[{"name":"wp","href":"https:\/\/api.w.org\/{rel}","templated":true}]}}