{"id":42567,"date":"2023-03-21T13:30:05","date_gmt":"2023-03-21T13:30:05","guid":{"rendered":"https:\/\/farmerrain.com\/rueckgaben-und-umtausch\/"},"modified":"2023-05-04T14:43:11","modified_gmt":"2023-05-04T14:43:11","slug":"rueckgaben-und-umtausch","status":"publish","type":"page","link":"https:\/\/farmerrain.com\/de\/rueckgaben-und-umtausch\/","title":{"rendered":"R\u00fcckgaben und Umtausch"},"content":{"rendered":"<h2>R\u00fcckgaben und Umtausch<\/h2>\n<p><span style=\"color: #000000;\">Sie als Kunde haben nach dem Gesetz (2005: 59) \u00fcber Fernabsatzvertr\u00e4ge und Vereinbarungen au\u00dferhalb von Gesch\u00e4ftsr\u00e4umen (&#8222;Das Gesetz \u00fcber Fernabsatzvertr\u00e4ge&#8220;) beim Kauf im Internet stets ein 14-t\u00e4giges Widerrufsrecht. Die Widerrufsfrist beginnt mit dem Tag, an dem Sie den Artikel abholen oder erhalten.<\/span><br \/>\n<span style=\"color: #000000;\">Wir von Farmerrain bieten unseren Kunden den Umtausch 14 Tage nach Liefertermin an.<\/span><br \/>\n<span style=\"color: #000000;\">Damit die R\u00fccksendung von uns genehmigt werden kann, muss sich die R\u00fccksendung im gleichen Zustand befinden, in dem Sie sie erhalten haben. Bitte beachten Sie, dass Sie als Kunde die Versandkosten f\u00fcr die R\u00fccksendung Ihrer Ware(n) tragen.<\/span><\/p>\n<p>Kunden au\u00dferhalb der EU kontaktieren Sie uns bitte<\/p>\n<p>Verkaufswaren unterliegen nicht der R\u00fcckgabe und dem Umtausch, sofern nicht anders angegeben.<\/p>\n<p><span style=\"color: #000000;\">Im Falle einer R\u00fccksendung erstatten wir das Geld so schnell wie m\u00f6glich, sp\u00e4testens jedoch 30 Tage nach R\u00fcckgabe und Erhalt der Ware bei uns. Das Geld wird auf die urspr\u00fcngliche Zahlungsmethode zur\u00fcckgezahlt. Der Versand von der urspr\u00fcnglichen Bestellung wird nicht erstattet.<\/span><br \/>\n<span style=\"color: #000000;\">Bitte beachten Sie, dass Sie, wenn Ihr Kauf \u00fcber Klarna get\u00e4tigt wurde, von Klarna eine Gutschrift erhalten, die dem entspricht, was Sie f\u00fcr den oder die Artikel, die Sie zur\u00fcckgeben, bezahlt haben. Allerdings m\u00fcssen Sie noch den Zahlungsdienstleister (Klarna) bezahlen.<\/span><\/p>\n<p><span style=\"color: #000000;\">Sie als Kunde w\u00e4hlen selbst, mit welchem Transportdienst Sie die Ware zur\u00fccksenden m\u00f6chten. Es ist wichtig zu beachten, dass Sie bei einer R\u00fccksendung sicherstellen m\u00fcssen, dass das Paket in einem versicherten und r\u00fcckverfolgbaren Verkehrsmittel versandt wird und dass Sie Ihre Quittung f\u00fcr die Sendung aufbewahren.<\/span><\/p>\n<h3><span style=\"color: #000000;\">Beschwerde<\/span><\/h3>\n<p><span style=\"color: #000000;\">Wir bei Farmerrain sind stets bestrebt, die h\u00f6chstm\u00f6gliche Qualit\u00e4t zu gew\u00e4hrleisten, und nat\u00fcrlich wollen wir alles in unserer Macht stehende tun, um Sch\u00e4den und andere M\u00e4ngel zu vermeiden. Alle Verbraucher, die von ihrem Recht Gebrauch machen wollen, eine Beschwerde f\u00fcr ein bestelltes Produkt einzureichen, sollten sich so schnell wie m\u00f6glich nach Entdeckung des Fehlers an den Kundendienst von Farmerrain wenden. Wir empfehlen Ihnen, das Produkt so schnell wie m\u00f6glich innerhalb von 2 Monaten nach Entdeckung des Mangels zu reklamieren.<\/span><\/p>\n<p><span style=\"color: #000000;\">Damit wir eine Bewertung Ihrer Beschwerde vornehmen k\u00f6nnen, bitten wir Sie darum:<\/span><br \/>\n<span style=\"color: #000000;\">Kontaktieren Sie den Farmerrain-Kundendienst unter<\/span> <strong><a href=\"mailto:info@farmerrain.com\">info@farmerrain.com<\/a><\/strong><br \/>\n<span style=\"color: #000000;\">Senden Sie eine kurze Beschreibung des Schadens oder Mangels und wie er entstanden ist, sobald Sie ihn entdecken.<\/span><br \/>\n<span style=\"color: #000000;\">F\u00fcgen Sie eine Beschreibung des Defekts mit 4-6 Bildern bei. Das defekte Teil muss gut sichtbar sein, und Sie m\u00fcssen ein Bild sowohl des gesamten Produkts als auch des defekten Teils beif\u00fcgen.<\/span><br \/>\n<span style=\"color: #000000;\">Geben Sie die Bestellnummer ein oder f\u00fcgen Sie dem Auftrag eine Kopie des Belegs bei.<\/span><br \/>\n<span style=\"color: #000000;\">Sobald wir Ihre Bilder erhalten haben, werden wir Ihre Reklamation so schnell wie m\u00f6glich bearbeiten.<\/span><\/p>\n<p><span style=\"color: #000000;\">Wenn Sie ein defektes Produkt zur\u00fccksenden, sorgt Farmerrain daf\u00fcr, dass das Paket sowie die Versandkosten zur\u00fcckgegeben werden.<\/span><br \/>\n<span style=\"color: #000000;\">Wenn die Reklamation berechtigt ist, erstatten wir die angemessenen Versandkosten, die bei der R\u00fccksendung der Produkte an uns entstehen. Andernfalls sind Sie f\u00fcr alle Transportkosten verantwortlich, einschlie\u00dflich unserer Versandkosten f\u00fcr die R\u00fccksendung der Ware nach Bearbeitung durch uns. Der Artikel muss immer gut verpackt sein und Sie m\u00fcssen den Beleg f\u00fcr das Porto aufbewahren. Sie sind f\u00fcr das Paket bis zum Eingang bei Farmerrain verantwortlich, also halten Sie die Quittung mit Informationen \u00fcber Versandkosten und Trackingnummer bereit.<\/span><\/p>\n<h3><span style=\"color: #000000;\">Farmerrain-Garantie<\/span><\/h3>\n<p><span style=\"color: #000000;\">Als Verbraucher haben Sie gesetzlich Anspruch auf eine Garantie von bis zu 3 Jahren.<\/span><br \/>\n<span style=\"color: #000000;\">Unsere Garantie gilt, wenn unsere Produkte in einer f\u00fcr Regenbekleidung geeigneten Umgebung verwendet wurden und Sie unseren Pflegehinweisen gefolgt sind.<\/span><\/p>\n<p><span style=\"color: #000000;\">Die Garantiezeit betr\u00e4gt 3 Jahre ab dem Datum, an dem Sie Ihre Produkte erhalten. Sollten Sie einen Defekt oder Schaden feststellen, wenden Sie sich bitte an den Farmerrain-Kundendienst, und wir werden den Garantieprozess so schnell wie m\u00f6glich durchf\u00fchren. Farmerrain wird den Mangel nach M\u00f6glichkeit beheben oder ein neues Produkt f\u00fcr Sie herstellen. Wenn wir das von Ihnen urspr\u00fcnglich bestellte Produkt nicht mehr liefern k\u00f6nnen, erhalten Sie ein gleichwertiges Produkt oder Ihr Geld zur\u00fcck.<\/span><\/p>\n<p><span style=\"color: #000000;\"><strong>Um die Garantie in Anspruch nehmen zu k\u00f6nnen, m\u00fcssen folgende Bedingungen erf\u00fcllt sein:<\/strong>.<\/span><br \/>\n<span style=\"color: #000000;\">Die Produkte wurden nur dem normalen Gebrauch f\u00fcr die Regenbekleidung ausgesetzt.<\/span><br \/>\n<span style=\"color: #000000;\">Die Produkte wurden in \u00dcbereinstimmung mit unseren Pflegehinweisen behandelt.<\/span><br \/>\n<span style=\"color: #000000;\">Jeglicher R\u00fcckversand wird von Farmerrain bezahlt und alle R\u00fccksendungen werden von dem von Farmerrain angegebenen Lieferanten durchgef\u00fchrt.<\/span><\/p>\n<h3><span style=\"color: #000000;\">Aktuelle Gesetzgebung<\/span><\/h3>\n<p><span style=\"color: #000000;\">Diese allgemeinen Nutzungsbedingungen unterliegen der schwedischen Gesetzgebung. Alle Streitigkeiten werden vor dem schwedischen Gericht entschieden.<\/span><\/p>\n<h3><span style=\"color: #000000;\">Aufforderung<\/span><\/h3>\n<p><span style=\"color: #000000;\">Wenn Sie eine Beschwerde \u00fcber Ihren Kauf haben, senden Sie bitte eine E-Mail an<\/span> <a href=\"mailto:info@farmerrain.com\"><strong>info@farmerrain.com<\/strong><\/a>. <span style=\"color: #000000;\">Wenn wir keine geeignete L\u00f6sung finden, wenn die Bedingungen erf\u00fcllt sind, k\u00f6nnen Sie eine Beschwerde beim General Public Complaints Board (ARN) einreichen<\/span> <strong>(<a href=\"http:\/\/www.arn.se\/\">http:\/\/www.arn.se\/<\/a>)<\/strong>.<span style=\"color: #000000;\"> Sie k\u00f6nnen auch die Streitbeilegung der Europ\u00e4ischen Kommission online (EU ODR)<\/span> <strong>(<a href=\"http:\/\/ec.europa.eu\/odr\">http:\/\/ec.europa.eu\/odr<\/a>)<\/strong> <span style=\"color: #000000;\">f\u00fcr Ihre Beschwerde nutzen. Dieses Portal kann relevant sein, wenn Sie in einem anderen EU-Land wohnen. Wenn Sie eine Beschwerde einreichen, geben Sie bitte unsere E-Mail-Adresse<\/span> <strong><a href=\"mailto:info@farmerrain.com\">info@farmerrain.com<\/a><\/strong> <span style=\"color: #000000;\">ein.<\/span><\/p>\n<p>&nbsp;<\/p>\n","protected":false},"excerpt":{"rendered":"<p>R\u00fcckgaben und Umtausch Sie als Kunde haben nach dem Gesetz (2005: 59) \u00fcber Fernabsatzvertr\u00e4ge und Vereinbarungen au\u00dferhalb von Gesch\u00e4ftsr\u00e4umen (&#8222;Das Gesetz \u00fcber Fernabsatzvertr\u00e4ge&#8220;) beim Kauf im Internet stets ein 14-t\u00e4giges Widerrufsrecht. Die Widerrufsfrist beginnt mit dem Tag, an dem Sie den Artikel abholen oder erhalten. Wir von Farmerrain bieten unseren Kunden den Umtausch 14 Tage [&hellip;]<\/p>\n","protected":false},"author":2,"featured_media":42351,"parent":0,"menu_order":0,"comment_status":"open","ping_status":"open","template":"","meta":{"_acf_changed":false,"footnotes":""},"class_list":["post-42567","page","type-page","status-publish","has-post-thumbnail","hentry"],"acf":[],"yoast_head":"<!-- This site is optimized with the Yoast SEO plugin v27.2 - https:\/\/yoast.com\/product\/yoast-seo-wordpress\/ -->\n<title>R\u00fcckgaben und Umtausch | Farmerrain - H\u00e5llbara regnkl\u00e4der<\/title>\n<meta name=\"description\" content=\"R\u00fcckgaben und Umtausch Sie als Kunde haben nach dem Gesetz (2005: 59) \u00fcber Fernabsatzvertr\u00e4ge und Vereinbarungen au\u00dferhalb von Gesch\u00e4ftsr\u00e4umen (&quot;Das\" \/>\n<meta name=\"robots\" content=\"index, follow, max-snippet:-1, max-image-preview:large, max-video-preview:-1\" \/>\n<link rel=\"canonical\" href=\"https:\/\/farmerrain.com\/de\/rueckgaben-und-umtausch\/\" \/>\n<meta property=\"og:locale\" content=\"de_DE\" \/>\n<meta property=\"og:type\" content=\"article\" \/>\n<meta property=\"og:title\" content=\"R\u00fcckgaben und Umtausch | Farmerrain - H\u00e5llbara regnkl\u00e4der\" \/>\n<meta property=\"og:description\" content=\"R\u00fcckgaben und Umtausch Sie als Kunde haben nach dem Gesetz (2005: 59) \u00fcber Fernabsatzvertr\u00e4ge und Vereinbarungen au\u00dferhalb von Gesch\u00e4ftsr\u00e4umen (&quot;Das\" \/>\n<meta property=\"og:url\" content=\"https:\/\/farmerrain.com\/de\/rueckgaben-und-umtausch\/\" \/>\n<meta property=\"og:site_name\" content=\"Farmerrain - H\u00e5llbara regnkl\u00e4der\" \/>\n<meta property=\"article:publisher\" content=\"https:\/\/www.facebook.com\/people\/Farmerrain\/100063463901438\/\" \/>\n<meta property=\"article:modified_time\" content=\"2023-05-04T14:43:11+00:00\" \/>\n<meta property=\"og:image\" content=\"https:\/\/farmerrain.com\/wp-content\/uploads\/2023\/03\/calltoaction_far.jpg\" \/>\n\t<meta property=\"og:image:width\" content=\"1920\" \/>\n\t<meta property=\"og:image:height\" content=\"802\" \/>\n\t<meta property=\"og:image:type\" content=\"image\/jpeg\" \/>\n<meta name=\"twitter:card\" content=\"summary_large_image\" \/>\n<meta name=\"twitter:label1\" content=\"Gesch\u00e4tzte Lesezeit\" \/>\n\t<meta name=\"twitter:data1\" content=\"4\u00a0Minuten\" \/>\n<script type=\"application\/ld+json\" class=\"yoast-schema-graph\">{\"@context\":\"https:\/\/schema.org\",\"@graph\":[{\"@type\":\"WebPage\",\"@id\":\"https:\/\/farmerrain.com\/de\/rueckgaben-und-umtausch\/\",\"url\":\"https:\/\/farmerrain.com\/de\/rueckgaben-und-umtausch\/\",\"name\":\"R\u00fcckgaben und Umtausch | Farmerrain - H\u00e5llbara regnkl\u00e4der\",\"isPartOf\":{\"@id\":\"https:\/\/farmerrain.com\/#website\"},\"primaryImageOfPage\":{\"@id\":\"https:\/\/farmerrain.com\/de\/rueckgaben-und-umtausch\/#primaryimage\"},\"image\":{\"@id\":\"https:\/\/farmerrain.com\/de\/rueckgaben-und-umtausch\/#primaryimage\"},\"thumbnailUrl\":\"https:\/\/farmerrain.com\/wp-content\/uploads\/2023\/03\/calltoaction_far.jpg\",\"datePublished\":\"2023-03-21T13:30:05+00:00\",\"dateModified\":\"2023-05-04T14:43:11+00:00\",\"description\":\"R\u00fcckgaben und Umtausch Sie als Kunde haben nach dem Gesetz (2005: 59) \u00fcber Fernabsatzvertr\u00e4ge und Vereinbarungen au\u00dferhalb von Gesch\u00e4ftsr\u00e4umen (\\\"Das\",\"inLanguage\":\"de\",\"potentialAction\":[{\"@type\":\"ReadAction\",\"target\":[\"https:\/\/farmerrain.com\/de\/rueckgaben-und-umtausch\/\"]}]},{\"@type\":\"ImageObject\",\"inLanguage\":\"de\",\"@id\":\"https:\/\/farmerrain.com\/de\/rueckgaben-und-umtausch\/#primaryimage\",\"url\":\"https:\/\/farmerrain.com\/wp-content\/uploads\/2023\/03\/calltoaction_far.jpg\",\"contentUrl\":\"https:\/\/farmerrain.com\/wp-content\/uploads\/2023\/03\/calltoaction_far.jpg\",\"width\":1920,\"height\":802},{\"@type\":\"WebSite\",\"@id\":\"https:\/\/farmerrain.com\/#website\",\"url\":\"https:\/\/farmerrain.com\/\",\"name\":\"Farmerrain - H\u00e5llbara regnkl\u00e4der\",\"description\":\"Regnkl\u00e4der med fokus p\u00e5 h\u00e5llbarhet, funktionalitet och unik design.\",\"publisher\":{\"@id\":\"https:\/\/farmerrain.com\/#organization\"},\"potentialAction\":[{\"@type\":\"SearchAction\",\"target\":{\"@type\":\"EntryPoint\",\"urlTemplate\":\"https:\/\/farmerrain.com\/?s={search_term_string}\"},\"query-input\":{\"@type\":\"PropertyValueSpecification\",\"valueRequired\":true,\"valueName\":\"search_term_string\"}}],\"inLanguage\":\"de\"},{\"@type\":\"Organization\",\"@id\":\"https:\/\/farmerrain.com\/#organization\",\"name\":\"Farmerrain\",\"url\":\"https:\/\/farmerrain.com\/\",\"logo\":{\"@type\":\"ImageObject\",\"inLanguage\":\"de\",\"@id\":\"https:\/\/farmerrain.com\/#\/schema\/logo\/image\/\",\"url\":\"https:\/\/farmerrain.com\/wp-content\/uploads\/2023\/03\/fr_logo.png\",\"contentUrl\":\"https:\/\/farmerrain.com\/wp-content\/uploads\/2023\/03\/fr_logo.png\",\"width\":179,\"height\":23,\"caption\":\"Farmerrain\"},\"image\":{\"@id\":\"https:\/\/farmerrain.com\/#\/schema\/logo\/image\/\"},\"sameAs\":[\"https:\/\/www.facebook.com\/people\/Farmerrain\/100063463901438\/\"]}]}<\/script>\n<!-- \/ Yoast SEO plugin. -->","yoast_head_json":{"title":"R\u00fcckgaben und Umtausch | Farmerrain - H\u00e5llbara regnkl\u00e4der","description":"R\u00fcckgaben und Umtausch Sie als Kunde haben nach dem Gesetz (2005: 59) \u00fcber Fernabsatzvertr\u00e4ge und Vereinbarungen au\u00dferhalb von Gesch\u00e4ftsr\u00e4umen (\"Das","robots":{"index":"index","follow":"follow","max-snippet":"max-snippet:-1","max-image-preview":"max-image-preview:large","max-video-preview":"max-video-preview:-1"},"canonical":"https:\/\/farmerrain.com\/de\/rueckgaben-und-umtausch\/","og_locale":"de_DE","og_type":"article","og_title":"R\u00fcckgaben und Umtausch | Farmerrain - H\u00e5llbara regnkl\u00e4der","og_description":"R\u00fcckgaben und Umtausch Sie als Kunde haben nach dem Gesetz (2005: 59) \u00fcber Fernabsatzvertr\u00e4ge und Vereinbarungen au\u00dferhalb von Gesch\u00e4ftsr\u00e4umen (\"Das","og_url":"https:\/\/farmerrain.com\/de\/rueckgaben-und-umtausch\/","og_site_name":"Farmerrain - H\u00e5llbara regnkl\u00e4der","article_publisher":"https:\/\/www.facebook.com\/people\/Farmerrain\/100063463901438\/","article_modified_time":"2023-05-04T14:43:11+00:00","og_image":[{"width":1920,"height":802,"url":"https:\/\/farmerrain.com\/wp-content\/uploads\/2023\/03\/calltoaction_far.jpg","type":"image\/jpeg"}],"twitter_card":"summary_large_image","twitter_misc":{"Gesch\u00e4tzte Lesezeit":"4\u00a0Minuten"},"schema":{"@context":"https:\/\/schema.org","@graph":[{"@type":"WebPage","@id":"https:\/\/farmerrain.com\/de\/rueckgaben-und-umtausch\/","url":"https:\/\/farmerrain.com\/de\/rueckgaben-und-umtausch\/","name":"R\u00fcckgaben und Umtausch | Farmerrain - H\u00e5llbara regnkl\u00e4der","isPartOf":{"@id":"https:\/\/farmerrain.com\/#website"},"primaryImageOfPage":{"@id":"https:\/\/farmerrain.com\/de\/rueckgaben-und-umtausch\/#primaryimage"},"image":{"@id":"https:\/\/farmerrain.com\/de\/rueckgaben-und-umtausch\/#primaryimage"},"thumbnailUrl":"https:\/\/farmerrain.com\/wp-content\/uploads\/2023\/03\/calltoaction_far.jpg","datePublished":"2023-03-21T13:30:05+00:00","dateModified":"2023-05-04T14:43:11+00:00","description":"R\u00fcckgaben und Umtausch Sie als Kunde haben nach dem Gesetz (2005: 59) \u00fcber Fernabsatzvertr\u00e4ge und Vereinbarungen au\u00dferhalb von Gesch\u00e4ftsr\u00e4umen (\"Das","inLanguage":"de","potentialAction":[{"@type":"ReadAction","target":["https:\/\/farmerrain.com\/de\/rueckgaben-und-umtausch\/"]}]},{"@type":"ImageObject","inLanguage":"de","@id":"https:\/\/farmerrain.com\/de\/rueckgaben-und-umtausch\/#primaryimage","url":"https:\/\/farmerrain.com\/wp-content\/uploads\/2023\/03\/calltoaction_far.jpg","contentUrl":"https:\/\/farmerrain.com\/wp-content\/uploads\/2023\/03\/calltoaction_far.jpg","width":1920,"height":802},{"@type":"WebSite","@id":"https:\/\/farmerrain.com\/#website","url":"https:\/\/farmerrain.com\/","name":"Farmerrain - H\u00e5llbara regnkl\u00e4der","description":"Regnkl\u00e4der med fokus p\u00e5 h\u00e5llbarhet, funktionalitet och unik design.","publisher":{"@id":"https:\/\/farmerrain.com\/#organization"},"potentialAction":[{"@type":"SearchAction","target":{"@type":"EntryPoint","urlTemplate":"https:\/\/farmerrain.com\/?s={search_term_string}"},"query-input":{"@type":"PropertyValueSpecification","valueRequired":true,"valueName":"search_term_string"}}],"inLanguage":"de"},{"@type":"Organization","@id":"https:\/\/farmerrain.com\/#organization","name":"Farmerrain","url":"https:\/\/farmerrain.com\/","logo":{"@type":"ImageObject","inLanguage":"de","@id":"https:\/\/farmerrain.com\/#\/schema\/logo\/image\/","url":"https:\/\/farmerrain.com\/wp-content\/uploads\/2023\/03\/fr_logo.png","contentUrl":"https:\/\/farmerrain.com\/wp-content\/uploads\/2023\/03\/fr_logo.png","width":179,"height":23,"caption":"Farmerrain"},"image":{"@id":"https:\/\/farmerrain.com\/#\/schema\/logo\/image\/"},"sameAs":["https:\/\/www.facebook.com\/people\/Farmerrain\/100063463901438\/"]}]}},"_links":{"self":[{"href":"https:\/\/farmerrain.com\/de\/wp-json\/wp\/v2\/pages\/42567","targetHints":{"allow":["GET"]}}],"collection":[{"href":"https:\/\/farmerrain.com\/de\/wp-json\/wp\/v2\/pages"}],"about":[{"href":"https:\/\/farmerrain.com\/de\/wp-json\/wp\/v2\/types\/page"}],"author":[{"embeddable":true,"href":"https:\/\/farmerrain.com\/de\/wp-json\/wp\/v2\/users\/2"}],"replies":[{"embeddable":true,"href":"https:\/\/farmerrain.com\/de\/wp-json\/wp\/v2\/comments?post=42567"}],"version-history":[{"count":0,"href":"https:\/\/farmerrain.com\/de\/wp-json\/wp\/v2\/pages\/42567\/revisions"}],"wp:featuredmedia":[{"embeddable":true,"href":"https:\/\/farmerrain.com\/de\/wp-json\/wp\/v2\/media\/42351"}],"wp:attachment":[{"href":"https:\/\/farmerrain.com\/de\/wp-json\/wp\/v2\/media?parent=42567"}],"curies":[{"name":"wp","href":"https:\/\/api.w.org\/{rel}","templated":true}]}}