{"id":42566,"date":"2023-03-21T13:30:05","date_gmt":"2023-03-21T13:30:05","guid":{"rendered":"https:\/\/farmerrain.com\/faq\/"},"modified":"2023-05-04T14:53:42","modified_gmt":"2023-05-04T14:53:42","slug":"faq","status":"publish","type":"page","link":"https:\/\/farmerrain.com\/de\/faq\/","title":{"rendered":"FAQ"},"content":{"rendered":"<h3>Liefern Sie an Postf\u00e4cher?<\/h3>\n<p>Nein, tut mir leid, das tun wir nicht.<\/p>\n<h3>Von wo aus wird meine Bestellung versendet?<\/h3>\n<p>Es wird von unserem eigenen Lager auf unserem Bauernhof in Emmaboda, Schweden, verschickt.<\/p>\n<h3>Ist mein Paket versichert?<\/h3>\n<p>Alle unsere Pakete werden mit DHL geliefert und sind somit bis zu 500 SEK\/kg versichert.<\/p>\n<h3>Wie lang ist die Lieferzeit?<\/h3>\n<p>Dies h\u00e4ngt davon ab, ob Sie aus Schweden oder einem anderen Land bestellen. Wenn Sie in Schweden wohnen, dauert die Lieferzeit zwischen 4-6 Tagen, je nachdem, wie schnell wir Ihre Bestellung bearbeiten k\u00f6nnen. Wenn Sie in einem anderen Land leben, k\u00f6nnen Sie mit 9-11 Tagen rechnen.<\/p>\n<h3>Kann ich meine Bestellung im Gesch\u00e4ft abholen?<\/h3>\n<p>Nein, wir haben keinen physischen Laden, aber Sie k\u00f6nnen gerne zu uns auf den Hof kommen, um Ihre Bestellung abzuholen. Sie m\u00fcssen uns jedoch vor Ihrer Ankunft informieren, z\u00f6gern Sie nicht, eine Zeit zu vereinbaren, indem Sie eine E-Mail an <a href=\"mailto:info@farmerrain.com\">info@farmerrain.com<\/a> senden.<\/p>\n<h3>Wie kann ich meine Bestellung \u00e4ndern\/stornieren?<\/h3>\n<p>Wenn Sie Ihre Bestellung \u00e4ndern oder stornieren m\u00f6chten, ist es sehr wichtig, dass Sie uns direkt kontaktieren. Wenn wir nicht sofort nach der Bestellung eine Nachricht erhalten, k\u00f6nnen wir nicht garantieren, dass wir diese \u00e4ndern oder stoppen k\u00f6nnen. Wenn eine Bestellung, die Sie stornieren m\u00f6chten, gesendet wurde, liegt es in Ihrer Verantwortung als Kunde, das Paket innerhalb von 30 Tagen zur\u00fcckzusenden. Wenn das Paket nicht abgeholt wird, wird Ihnen eine Geb\u00fchr von 250 SEK berechnet.<\/p>\n<h3>In welche L\u00e4nder liefern Sie?<\/h3>\n<p>Farmerrain liefert in die ganze Welt! Beachten Sie, dass die Versandkosten je nach Wohnort unterschiedlich sind. Lesen Sie mehr dar\u00fcber unter Zahlungsbedingungen.<\/p>\n<h3>Wann wird mein Auftrag versandt?<\/h3>\n<p>Ihre Bestellung wird in der Regel 1-2 Tage nach Ihrer Bestellung ab Lager versandt.<\/p>\n<h3>Welche Zahlungsmethoden bieten Sie an?<\/h3>\n<p>Swish<\/p>\n<p>Klarna<\/p>\n<p>Paypal<\/p>\n<h3>Warum bricht der Bestellvorgang ab, wenn ich versuche zu bezahlen?<\/h3>\n<p>Wenn Sie Probleme bei der Bestellung haben, versuchen Sie zuerst, den Kauf in einem anderen Browser oder \u00fcber ein anderes Ger\u00e4t durchzuf\u00fchren &#8211; das l\u00f6st in der Regel das Problem. Wenn das nicht funktioniert, wenden Sie sich an Ihre Bank, um sicherzustellen, dass sie die Transaktion nicht vor\u00fcbergehend blockiert wurde.<\/p>\n<h3>Kann ich Produkte zu meinen Bestellungen hinzuf\u00fcgen?<\/h3>\n<p>Es ist nicht m\u00f6glich, Produkte zu einem bereits abgeschlossenen Auftrag hinzuzuf\u00fcgen. Sie ist wie eine separate Bestellung zu behandeln.<\/p>\n<h3>Meine Tracknummer funktioniert nicht? Warum?<\/h3>\n<p>Wenn Ihre Bestellung in unserem Lager abgeholt wurde, senden wir Ihnen eine E-Mail mit Ihrer Tracking-Nummer. Beachten Sie, dass die Trackingnummer m\u00f6glicherweise nicht sofort funktioniert, da die Spedition das Paket in der Regel scannen muss, wenn es in ihrem Lager ankommt, was einige Stunden dauern kann.<\/p>\n<h3>Ich habe keine Bestellbest\u00e4tigung erhalten. Wurde meine Bestellung vergessen?<\/h3>\n<p>Im letzten Schritt Ihres Einkaufs sehen Sie auf dem Bildschirm eine Auftragsbest\u00e4tigung, die Sie ausdrucken k\u00f6nnen. Sie erhalten diese Best\u00e4tigung auch an die angegebene E-Mail-Adresse. Wenn Sie noch keine E-Mails von uns erhalten haben, k\u00f6nnte Ihr E-Mail-Client die Nachricht als Spam ansehen. Schauen Sie daher bitte auch unter &#8222;Spam&#8220; nach.<\/p>\n<h3>Wie gebe ich etwas zur\u00fcck?<\/h3>\n<p>Unter der Registerkarte &#8222;R\u00fcckgaben und Umtausch&#8220; finden Sie alle Informationen, die Sie f\u00fcr eine R\u00fccksendung ben\u00f6tigen. Du kannst es hier finden: R\u00fcckgaben und Umtausch<\/p>\n<h3>Wie wei\u00df ich, wenn Sie meine R\u00fcckgabe erhalten haben?<\/h3>\n<p>Es kann einige Tage dauern, bis \u00c4nderungen und R\u00fccksendungen in unserem Lager bearbeitet werden. In besonders arbeitsreichen Zeiten kann es bis zu mehreren Wochen dauern. Wenn Sie Informationen \u00fcber Ihr Paket w\u00fcnschen, kontaktieren Sie uns bitte per E-Mail unter info@farmerrain.com<\/p>\n<h3>Kann meine Kleidung von Farmerrain durch andere Materialien besch\u00e4digt werden?<\/h3>\n<p>Das gr\u00f6\u00dfte Risiko von Verf\u00e4rbungen besteht bei anderen Kleidungsst\u00fccken wie Jeans und Kunstleder.<br \/>\nAm leichtesten ist es auf hellen Kleidungsst\u00fccken zu sehen. Sie kann auch bei dunkleren Kleidungsst\u00fccken auftreten, ist aber schwieriger zu erkennen.<br \/>\nDies geschieht in der Regel durch ein Verlaufen von Farben. Das Problem ist, dass es in das Material eindringt und nicht oberfl\u00e4chlich sitzt, so dass es schwierig oder gar unm\u00f6glich ist, es zu entfernen.<br \/>\nVermeiden Sie h\u00e4ngende Kleidung, bei der Sie denken, dass es Probleme gibt.<\/p>\n<h3>Wann ist meine Gr\u00f6\u00dfe wieder auf Lager?<\/h3>\n<p>Da viele unserer Produkte in Handarbeit und in kleinen Mengen hergestellt werden, werden sie so schnell nachgef\u00fcllt, wie es die Fabrik produzieren kann. Beachten Sie, dass nicht alle Farben reproduziert werden.<\/p>\n<h3>Wie wasche\/reinige ich meine Produkte?<\/h3>\n<p>Unter der Rubrik &#8222;Unsere Regenbekleidung&#8220; finden Sie Pflegetipps, wie Sie sich um Ihre Kleidung k\u00fcmmern k\u00f6nnen. Hier finden Sie alle Informationen, die Sie ben\u00f6tigen: <a href=\"https:\/\/farmerrain.com\/mode\/en\/care-instructions\/\">Pflegehinweise<\/a><\/p>\n<p>&nbsp;<\/p>\n","protected":false},"excerpt":{"rendered":"<p>Liefern Sie an Postf\u00e4cher? Nein, tut mir leid, das tun wir nicht. Von wo aus wird meine Bestellung versendet? Es wird von unserem eigenen Lager auf unserem Bauernhof in Emmaboda, Schweden, verschickt. Ist mein Paket versichert? Alle unsere Pakete werden mit DHL geliefert und sind somit bis zu 500 SEK\/kg versichert. Wie lang ist die [&hellip;]<\/p>\n","protected":false},"author":2,"featured_media":42314,"parent":0,"menu_order":0,"comment_status":"open","ping_status":"open","template":"","meta":{"_acf_changed":false,"footnotes":""},"class_list":["post-42566","page","type-page","status-publish","has-post-thumbnail","hentry"],"acf":[],"yoast_head":"<!-- This site is optimized with the Yoast SEO plugin v27.2 - https:\/\/yoast.com\/product\/yoast-seo-wordpress\/ -->\n<title>FAQ | Farmerrain - H\u00e5llbara regnkl\u00e4der<\/title>\n<meta name=\"description\" content=\"Liefern Sie an Postf\u00e4cher? Nein, tut mir leid, das tun wir nicht. Von wo aus wird meine Bestellung versendet? Es wird von unserem eigenen Lager auf\" \/>\n<meta name=\"robots\" content=\"index, follow, max-snippet:-1, max-image-preview:large, max-video-preview:-1\" \/>\n<link rel=\"canonical\" href=\"https:\/\/farmerrain.com\/de\/faq\/\" \/>\n<meta property=\"og:locale\" content=\"de_DE\" \/>\n<meta property=\"og:type\" content=\"article\" \/>\n<meta property=\"og:title\" content=\"FAQ | Farmerrain - H\u00e5llbara regnkl\u00e4der\" \/>\n<meta property=\"og:description\" content=\"Liefern Sie an Postf\u00e4cher? Nein, tut mir leid, das tun wir nicht. Von wo aus wird meine Bestellung versendet? Es wird von unserem eigenen Lager auf\" \/>\n<meta property=\"og:url\" content=\"https:\/\/farmerrain.com\/de\/faq\/\" \/>\n<meta property=\"og:site_name\" content=\"Farmerrain - H\u00e5llbara regnkl\u00e4der\" \/>\n<meta property=\"article:publisher\" content=\"https:\/\/www.facebook.com\/people\/Farmerrain\/100063463901438\/\" \/>\n<meta property=\"article:modified_time\" content=\"2023-05-04T14:53:42+00:00\" \/>\n<meta property=\"og:image\" content=\"https:\/\/farmerrain.com\/wp-content\/uploads\/2023\/03\/subpagenew.jpg\" \/>\n\t<meta property=\"og:image:width\" content=\"1240\" \/>\n\t<meta property=\"og:image:height\" content=\"579\" \/>\n\t<meta property=\"og:image:type\" content=\"image\/webp\" \/>\n<meta name=\"twitter:card\" content=\"summary_large_image\" \/>\n<meta name=\"twitter:label1\" content=\"Gesch\u00e4tzte Lesezeit\" \/>\n\t<meta name=\"twitter:data1\" content=\"4\u00a0Minuten\" \/>\n<script type=\"application\/ld+json\" class=\"yoast-schema-graph\">{\"@context\":\"https:\/\/schema.org\",\"@graph\":[{\"@type\":\"WebPage\",\"@id\":\"https:\/\/farmerrain.com\/de\/faq\/\",\"url\":\"https:\/\/farmerrain.com\/de\/faq\/\",\"name\":\"FAQ | Farmerrain - H\u00e5llbara regnkl\u00e4der\",\"isPartOf\":{\"@id\":\"https:\/\/farmerrain.com\/#website\"},\"primaryImageOfPage\":{\"@id\":\"https:\/\/farmerrain.com\/de\/faq\/#primaryimage\"},\"image\":{\"@id\":\"https:\/\/farmerrain.com\/de\/faq\/#primaryimage\"},\"thumbnailUrl\":\"https:\/\/farmerrain.com\/wp-content\/uploads\/2023\/03\/subpagenew.jpg\",\"datePublished\":\"2023-03-21T13:30:05+00:00\",\"dateModified\":\"2023-05-04T14:53:42+00:00\",\"description\":\"Liefern Sie an Postf\u00e4cher? Nein, tut mir leid, das tun wir nicht. Von wo aus wird meine Bestellung versendet? Es wird von unserem eigenen Lager auf\",\"inLanguage\":\"de\",\"potentialAction\":[{\"@type\":\"ReadAction\",\"target\":[\"https:\/\/farmerrain.com\/de\/faq\/\"]}]},{\"@type\":\"ImageObject\",\"inLanguage\":\"de\",\"@id\":\"https:\/\/farmerrain.com\/de\/faq\/#primaryimage\",\"url\":\"https:\/\/farmerrain.com\/wp-content\/uploads\/2023\/03\/subpagenew.jpg\",\"contentUrl\":\"https:\/\/farmerrain.com\/wp-content\/uploads\/2023\/03\/subpagenew.jpg\",\"width\":1240,\"height\":579},{\"@type\":\"WebSite\",\"@id\":\"https:\/\/farmerrain.com\/#website\",\"url\":\"https:\/\/farmerrain.com\/\",\"name\":\"Farmerrain - H\u00e5llbara regnkl\u00e4der\",\"description\":\"Regnkl\u00e4der med fokus p\u00e5 h\u00e5llbarhet, funktionalitet och unik design.\",\"publisher\":{\"@id\":\"https:\/\/farmerrain.com\/#organization\"},\"potentialAction\":[{\"@type\":\"SearchAction\",\"target\":{\"@type\":\"EntryPoint\",\"urlTemplate\":\"https:\/\/farmerrain.com\/?s={search_term_string}\"},\"query-input\":{\"@type\":\"PropertyValueSpecification\",\"valueRequired\":true,\"valueName\":\"search_term_string\"}}],\"inLanguage\":\"de\"},{\"@type\":\"Organization\",\"@id\":\"https:\/\/farmerrain.com\/#organization\",\"name\":\"Farmerrain\",\"url\":\"https:\/\/farmerrain.com\/\",\"logo\":{\"@type\":\"ImageObject\",\"inLanguage\":\"de\",\"@id\":\"https:\/\/farmerrain.com\/#\/schema\/logo\/image\/\",\"url\":\"https:\/\/farmerrain.com\/wp-content\/uploads\/2023\/03\/fr_logo.png\",\"contentUrl\":\"https:\/\/farmerrain.com\/wp-content\/uploads\/2023\/03\/fr_logo.png\",\"width\":179,\"height\":23,\"caption\":\"Farmerrain\"},\"image\":{\"@id\":\"https:\/\/farmerrain.com\/#\/schema\/logo\/image\/\"},\"sameAs\":[\"https:\/\/www.facebook.com\/people\/Farmerrain\/100063463901438\/\"]}]}<\/script>\n<!-- \/ Yoast SEO plugin. -->","yoast_head_json":{"title":"FAQ | Farmerrain - H\u00e5llbara regnkl\u00e4der","description":"Liefern Sie an Postf\u00e4cher? Nein, tut mir leid, das tun wir nicht. Von wo aus wird meine Bestellung versendet? Es wird von unserem eigenen Lager auf","robots":{"index":"index","follow":"follow","max-snippet":"max-snippet:-1","max-image-preview":"max-image-preview:large","max-video-preview":"max-video-preview:-1"},"canonical":"https:\/\/farmerrain.com\/de\/faq\/","og_locale":"de_DE","og_type":"article","og_title":"FAQ | Farmerrain - H\u00e5llbara regnkl\u00e4der","og_description":"Liefern Sie an Postf\u00e4cher? Nein, tut mir leid, das tun wir nicht. Von wo aus wird meine Bestellung versendet? Es wird von unserem eigenen Lager auf","og_url":"https:\/\/farmerrain.com\/de\/faq\/","og_site_name":"Farmerrain - H\u00e5llbara regnkl\u00e4der","article_publisher":"https:\/\/www.facebook.com\/people\/Farmerrain\/100063463901438\/","article_modified_time":"2023-05-04T14:53:42+00:00","og_image":[{"width":1240,"height":579,"url":"https:\/\/farmerrain.com\/wp-content\/uploads\/2023\/03\/subpagenew.jpg","type":"image\/webp"}],"twitter_card":"summary_large_image","twitter_misc":{"Gesch\u00e4tzte Lesezeit":"4\u00a0Minuten"},"schema":{"@context":"https:\/\/schema.org","@graph":[{"@type":"WebPage","@id":"https:\/\/farmerrain.com\/de\/faq\/","url":"https:\/\/farmerrain.com\/de\/faq\/","name":"FAQ | Farmerrain - H\u00e5llbara regnkl\u00e4der","isPartOf":{"@id":"https:\/\/farmerrain.com\/#website"},"primaryImageOfPage":{"@id":"https:\/\/farmerrain.com\/de\/faq\/#primaryimage"},"image":{"@id":"https:\/\/farmerrain.com\/de\/faq\/#primaryimage"},"thumbnailUrl":"https:\/\/farmerrain.com\/wp-content\/uploads\/2023\/03\/subpagenew.jpg","datePublished":"2023-03-21T13:30:05+00:00","dateModified":"2023-05-04T14:53:42+00:00","description":"Liefern Sie an Postf\u00e4cher? Nein, tut mir leid, das tun wir nicht. Von wo aus wird meine Bestellung versendet? Es wird von unserem eigenen Lager auf","inLanguage":"de","potentialAction":[{"@type":"ReadAction","target":["https:\/\/farmerrain.com\/de\/faq\/"]}]},{"@type":"ImageObject","inLanguage":"de","@id":"https:\/\/farmerrain.com\/de\/faq\/#primaryimage","url":"https:\/\/farmerrain.com\/wp-content\/uploads\/2023\/03\/subpagenew.jpg","contentUrl":"https:\/\/farmerrain.com\/wp-content\/uploads\/2023\/03\/subpagenew.jpg","width":1240,"height":579},{"@type":"WebSite","@id":"https:\/\/farmerrain.com\/#website","url":"https:\/\/farmerrain.com\/","name":"Farmerrain - H\u00e5llbara regnkl\u00e4der","description":"Regnkl\u00e4der med fokus p\u00e5 h\u00e5llbarhet, funktionalitet och unik design.","publisher":{"@id":"https:\/\/farmerrain.com\/#organization"},"potentialAction":[{"@type":"SearchAction","target":{"@type":"EntryPoint","urlTemplate":"https:\/\/farmerrain.com\/?s={search_term_string}"},"query-input":{"@type":"PropertyValueSpecification","valueRequired":true,"valueName":"search_term_string"}}],"inLanguage":"de"},{"@type":"Organization","@id":"https:\/\/farmerrain.com\/#organization","name":"Farmerrain","url":"https:\/\/farmerrain.com\/","logo":{"@type":"ImageObject","inLanguage":"de","@id":"https:\/\/farmerrain.com\/#\/schema\/logo\/image\/","url":"https:\/\/farmerrain.com\/wp-content\/uploads\/2023\/03\/fr_logo.png","contentUrl":"https:\/\/farmerrain.com\/wp-content\/uploads\/2023\/03\/fr_logo.png","width":179,"height":23,"caption":"Farmerrain"},"image":{"@id":"https:\/\/farmerrain.com\/#\/schema\/logo\/image\/"},"sameAs":["https:\/\/www.facebook.com\/people\/Farmerrain\/100063463901438\/"]}]}},"_links":{"self":[{"href":"https:\/\/farmerrain.com\/de\/wp-json\/wp\/v2\/pages\/42566","targetHints":{"allow":["GET"]}}],"collection":[{"href":"https:\/\/farmerrain.com\/de\/wp-json\/wp\/v2\/pages"}],"about":[{"href":"https:\/\/farmerrain.com\/de\/wp-json\/wp\/v2\/types\/page"}],"author":[{"embeddable":true,"href":"https:\/\/farmerrain.com\/de\/wp-json\/wp\/v2\/users\/2"}],"replies":[{"embeddable":true,"href":"https:\/\/farmerrain.com\/de\/wp-json\/wp\/v2\/comments?post=42566"}],"version-history":[{"count":0,"href":"https:\/\/farmerrain.com\/de\/wp-json\/wp\/v2\/pages\/42566\/revisions"}],"wp:featuredmedia":[{"embeddable":true,"href":"https:\/\/farmerrain.com\/de\/wp-json\/wp\/v2\/media\/42314"}],"wp:attachment":[{"href":"https:\/\/farmerrain.com\/de\/wp-json\/wp\/v2\/media?parent=42566"}],"curies":[{"name":"wp","href":"https:\/\/api.w.org\/{rel}","templated":true}]}}