{"id":42562,"date":"2023-03-21T13:30:05","date_gmt":"2023-03-21T13:30:05","guid":{"rendered":"https:\/\/farmerrain.com\/lieferbedingungen\/"},"modified":"2024-01-07T15:00:25","modified_gmt":"2024-01-07T15:00:25","slug":"lieferbedingungen","status":"publish","type":"page","link":"https:\/\/farmerrain.com\/de\/lieferbedingungen\/","title":{"rendered":"Lieferbedingungen"},"content":{"rendered":"<h2><span style=\"color: #000000;\">Bestellungen und Konditionen<\/span><\/h2>\n<p><span style=\"color: #000000;\">Um eine Bestellung auf unserer Website aufzugeben, m\u00fcssen Sie den Allgemeinen Gesch\u00e4ftsbedingungen zustimmen. Dies bedeutet, dass Sie unsere Informationen vollst\u00e4ndig zur Kenntnis genommen haben und sich an unsere Bedingungen halten. Lesen Sie hier mehr \u00fcber Datenschutzrichtlinien und Cookies:<\/span> <strong><a href=\"https:\/\/farmerrain.com\/de\/datenschutzerklarung\/\">Bringen Sie mich zur Datenschutzerkl\u00e4rung<\/a><\/strong>.<\/p>\n<p><span style=\"color: #000000;\">Ein endg\u00fcltiger Kaufvertrag liegt vor, sobald wir Ihre Bestellung best\u00e4tigt haben und Sie als Kunde eine Auftragsbest\u00e4tigung von Farmerrain per E-Mail erhalten. Wir empfehlen Ihnen, die Auftragsbest\u00e4tigung abzuspeichern, wenn Fragen oder Bedenken bez\u00fcglich Ihrer Bestellung auftreten.<\/span><\/p>\n<p><span style=\"color: #000000;\">Farmerrain beh\u00e4lt sich das Recht vor, einen Kaufvertrag abzulehnen oder zu k\u00fcndigen, wenn es Verdachtsmomente oder betrugs\u00e4hnliche Handlungen gibt, wie z.B. die illegale Verwendung von Kreditkarten anderer Personen.<\/span><\/p>\n<h3><span style=\"color: #000000;\">Lieferzeit<\/span><\/h3>\n<p><span style=\"color: #000000;\">Farmerrain empfiehlt Ihnen, den folgenden Text zu lesen, bevor Sie eine Bestellung aufgeben. Diese Bedingungen k\u00f6nnen ge\u00e4ndert oder aktualisiert werden. Wir empfehlen Ihnen daher, die Allgemeinen Gesch\u00e4ftsbedingungen vor jeder Bestellung zu lesen, damit Sie die relevanten Bedingungen kennen.<\/span><\/p>\n<p><span style=\"color: #000000;\">Wir sind bestrebt, Ihre Bestellung innerhalb von 1-2 Tagen zu bearbeiten. Wenn Sie vor 9 Uhr bestellen, versenden wir in der Regel noch am selben Tag. Bestellungen, die an einem Wochenende eingehen, werden in der Regel am darauffolgenden Werktag verschickt.<\/span><\/p>\n<p><span style=\"color: #000000;\">Sie als Kunde erhalten nach dem Absenden Ihrer Bestellung eine Auftragsbest\u00e4tigung per E-Mail. Dort finden Sie eine Trackingnummer, damit Sie Ihre Bestellung w\u00e4hrend der Lieferung verfolgen k\u00f6nnen.<\/span><\/p>\n<p><span style=\"color: #000000;\">Die meisten unserer Produkte werden innerhalb von 2-3 Tagen nach Absendung Ihrer Bestellung geliefert. Also 4-5 Tage nach Ihrer Bestellung (dies gilt f\u00fcr Schweden). Alle Produkte werden mit FedEx geliefert. DHL, wenn Sie in Schweden und Norwegen leben. Wenn Sie au\u00dferhalb Schwedens wohnen, m\u00fcssen Sie mit mindestens 5 Tagen mehr rechnen, bevor Ihre Bestellung geliefert wird.<\/span><\/p>\n<h3><span style=\"color: #000000;\">Wenn ein Produkt nicht auf Lager ist.<\/span><\/h3>\n<p><span style=\"color: #000000;\">Wenn ein Artikel nicht auf Lager ist, werden wir Sie per E-Mail benachrichtigen. Wir k\u00f6nnen Ihnen dann ein alternatives Produkt vorschlagen oder die aktuelle Bestellung stornieren und Ihren Kauf zur\u00fcckerstatten. Wenn im Webshop falsche Preisinformationen angezeigt wurden, haben Sie die M\u00f6glichkeit, das Produkt entweder zum richtigen Preis zu kaufen oder die Bestellung zu stornieren.<\/span><\/p>\n<h3><span style=\"color: #000000;\">Unabh\u00e4ngige Veranstaltungen<\/span><\/h3>\n<p><span style=\"color: #000000;\">Bei h\u00f6herer Gewalt oder unvorhersehbaren Ereignissen verschieben sich unsere Verpflichtungen. Beispiele daf\u00fcr k\u00f6nnen Streiks, Krankheit von Mitarbeitern, Transportst\u00f6rungen oder Import-\/Exportprobleme sein, sei es bei uns als Unternehmen oder bei unseren Lieferanten\/Partnern. Dauert die Verz\u00f6gerung l\u00e4nger als zwei Monate, haben sowohl der Kunde als auch wir das Recht, den Vertrag ohne Schadenersatzpflicht zu k\u00fcndigen.<\/span><\/p>\n","protected":false},"excerpt":{"rendered":"<p>Bestellungen und Konditionen Um eine Bestellung auf unserer Website aufzugeben, m\u00fcssen Sie den Allgemeinen Gesch\u00e4ftsbedingungen zustimmen. Dies bedeutet, dass Sie unsere Informationen vollst\u00e4ndig zur Kenntnis genommen haben und sich an unsere Bedingungen halten. Lesen Sie hier mehr \u00fcber Datenschutzrichtlinien und Cookies: Bringen Sie mich zur Datenschutzerkl\u00e4rung. Ein endg\u00fcltiger Kaufvertrag liegt vor, sobald wir Ihre Bestellung [&hellip;]<\/p>\n","protected":false},"author":2,"featured_media":42351,"parent":0,"menu_order":0,"comment_status":"open","ping_status":"open","template":"","meta":{"_acf_changed":false,"footnotes":""},"class_list":["post-42562","page","type-page","status-publish","has-post-thumbnail","hentry"],"acf":[],"yoast_head":"<!-- This site is optimized with the Yoast SEO plugin v27.2 - https:\/\/yoast.com\/product\/yoast-seo-wordpress\/ -->\n<title>Lieferbedingungen | Farmerrain - H\u00e5llbara regnkl\u00e4der<\/title>\n<meta name=\"description\" content=\"Bestellungen und Konditionen Um eine Bestellung auf unserer Website aufzugeben, m\u00fcssen Sie den Allgemeinen Gesch\u00e4ftsbedingungen zustimmen. Dies bedeutet,\" \/>\n<meta name=\"robots\" content=\"index, follow, max-snippet:-1, max-image-preview:large, max-video-preview:-1\" \/>\n<link rel=\"canonical\" href=\"https:\/\/farmerrain.com\/de\/lieferbedingungen\/\" \/>\n<meta property=\"og:locale\" content=\"de_DE\" \/>\n<meta property=\"og:type\" content=\"article\" \/>\n<meta property=\"og:title\" content=\"Lieferbedingungen | Farmerrain - H\u00e5llbara regnkl\u00e4der\" \/>\n<meta property=\"og:description\" content=\"Bestellungen und Konditionen Um eine Bestellung auf unserer Website aufzugeben, m\u00fcssen Sie den Allgemeinen Gesch\u00e4ftsbedingungen zustimmen. Dies bedeutet,\" \/>\n<meta property=\"og:url\" content=\"https:\/\/farmerrain.com\/de\/lieferbedingungen\/\" \/>\n<meta property=\"og:site_name\" content=\"Farmerrain - H\u00e5llbara regnkl\u00e4der\" \/>\n<meta property=\"article:publisher\" content=\"https:\/\/www.facebook.com\/people\/Farmerrain\/100063463901438\/\" \/>\n<meta property=\"article:modified_time\" content=\"2024-01-07T15:00:25+00:00\" \/>\n<meta property=\"og:image\" content=\"https:\/\/farmerrain.com\/wp-content\/uploads\/2023\/03\/calltoaction_far.jpg\" \/>\n\t<meta property=\"og:image:width\" content=\"1920\" \/>\n\t<meta property=\"og:image:height\" content=\"802\" \/>\n\t<meta property=\"og:image:type\" content=\"image\/jpeg\" \/>\n<meta name=\"twitter:card\" content=\"summary_large_image\" \/>\n<meta name=\"twitter:label1\" content=\"Gesch\u00e4tzte Lesezeit\" \/>\n\t<meta name=\"twitter:data1\" content=\"3\u00a0Minuten\" \/>\n<script type=\"application\/ld+json\" class=\"yoast-schema-graph\">{\"@context\":\"https:\/\/schema.org\",\"@graph\":[{\"@type\":\"WebPage\",\"@id\":\"https:\/\/farmerrain.com\/de\/lieferbedingungen\/\",\"url\":\"https:\/\/farmerrain.com\/de\/lieferbedingungen\/\",\"name\":\"Lieferbedingungen | Farmerrain - H\u00e5llbara regnkl\u00e4der\",\"isPartOf\":{\"@id\":\"https:\/\/farmerrain.com\/#website\"},\"primaryImageOfPage\":{\"@id\":\"https:\/\/farmerrain.com\/de\/lieferbedingungen\/#primaryimage\"},\"image\":{\"@id\":\"https:\/\/farmerrain.com\/de\/lieferbedingungen\/#primaryimage\"},\"thumbnailUrl\":\"https:\/\/farmerrain.com\/wp-content\/uploads\/2023\/03\/calltoaction_far.jpg\",\"datePublished\":\"2023-03-21T13:30:05+00:00\",\"dateModified\":\"2024-01-07T15:00:25+00:00\",\"description\":\"Bestellungen und Konditionen Um eine Bestellung auf unserer Website aufzugeben, m\u00fcssen Sie den Allgemeinen Gesch\u00e4ftsbedingungen zustimmen. Dies bedeutet,\",\"inLanguage\":\"de\",\"potentialAction\":[{\"@type\":\"ReadAction\",\"target\":[\"https:\/\/farmerrain.com\/de\/lieferbedingungen\/\"]}]},{\"@type\":\"ImageObject\",\"inLanguage\":\"de\",\"@id\":\"https:\/\/farmerrain.com\/de\/lieferbedingungen\/#primaryimage\",\"url\":\"https:\/\/farmerrain.com\/wp-content\/uploads\/2023\/03\/calltoaction_far.jpg\",\"contentUrl\":\"https:\/\/farmerrain.com\/wp-content\/uploads\/2023\/03\/calltoaction_far.jpg\",\"width\":1920,\"height\":802},{\"@type\":\"WebSite\",\"@id\":\"https:\/\/farmerrain.com\/#website\",\"url\":\"https:\/\/farmerrain.com\/\",\"name\":\"Farmerrain - H\u00e5llbara regnkl\u00e4der\",\"description\":\"Regnkl\u00e4der med fokus p\u00e5 h\u00e5llbarhet, funktionalitet och unik design.\",\"publisher\":{\"@id\":\"https:\/\/farmerrain.com\/#organization\"},\"potentialAction\":[{\"@type\":\"SearchAction\",\"target\":{\"@type\":\"EntryPoint\",\"urlTemplate\":\"https:\/\/farmerrain.com\/?s={search_term_string}\"},\"query-input\":{\"@type\":\"PropertyValueSpecification\",\"valueRequired\":true,\"valueName\":\"search_term_string\"}}],\"inLanguage\":\"de\"},{\"@type\":\"Organization\",\"@id\":\"https:\/\/farmerrain.com\/#organization\",\"name\":\"Farmerrain\",\"url\":\"https:\/\/farmerrain.com\/\",\"logo\":{\"@type\":\"ImageObject\",\"inLanguage\":\"de\",\"@id\":\"https:\/\/farmerrain.com\/#\/schema\/logo\/image\/\",\"url\":\"https:\/\/farmerrain.com\/wp-content\/uploads\/2023\/03\/fr_logo.png\",\"contentUrl\":\"https:\/\/farmerrain.com\/wp-content\/uploads\/2023\/03\/fr_logo.png\",\"width\":179,\"height\":23,\"caption\":\"Farmerrain\"},\"image\":{\"@id\":\"https:\/\/farmerrain.com\/#\/schema\/logo\/image\/\"},\"sameAs\":[\"https:\/\/www.facebook.com\/people\/Farmerrain\/100063463901438\/\"]}]}<\/script>\n<!-- \/ Yoast SEO plugin. -->","yoast_head_json":{"title":"Lieferbedingungen | Farmerrain - H\u00e5llbara regnkl\u00e4der","description":"Bestellungen und Konditionen Um eine Bestellung auf unserer Website aufzugeben, m\u00fcssen Sie den Allgemeinen Gesch\u00e4ftsbedingungen zustimmen. Dies bedeutet,","robots":{"index":"index","follow":"follow","max-snippet":"max-snippet:-1","max-image-preview":"max-image-preview:large","max-video-preview":"max-video-preview:-1"},"canonical":"https:\/\/farmerrain.com\/de\/lieferbedingungen\/","og_locale":"de_DE","og_type":"article","og_title":"Lieferbedingungen | Farmerrain - H\u00e5llbara regnkl\u00e4der","og_description":"Bestellungen und Konditionen Um eine Bestellung auf unserer Website aufzugeben, m\u00fcssen Sie den Allgemeinen Gesch\u00e4ftsbedingungen zustimmen. Dies bedeutet,","og_url":"https:\/\/farmerrain.com\/de\/lieferbedingungen\/","og_site_name":"Farmerrain - H\u00e5llbara regnkl\u00e4der","article_publisher":"https:\/\/www.facebook.com\/people\/Farmerrain\/100063463901438\/","article_modified_time":"2024-01-07T15:00:25+00:00","og_image":[{"width":1920,"height":802,"url":"https:\/\/farmerrain.com\/wp-content\/uploads\/2023\/03\/calltoaction_far.jpg","type":"image\/jpeg"}],"twitter_card":"summary_large_image","twitter_misc":{"Gesch\u00e4tzte Lesezeit":"3\u00a0Minuten"},"schema":{"@context":"https:\/\/schema.org","@graph":[{"@type":"WebPage","@id":"https:\/\/farmerrain.com\/de\/lieferbedingungen\/","url":"https:\/\/farmerrain.com\/de\/lieferbedingungen\/","name":"Lieferbedingungen | Farmerrain - H\u00e5llbara regnkl\u00e4der","isPartOf":{"@id":"https:\/\/farmerrain.com\/#website"},"primaryImageOfPage":{"@id":"https:\/\/farmerrain.com\/de\/lieferbedingungen\/#primaryimage"},"image":{"@id":"https:\/\/farmerrain.com\/de\/lieferbedingungen\/#primaryimage"},"thumbnailUrl":"https:\/\/farmerrain.com\/wp-content\/uploads\/2023\/03\/calltoaction_far.jpg","datePublished":"2023-03-21T13:30:05+00:00","dateModified":"2024-01-07T15:00:25+00:00","description":"Bestellungen und Konditionen Um eine Bestellung auf unserer Website aufzugeben, m\u00fcssen Sie den Allgemeinen Gesch\u00e4ftsbedingungen zustimmen. Dies bedeutet,","inLanguage":"de","potentialAction":[{"@type":"ReadAction","target":["https:\/\/farmerrain.com\/de\/lieferbedingungen\/"]}]},{"@type":"ImageObject","inLanguage":"de","@id":"https:\/\/farmerrain.com\/de\/lieferbedingungen\/#primaryimage","url":"https:\/\/farmerrain.com\/wp-content\/uploads\/2023\/03\/calltoaction_far.jpg","contentUrl":"https:\/\/farmerrain.com\/wp-content\/uploads\/2023\/03\/calltoaction_far.jpg","width":1920,"height":802},{"@type":"WebSite","@id":"https:\/\/farmerrain.com\/#website","url":"https:\/\/farmerrain.com\/","name":"Farmerrain - H\u00e5llbara regnkl\u00e4der","description":"Regnkl\u00e4der med fokus p\u00e5 h\u00e5llbarhet, funktionalitet och unik design.","publisher":{"@id":"https:\/\/farmerrain.com\/#organization"},"potentialAction":[{"@type":"SearchAction","target":{"@type":"EntryPoint","urlTemplate":"https:\/\/farmerrain.com\/?s={search_term_string}"},"query-input":{"@type":"PropertyValueSpecification","valueRequired":true,"valueName":"search_term_string"}}],"inLanguage":"de"},{"@type":"Organization","@id":"https:\/\/farmerrain.com\/#organization","name":"Farmerrain","url":"https:\/\/farmerrain.com\/","logo":{"@type":"ImageObject","inLanguage":"de","@id":"https:\/\/farmerrain.com\/#\/schema\/logo\/image\/","url":"https:\/\/farmerrain.com\/wp-content\/uploads\/2023\/03\/fr_logo.png","contentUrl":"https:\/\/farmerrain.com\/wp-content\/uploads\/2023\/03\/fr_logo.png","width":179,"height":23,"caption":"Farmerrain"},"image":{"@id":"https:\/\/farmerrain.com\/#\/schema\/logo\/image\/"},"sameAs":["https:\/\/www.facebook.com\/people\/Farmerrain\/100063463901438\/"]}]}},"_links":{"self":[{"href":"https:\/\/farmerrain.com\/de\/wp-json\/wp\/v2\/pages\/42562","targetHints":{"allow":["GET"]}}],"collection":[{"href":"https:\/\/farmerrain.com\/de\/wp-json\/wp\/v2\/pages"}],"about":[{"href":"https:\/\/farmerrain.com\/de\/wp-json\/wp\/v2\/types\/page"}],"author":[{"embeddable":true,"href":"https:\/\/farmerrain.com\/de\/wp-json\/wp\/v2\/users\/2"}],"replies":[{"embeddable":true,"href":"https:\/\/farmerrain.com\/de\/wp-json\/wp\/v2\/comments?post=42562"}],"version-history":[{"count":1,"href":"https:\/\/farmerrain.com\/de\/wp-json\/wp\/v2\/pages\/42562\/revisions"}],"predecessor-version":[{"id":58099,"href":"https:\/\/farmerrain.com\/de\/wp-json\/wp\/v2\/pages\/42562\/revisions\/58099"}],"wp:featuredmedia":[{"embeddable":true,"href":"https:\/\/farmerrain.com\/de\/wp-json\/wp\/v2\/media\/42351"}],"wp:attachment":[{"href":"https:\/\/farmerrain.com\/de\/wp-json\/wp\/v2\/media?parent=42562"}],"curies":[{"name":"wp","href":"https:\/\/api.w.org\/{rel}","templated":true}]}}