{"id":42561,"date":"2023-03-21T13:30:05","date_gmt":"2023-03-21T13:30:05","guid":{"rendered":"https:\/\/farmerrain.com\/zahlungsbedingungen\/"},"modified":"2023-05-04T14:41:09","modified_gmt":"2023-05-04T14:41:09","slug":"zahlungsbedingungen","status":"publish","type":"page","link":"https:\/\/farmerrain.com\/de\/zahlungsbedingungen\/","title":{"rendered":"Zahlungsbedingungen"},"content":{"rendered":"<h2>Zahlungsbedingungen<\/h2>\n<p>Farmerrain ist im Besitz von Svenska Regnkl\u00e4ds Aktiebolaget, eingetragen in Schweden unter der Unternehmensnummer 559194-1280. Der Sitz von Farmerrain befindet sich in K\u00e4sem\u00e5la 106, 36192 Emmaboda Schweden.<br \/>\nDiese &#8222;Allgemeinen Gesch\u00e4ftsbedingungen&#8220; gelten, wenn Sie als Nutzer (&#8222;Verbraucher&#8220;) unter www.farmerrain.com bestellen. Der Vertrag wird zwischen Ihnen und Svenska Regnkl\u00e4ds Aktiebolaget, Organisationsnummer 559194-1280, abgeschlossen.<br \/>\nSie k\u00f6nnen Farmerrain telefonisch (+46 471 22065) oder per E-Mail an <strong><a href=\"mailto:info@farmerrain.com\">info@farmerrain.com<\/a><\/strong> kontaktieren.<\/p>\n<h3>Zahlungsm\u00f6glichkeiten und Versand<\/h3>\n<p>Wir m\u00f6chten, dass Sie als Kunde \u00fcber mehrere verschiedene Zahlungsm\u00f6glichkeiten verf\u00fcgen. Sie k\u00f6nnen die Zahlung wie folgt vornehmen:<\/p>\n<ul>\n<li><strong><a href=\"https:\/\/www.getswish.se\" target=\"_blank\" rel=\"noopener\">Swish<\/a><\/strong><\/li>\n<li><strong><a href=\"https:\/\/www.paypal.com\/se\/home\" target=\"_blank\" rel=\"noopener\">Paypal<\/a><\/strong><\/li>\n<li><strong><a href=\"https:\/\/www.klarna.com\/se\" target=\"_blank\" rel=\"noopener\">Klarna<\/a><\/strong><\/li>\n<\/ul>\n<p>Die Zahlung erfolgt immer vor der Lieferung, es sei denn, Sie zahlen mit Klarna, dann gelten deren Gesch\u00e4ftsbedingungen. Mehr dar\u00fcber erfahren Sie hier: <a href=\"http:\/\/www.klarna.com\" target=\"_blank\" rel=\"noopener\">www.klarna.com<\/a><\/p>\n<p>Die auf unserer Website angegebenen Preise verstehen sich inklusive der gesetzlichen Mehrwertsteuer (25%).<br \/>\nFarmerrain hat immer eine feste Versandkostenpauschale, unabh\u00e4ngig von der Kleidung. Je nachdem, wo Sie wohnen, variieren die Versandkosten. Nachfolgend finden Sie die verschiedenen Preise, die gelten:<br \/>\nSchweden: 99 SEK<br \/>\nMit Europa: 199 SEK<br \/>\nRest der Welt: 299 SEK<\/p>\n<p>Beachten Sie, dass f\u00fcr Kunden au\u00dferhalb der EU oder Norwegens je nach Region oder Land zus\u00e4tzliche Kosten anfallen k\u00f6nnen. Die Ausgaben k\u00f6nnen z.B. Z\u00f6lle oder Steuern sein, die Kosten f\u00fcr diese Ausgaben tr\u00e4gt der Kunde selbst. Hier k\u00f6nnen Sie m\u00f6gliche Kosten f\u00fcr den Versand au\u00dferhalb der EU (sowie Norwegens) berechnen: www.dutycalculator.com<\/p>\n<h3>Schlie\u00dfen Sie eine Zahlung<\/h3>\n<p>Sie als Kunde w\u00e4hlen die Artikel, die Sie kaufen m\u00f6chten, und legen sie in Ihren &#8222;Warenkorb&#8220;. Sie k\u00f6nnen den Inhalt des Warenkorbs \u00e4ndern, bis die Bestellung abgeschlossen ist und die Preise der Produkte markiert sind. Wenn Sie bereit sind zu bestellen, geben Sie Ihren Namen, Ihre Adresse, Ihre E-Mail-Adresse, Ihre Telefonnummer, Ihre Zahlungsart und Ihre Lieferoptionen ein. Sie k\u00f6nnen den Inhalt des Warenkorbs so lange \u00e4ndern, bis Sie Ihren Einkauf best\u00e4tigen, indem Sie auf die Schaltfl\u00e4che &#8222;Best\u00e4tigen&#8220; klicken. Danach wird Ihre Bestellung an Farmerrain weitergeleitet und kann nicht mehr ge\u00e4ndert werden.<br \/>\nBeachten Sie, dass Sie, der Sie Klarna als Zahlungsoption mit Sicherheit w\u00e4hlen, sicher sein k\u00f6nnen, dass keine Kartendaten falsch enden. Ihre Kartendaten werden mit sehr hoher Sicherheit und strengen Bankregeln behandelt. Das bedeutet, dass niemand au\u00dfer Ihrer Bank die Informationen sehen oder erhalten kann.<\/p>\n<h3>Reservierung<\/h3>\n<p>Wir behalten uns das Recht vor, unvorhersehbare Ereignisse zu ber\u00fccksichtigen, die zu Lieferverz\u00f6gerungen, Preis\u00e4nderungen, Endverk\u00e4ufen oder dergleichen f\u00fchren k\u00f6nnen. Wir m\u00f6chten auch Vorbehalte bez\u00fcglich m\u00f6glicher M\u00e4ngel an Bildern, Texten oder Preisauszeichnungen machen. Wenn eine falsche Preisauszeichnung gesetzt ist, gilt der Preis, den Sie den Artikel zum Zeitpunkt des Kaufs gekauft haben. Sie finden diese auf Ihrer Auftragsbest\u00e4tigung oder -best\u00e4tigung, also bewahren Sie diese immer f\u00fcr eine Weile nach dem Kauf auf.<\/p>\n<h3>Rabattcodes<\/h3>\n<p>Manchmal verwenden wir Rabattcodes als Teil unseres Marketings. Diese Codes sind zeitlich begrenzt g\u00fcltig. Die Codes k\u00f6nnen auf bestimmte Produkte, Kategorien oder Stoffe beschr\u00e4nkt werden. Rabattcodes m\u00fcssen in der Kasse eingegeben werden, um g\u00fcltig zu sein. Pro Bestellung kann nur ein Rabattcode verwendet werden. Wenn Sie nach dem Kauf einen Rabattcode hinzuf\u00fcgen, hat dieser keine Wirkung und Sie erhalten den Rabatt nicht. Rabattcodes haben keinen Barwert und k\u00f6nnen nicht gegen Bargeld eingel\u00f6st werden.<\/p>\n<p>&nbsp;<\/p>\n","protected":false},"excerpt":{"rendered":"<p>Zahlungsbedingungen Farmerrain ist im Besitz von Svenska Regnkl\u00e4ds Aktiebolaget, eingetragen in Schweden unter der Unternehmensnummer 559194-1280. Der Sitz von Farmerrain befindet sich in K\u00e4sem\u00e5la 106, 36192 Emmaboda Schweden. Diese &#8222;Allgemeinen Gesch\u00e4ftsbedingungen&#8220; gelten, wenn Sie als Nutzer (&#8222;Verbraucher&#8220;) unter www.farmerrain.com bestellen. Der Vertrag wird zwischen Ihnen und Svenska Regnkl\u00e4ds Aktiebolaget, Organisationsnummer 559194-1280, abgeschlossen. Sie k\u00f6nnen Farmerrain [&hellip;]<\/p>\n","protected":false},"author":2,"featured_media":42351,"parent":0,"menu_order":0,"comment_status":"open","ping_status":"open","template":"","meta":{"_acf_changed":false,"footnotes":""},"class_list":["post-42561","page","type-page","status-publish","has-post-thumbnail","hentry"],"acf":[],"yoast_head":"<!-- This site is optimized with the Yoast SEO plugin v27.2 - https:\/\/yoast.com\/product\/yoast-seo-wordpress\/ -->\n<title>Zahlungsbedingungen | Farmerrain - H\u00e5llbara regnkl\u00e4der<\/title>\n<meta name=\"description\" content=\"Zahlungsbedingungen Farmerrain ist im Besitz von Svenska Regnkl\u00e4ds Aktiebolaget, eingetragen in Schweden unter der Unternehmensnummer 559194-1280. Der\" \/>\n<meta name=\"robots\" content=\"index, follow, max-snippet:-1, max-image-preview:large, max-video-preview:-1\" \/>\n<link rel=\"canonical\" href=\"https:\/\/farmerrain.com\/de\/zahlungsbedingungen\/\" \/>\n<meta property=\"og:locale\" content=\"de_DE\" \/>\n<meta property=\"og:type\" content=\"article\" \/>\n<meta property=\"og:title\" content=\"Zahlungsbedingungen | Farmerrain - H\u00e5llbara regnkl\u00e4der\" \/>\n<meta property=\"og:description\" content=\"Zahlungsbedingungen Farmerrain ist im Besitz von Svenska Regnkl\u00e4ds Aktiebolaget, eingetragen in Schweden unter der Unternehmensnummer 559194-1280. Der\" \/>\n<meta property=\"og:url\" content=\"https:\/\/farmerrain.com\/de\/zahlungsbedingungen\/\" \/>\n<meta property=\"og:site_name\" content=\"Farmerrain - H\u00e5llbara regnkl\u00e4der\" \/>\n<meta property=\"article:publisher\" content=\"https:\/\/www.facebook.com\/people\/Farmerrain\/100063463901438\/\" \/>\n<meta property=\"article:modified_time\" content=\"2023-05-04T14:41:09+00:00\" \/>\n<meta property=\"og:image\" content=\"https:\/\/farmerrain.com\/wp-content\/uploads\/2023\/03\/calltoaction_far.jpg\" \/>\n\t<meta property=\"og:image:width\" content=\"1920\" \/>\n\t<meta property=\"og:image:height\" content=\"802\" \/>\n\t<meta property=\"og:image:type\" content=\"image\/jpeg\" \/>\n<meta name=\"twitter:card\" content=\"summary_large_image\" \/>\n<meta name=\"twitter:label1\" content=\"Gesch\u00e4tzte Lesezeit\" \/>\n\t<meta name=\"twitter:data1\" content=\"3\u00a0Minuten\" \/>\n<script type=\"application\/ld+json\" class=\"yoast-schema-graph\">{\"@context\":\"https:\/\/schema.org\",\"@graph\":[{\"@type\":\"WebPage\",\"@id\":\"https:\/\/farmerrain.com\/de\/zahlungsbedingungen\/\",\"url\":\"https:\/\/farmerrain.com\/de\/zahlungsbedingungen\/\",\"name\":\"Zahlungsbedingungen | Farmerrain - H\u00e5llbara regnkl\u00e4der\",\"isPartOf\":{\"@id\":\"https:\/\/farmerrain.com\/#website\"},\"primaryImageOfPage\":{\"@id\":\"https:\/\/farmerrain.com\/de\/zahlungsbedingungen\/#primaryimage\"},\"image\":{\"@id\":\"https:\/\/farmerrain.com\/de\/zahlungsbedingungen\/#primaryimage\"},\"thumbnailUrl\":\"https:\/\/farmerrain.com\/wp-content\/uploads\/2023\/03\/calltoaction_far.jpg\",\"datePublished\":\"2023-03-21T13:30:05+00:00\",\"dateModified\":\"2023-05-04T14:41:09+00:00\",\"description\":\"Zahlungsbedingungen Farmerrain ist im Besitz von Svenska Regnkl\u00e4ds Aktiebolaget, eingetragen in Schweden unter der Unternehmensnummer 559194-1280. Der\",\"inLanguage\":\"de\",\"potentialAction\":[{\"@type\":\"ReadAction\",\"target\":[\"https:\/\/farmerrain.com\/de\/zahlungsbedingungen\/\"]}]},{\"@type\":\"ImageObject\",\"inLanguage\":\"de\",\"@id\":\"https:\/\/farmerrain.com\/de\/zahlungsbedingungen\/#primaryimage\",\"url\":\"https:\/\/farmerrain.com\/wp-content\/uploads\/2023\/03\/calltoaction_far.jpg\",\"contentUrl\":\"https:\/\/farmerrain.com\/wp-content\/uploads\/2023\/03\/calltoaction_far.jpg\",\"width\":1920,\"height\":802},{\"@type\":\"WebSite\",\"@id\":\"https:\/\/farmerrain.com\/#website\",\"url\":\"https:\/\/farmerrain.com\/\",\"name\":\"Farmerrain - H\u00e5llbara regnkl\u00e4der\",\"description\":\"Regnkl\u00e4der med fokus p\u00e5 h\u00e5llbarhet, funktionalitet och unik design.\",\"publisher\":{\"@id\":\"https:\/\/farmerrain.com\/#organization\"},\"potentialAction\":[{\"@type\":\"SearchAction\",\"target\":{\"@type\":\"EntryPoint\",\"urlTemplate\":\"https:\/\/farmerrain.com\/?s={search_term_string}\"},\"query-input\":{\"@type\":\"PropertyValueSpecification\",\"valueRequired\":true,\"valueName\":\"search_term_string\"}}],\"inLanguage\":\"de\"},{\"@type\":\"Organization\",\"@id\":\"https:\/\/farmerrain.com\/#organization\",\"name\":\"Farmerrain\",\"url\":\"https:\/\/farmerrain.com\/\",\"logo\":{\"@type\":\"ImageObject\",\"inLanguage\":\"de\",\"@id\":\"https:\/\/farmerrain.com\/#\/schema\/logo\/image\/\",\"url\":\"https:\/\/farmerrain.com\/wp-content\/uploads\/2023\/03\/fr_logo.png\",\"contentUrl\":\"https:\/\/farmerrain.com\/wp-content\/uploads\/2023\/03\/fr_logo.png\",\"width\":179,\"height\":23,\"caption\":\"Farmerrain\"},\"image\":{\"@id\":\"https:\/\/farmerrain.com\/#\/schema\/logo\/image\/\"},\"sameAs\":[\"https:\/\/www.facebook.com\/people\/Farmerrain\/100063463901438\/\"]}]}<\/script>\n<!-- \/ Yoast SEO plugin. -->","yoast_head_json":{"title":"Zahlungsbedingungen | Farmerrain - H\u00e5llbara regnkl\u00e4der","description":"Zahlungsbedingungen Farmerrain ist im Besitz von Svenska Regnkl\u00e4ds Aktiebolaget, eingetragen in Schweden unter der Unternehmensnummer 559194-1280. Der","robots":{"index":"index","follow":"follow","max-snippet":"max-snippet:-1","max-image-preview":"max-image-preview:large","max-video-preview":"max-video-preview:-1"},"canonical":"https:\/\/farmerrain.com\/de\/zahlungsbedingungen\/","og_locale":"de_DE","og_type":"article","og_title":"Zahlungsbedingungen | Farmerrain - H\u00e5llbara regnkl\u00e4der","og_description":"Zahlungsbedingungen Farmerrain ist im Besitz von Svenska Regnkl\u00e4ds Aktiebolaget, eingetragen in Schweden unter der Unternehmensnummer 559194-1280. Der","og_url":"https:\/\/farmerrain.com\/de\/zahlungsbedingungen\/","og_site_name":"Farmerrain - H\u00e5llbara regnkl\u00e4der","article_publisher":"https:\/\/www.facebook.com\/people\/Farmerrain\/100063463901438\/","article_modified_time":"2023-05-04T14:41:09+00:00","og_image":[{"width":1920,"height":802,"url":"https:\/\/farmerrain.com\/wp-content\/uploads\/2023\/03\/calltoaction_far.jpg","type":"image\/jpeg"}],"twitter_card":"summary_large_image","twitter_misc":{"Gesch\u00e4tzte Lesezeit":"3\u00a0Minuten"},"schema":{"@context":"https:\/\/schema.org","@graph":[{"@type":"WebPage","@id":"https:\/\/farmerrain.com\/de\/zahlungsbedingungen\/","url":"https:\/\/farmerrain.com\/de\/zahlungsbedingungen\/","name":"Zahlungsbedingungen | Farmerrain - H\u00e5llbara regnkl\u00e4der","isPartOf":{"@id":"https:\/\/farmerrain.com\/#website"},"primaryImageOfPage":{"@id":"https:\/\/farmerrain.com\/de\/zahlungsbedingungen\/#primaryimage"},"image":{"@id":"https:\/\/farmerrain.com\/de\/zahlungsbedingungen\/#primaryimage"},"thumbnailUrl":"https:\/\/farmerrain.com\/wp-content\/uploads\/2023\/03\/calltoaction_far.jpg","datePublished":"2023-03-21T13:30:05+00:00","dateModified":"2023-05-04T14:41:09+00:00","description":"Zahlungsbedingungen Farmerrain ist im Besitz von Svenska Regnkl\u00e4ds Aktiebolaget, eingetragen in Schweden unter der Unternehmensnummer 559194-1280. Der","inLanguage":"de","potentialAction":[{"@type":"ReadAction","target":["https:\/\/farmerrain.com\/de\/zahlungsbedingungen\/"]}]},{"@type":"ImageObject","inLanguage":"de","@id":"https:\/\/farmerrain.com\/de\/zahlungsbedingungen\/#primaryimage","url":"https:\/\/farmerrain.com\/wp-content\/uploads\/2023\/03\/calltoaction_far.jpg","contentUrl":"https:\/\/farmerrain.com\/wp-content\/uploads\/2023\/03\/calltoaction_far.jpg","width":1920,"height":802},{"@type":"WebSite","@id":"https:\/\/farmerrain.com\/#website","url":"https:\/\/farmerrain.com\/","name":"Farmerrain - H\u00e5llbara regnkl\u00e4der","description":"Regnkl\u00e4der med fokus p\u00e5 h\u00e5llbarhet, funktionalitet och unik design.","publisher":{"@id":"https:\/\/farmerrain.com\/#organization"},"potentialAction":[{"@type":"SearchAction","target":{"@type":"EntryPoint","urlTemplate":"https:\/\/farmerrain.com\/?s={search_term_string}"},"query-input":{"@type":"PropertyValueSpecification","valueRequired":true,"valueName":"search_term_string"}}],"inLanguage":"de"},{"@type":"Organization","@id":"https:\/\/farmerrain.com\/#organization","name":"Farmerrain","url":"https:\/\/farmerrain.com\/","logo":{"@type":"ImageObject","inLanguage":"de","@id":"https:\/\/farmerrain.com\/#\/schema\/logo\/image\/","url":"https:\/\/farmerrain.com\/wp-content\/uploads\/2023\/03\/fr_logo.png","contentUrl":"https:\/\/farmerrain.com\/wp-content\/uploads\/2023\/03\/fr_logo.png","width":179,"height":23,"caption":"Farmerrain"},"image":{"@id":"https:\/\/farmerrain.com\/#\/schema\/logo\/image\/"},"sameAs":["https:\/\/www.facebook.com\/people\/Farmerrain\/100063463901438\/"]}]}},"_links":{"self":[{"href":"https:\/\/farmerrain.com\/de\/wp-json\/wp\/v2\/pages\/42561","targetHints":{"allow":["GET"]}}],"collection":[{"href":"https:\/\/farmerrain.com\/de\/wp-json\/wp\/v2\/pages"}],"about":[{"href":"https:\/\/farmerrain.com\/de\/wp-json\/wp\/v2\/types\/page"}],"author":[{"embeddable":true,"href":"https:\/\/farmerrain.com\/de\/wp-json\/wp\/v2\/users\/2"}],"replies":[{"embeddable":true,"href":"https:\/\/farmerrain.com\/de\/wp-json\/wp\/v2\/comments?post=42561"}],"version-history":[{"count":0,"href":"https:\/\/farmerrain.com\/de\/wp-json\/wp\/v2\/pages\/42561\/revisions"}],"wp:featuredmedia":[{"embeddable":true,"href":"https:\/\/farmerrain.com\/de\/wp-json\/wp\/v2\/media\/42351"}],"wp:attachment":[{"href":"https:\/\/farmerrain.com\/de\/wp-json\/wp\/v2\/media?parent=42561"}],"curies":[{"name":"wp","href":"https:\/\/api.w.org\/{rel}","templated":true}]}}