{"id":42559,"date":"2023-03-21T13:30:05","date_gmt":"2023-03-21T12:30:05","guid":{"rendered":"https:\/\/farmerrain.com\/unsere-verantwortung\/"},"modified":"2026-03-26T11:46:32","modified_gmt":"2026-03-26T10:46:32","slug":"unsere-verantwortung","status":"publish","type":"page","link":"https:\/\/farmerrain.com\/de\/unsere-verantwortung\/","title":{"rendered":"Unsere Verantwortung"},"content":{"rendered":"<div style=\"padding: 75% 0 0 0; position: relative;\"><iframe style=\"position: absolute; top: 0; left: 0; width: 100%; height: 100%;\" title=\"vA\u030art_ansvar_v1 (2160p)_511018882\" src=\"https:\/\/player.vimeo.com\/video\/1168384489?title=0&amp;byline=0&amp;portrait=0&amp;badge=0&amp;autopause=0&amp;player_id=0&amp;app_id=58479\" frameborder=\"0\"><\/iframe><\/div>\n<p><script src=\"https:\/\/player.vimeo.com\/api\/player.js\"><\/script><\/p>\n<p class=\"p3\"><span class=\"s1\">Wir achten auf den Schutz der Umwelt, leisten einen positiven Beitrag zur Gesellschaft und setzen uns f\u00fcr eine langfristig nachhaltige Entwicklung ein.<\/span><\/p>\n<p class=\"p3\"><span class=\"s1\">Farmerrain tr\u00e4gt zu einem verantwortungsbewussten Handeln bei, bei dem unsere Werte und Ethikrichtlinien uns bei unserer Arbeit leiten und uns helfen, einen hohen ethischen Gesch\u00e4ftsstandard aufrechtzuerhalten und zu f\u00f6rdern.<\/span><\/p>\n<p class=\"p2\"><span class=\"s1\">Wir streben danach, ein verantwortungsbewusstes, ehrliches und transparentes Unternehmen zu sein, und wir f\u00f6rdern den kontinuierlichen Dialog mit unseren Gesch\u00e4ftspartnern, sowohl Kunden als auch Lieferanten.<\/span><\/p>\n<p class=\"p2\"><span class=\"s1\">Wir gehen offen und ehrlich mit Mitarbeitern und Gesch\u00e4ftspartnern um und sehen dies als einen wichtigen Baustein f\u00fcr den Erfolg unseres Unternehmens.<\/span><\/p>\n<p class=\"p2\"><span class=\"s1\">Auf lange Sicht wird Ehrlichkeit im Gesch\u00e4ftsleben immer profitabel sein.<\/span><\/p>\n","protected":false},"excerpt":{"rendered":"<p>Wir achten auf den Schutz der Umwelt, leisten einen positiven Beitrag zur Gesellschaft und setzen uns f\u00fcr eine langfristig nachhaltige Entwicklung ein. Farmerrain tr\u00e4gt zu einem verantwortungsbewussten Handeln bei, bei dem unsere Werte und Ethikrichtlinien uns bei unserer Arbeit leiten und uns helfen, einen hohen ethischen Gesch\u00e4ftsstandard aufrechtzuerhalten und zu f\u00f6rdern. Wir streben danach, ein [&hellip;]<\/p>\n","protected":false},"author":2,"featured_media":42286,"parent":0,"menu_order":0,"comment_status":"open","ping_status":"open","template":"","meta":{"_acf_changed":false,"footnotes":""},"class_list":["post-42559","page","type-page","status-publish","has-post-thumbnail","hentry"],"acf":[],"yoast_head":"<!-- This site is optimized with the Yoast SEO plugin v27.2 - https:\/\/yoast.com\/product\/yoast-seo-wordpress\/ -->\n<title>Unsere Verantwortung | Farmerrain - H\u00e5llbara regnkl\u00e4der<\/title>\n<meta name=\"description\" content=\"Wir achten auf den Schutz der Umwelt, leisten einen positiven Beitrag zur Gesellschaft und setzen uns f\u00fcr eine langfristig nachhaltige Entwicklung ein.\" \/>\n<meta name=\"robots\" content=\"index, follow, max-snippet:-1, max-image-preview:large, max-video-preview:-1\" \/>\n<link rel=\"canonical\" href=\"https:\/\/farmerrain.com\/de\/unsere-verantwortung\/\" \/>\n<meta property=\"og:locale\" content=\"de_DE\" \/>\n<meta property=\"og:type\" content=\"article\" \/>\n<meta property=\"og:title\" content=\"Unsere Verantwortung | Farmerrain - H\u00e5llbara regnkl\u00e4der\" \/>\n<meta property=\"og:description\" content=\"Wir achten auf den Schutz der Umwelt, leisten einen positiven Beitrag zur Gesellschaft und setzen uns f\u00fcr eine langfristig nachhaltige Entwicklung ein.\" \/>\n<meta property=\"og:url\" content=\"https:\/\/farmerrain.com\/de\/unsere-verantwortung\/\" \/>\n<meta property=\"og:site_name\" content=\"Farmerrain - H\u00e5llbara regnkl\u00e4der\" \/>\n<meta property=\"article:publisher\" content=\"https:\/\/www.facebook.com\/people\/Farmerrain\/100063463901438\/\" \/>\n<meta property=\"article:modified_time\" content=\"2026-03-26T10:46:32+00:00\" \/>\n<meta property=\"og:image\" content=\"https:\/\/farmerrain.com\/wp-content\/uploads\/2023\/03\/subpage_wide-jpg.webp\" \/>\n\t<meta property=\"og:image:width\" content=\"1920\" \/>\n\t<meta property=\"og:image:height\" content=\"568\" \/>\n\t<meta property=\"og:image:type\" content=\"image\/jpeg\" \/>\n<meta name=\"twitter:card\" content=\"summary_large_image\" \/>\n<meta name=\"twitter:label1\" content=\"Gesch\u00e4tzte Lesezeit\" \/>\n\t<meta name=\"twitter:data1\" content=\"1\u00a0Minute\" \/>\n<script type=\"application\/ld+json\" class=\"yoast-schema-graph\">{\"@context\":\"https:\/\/schema.org\",\"@graph\":[{\"@type\":\"WebPage\",\"@id\":\"https:\/\/farmerrain.com\/de\/unsere-verantwortung\/\",\"url\":\"https:\/\/farmerrain.com\/de\/unsere-verantwortung\/\",\"name\":\"Unsere Verantwortung | Farmerrain - H\u00e5llbara regnkl\u00e4der\",\"isPartOf\":{\"@id\":\"https:\/\/farmerrain.com\/#website\"},\"primaryImageOfPage\":{\"@id\":\"https:\/\/farmerrain.com\/de\/unsere-verantwortung\/#primaryimage\"},\"image\":{\"@id\":\"https:\/\/farmerrain.com\/de\/unsere-verantwortung\/#primaryimage\"},\"thumbnailUrl\":\"https:\/\/farmerrain.com\/wp-content\/uploads\/2023\/03\/subpage_wide-jpg.webp\",\"datePublished\":\"2023-03-21T12:30:05+00:00\",\"dateModified\":\"2026-03-26T10:46:32+00:00\",\"description\":\"Wir achten auf den Schutz der Umwelt, leisten einen positiven Beitrag zur Gesellschaft und setzen uns f\u00fcr eine langfristig nachhaltige Entwicklung ein.\",\"inLanguage\":\"de\",\"potentialAction\":[{\"@type\":\"ReadAction\",\"target\":[\"https:\/\/farmerrain.com\/de\/unsere-verantwortung\/\"]}]},{\"@type\":\"ImageObject\",\"inLanguage\":\"de\",\"@id\":\"https:\/\/farmerrain.com\/de\/unsere-verantwortung\/#primaryimage\",\"url\":\"https:\/\/farmerrain.com\/wp-content\/uploads\/2023\/03\/subpage_wide-jpg.webp\",\"contentUrl\":\"https:\/\/farmerrain.com\/wp-content\/uploads\/2023\/03\/subpage_wide-jpg.webp\",\"width\":1920,\"height\":568},{\"@type\":\"WebSite\",\"@id\":\"https:\/\/farmerrain.com\/#website\",\"url\":\"https:\/\/farmerrain.com\/\",\"name\":\"Farmerrain - H\u00e5llbara regnkl\u00e4der\",\"description\":\"Regnkl\u00e4der med fokus p\u00e5 h\u00e5llbarhet, funktionalitet och unik design.\",\"publisher\":{\"@id\":\"https:\/\/farmerrain.com\/#organization\"},\"potentialAction\":[{\"@type\":\"SearchAction\",\"target\":{\"@type\":\"EntryPoint\",\"urlTemplate\":\"https:\/\/farmerrain.com\/?s={search_term_string}\"},\"query-input\":{\"@type\":\"PropertyValueSpecification\",\"valueRequired\":true,\"valueName\":\"search_term_string\"}}],\"inLanguage\":\"de\"},{\"@type\":\"Organization\",\"@id\":\"https:\/\/farmerrain.com\/#organization\",\"name\":\"Farmerrain\",\"url\":\"https:\/\/farmerrain.com\/\",\"logo\":{\"@type\":\"ImageObject\",\"inLanguage\":\"de\",\"@id\":\"https:\/\/farmerrain.com\/#\/schema\/logo\/image\/\",\"url\":\"https:\/\/farmerrain.com\/wp-content\/uploads\/2023\/03\/fr_logo.png\",\"contentUrl\":\"https:\/\/farmerrain.com\/wp-content\/uploads\/2023\/03\/fr_logo.png\",\"width\":179,\"height\":23,\"caption\":\"Farmerrain\"},\"image\":{\"@id\":\"https:\/\/farmerrain.com\/#\/schema\/logo\/image\/\"},\"sameAs\":[\"https:\/\/www.facebook.com\/people\/Farmerrain\/100063463901438\/\"]}]}<\/script>\n<!-- \/ Yoast SEO plugin. -->","yoast_head_json":{"title":"Unsere Verantwortung | Farmerrain - H\u00e5llbara regnkl\u00e4der","description":"Wir achten auf den Schutz der Umwelt, leisten einen positiven Beitrag zur Gesellschaft und setzen uns f\u00fcr eine langfristig nachhaltige Entwicklung ein.","robots":{"index":"index","follow":"follow","max-snippet":"max-snippet:-1","max-image-preview":"max-image-preview:large","max-video-preview":"max-video-preview:-1"},"canonical":"https:\/\/farmerrain.com\/de\/unsere-verantwortung\/","og_locale":"de_DE","og_type":"article","og_title":"Unsere Verantwortung | Farmerrain - H\u00e5llbara regnkl\u00e4der","og_description":"Wir achten auf den Schutz der Umwelt, leisten einen positiven Beitrag zur Gesellschaft und setzen uns f\u00fcr eine langfristig nachhaltige Entwicklung ein.","og_url":"https:\/\/farmerrain.com\/de\/unsere-verantwortung\/","og_site_name":"Farmerrain - H\u00e5llbara regnkl\u00e4der","article_publisher":"https:\/\/www.facebook.com\/people\/Farmerrain\/100063463901438\/","article_modified_time":"2026-03-26T10:46:32+00:00","og_image":[{"width":1920,"height":568,"url":"https:\/\/farmerrain.com\/wp-content\/uploads\/2023\/03\/subpage_wide-jpg.webp","type":"image\/jpeg"}],"twitter_card":"summary_large_image","twitter_misc":{"Gesch\u00e4tzte Lesezeit":"1\u00a0Minute"},"schema":{"@context":"https:\/\/schema.org","@graph":[{"@type":"WebPage","@id":"https:\/\/farmerrain.com\/de\/unsere-verantwortung\/","url":"https:\/\/farmerrain.com\/de\/unsere-verantwortung\/","name":"Unsere Verantwortung | Farmerrain - H\u00e5llbara regnkl\u00e4der","isPartOf":{"@id":"https:\/\/farmerrain.com\/#website"},"primaryImageOfPage":{"@id":"https:\/\/farmerrain.com\/de\/unsere-verantwortung\/#primaryimage"},"image":{"@id":"https:\/\/farmerrain.com\/de\/unsere-verantwortung\/#primaryimage"},"thumbnailUrl":"https:\/\/farmerrain.com\/wp-content\/uploads\/2023\/03\/subpage_wide-jpg.webp","datePublished":"2023-03-21T12:30:05+00:00","dateModified":"2026-03-26T10:46:32+00:00","description":"Wir achten auf den Schutz der Umwelt, leisten einen positiven Beitrag zur Gesellschaft und setzen uns f\u00fcr eine langfristig nachhaltige Entwicklung ein.","inLanguage":"de","potentialAction":[{"@type":"ReadAction","target":["https:\/\/farmerrain.com\/de\/unsere-verantwortung\/"]}]},{"@type":"ImageObject","inLanguage":"de","@id":"https:\/\/farmerrain.com\/de\/unsere-verantwortung\/#primaryimage","url":"https:\/\/farmerrain.com\/wp-content\/uploads\/2023\/03\/subpage_wide-jpg.webp","contentUrl":"https:\/\/farmerrain.com\/wp-content\/uploads\/2023\/03\/subpage_wide-jpg.webp","width":1920,"height":568},{"@type":"WebSite","@id":"https:\/\/farmerrain.com\/#website","url":"https:\/\/farmerrain.com\/","name":"Farmerrain - H\u00e5llbara regnkl\u00e4der","description":"Regnkl\u00e4der med fokus p\u00e5 h\u00e5llbarhet, funktionalitet och unik design.","publisher":{"@id":"https:\/\/farmerrain.com\/#organization"},"potentialAction":[{"@type":"SearchAction","target":{"@type":"EntryPoint","urlTemplate":"https:\/\/farmerrain.com\/?s={search_term_string}"},"query-input":{"@type":"PropertyValueSpecification","valueRequired":true,"valueName":"search_term_string"}}],"inLanguage":"de"},{"@type":"Organization","@id":"https:\/\/farmerrain.com\/#organization","name":"Farmerrain","url":"https:\/\/farmerrain.com\/","logo":{"@type":"ImageObject","inLanguage":"de","@id":"https:\/\/farmerrain.com\/#\/schema\/logo\/image\/","url":"https:\/\/farmerrain.com\/wp-content\/uploads\/2023\/03\/fr_logo.png","contentUrl":"https:\/\/farmerrain.com\/wp-content\/uploads\/2023\/03\/fr_logo.png","width":179,"height":23,"caption":"Farmerrain"},"image":{"@id":"https:\/\/farmerrain.com\/#\/schema\/logo\/image\/"},"sameAs":["https:\/\/www.facebook.com\/people\/Farmerrain\/100063463901438\/"]}]}},"_links":{"self":[{"href":"https:\/\/farmerrain.com\/de\/wp-json\/wp\/v2\/pages\/42559","targetHints":{"allow":["GET"]}}],"collection":[{"href":"https:\/\/farmerrain.com\/de\/wp-json\/wp\/v2\/pages"}],"about":[{"href":"https:\/\/farmerrain.com\/de\/wp-json\/wp\/v2\/types\/page"}],"author":[{"embeddable":true,"href":"https:\/\/farmerrain.com\/de\/wp-json\/wp\/v2\/users\/2"}],"replies":[{"embeddable":true,"href":"https:\/\/farmerrain.com\/de\/wp-json\/wp\/v2\/comments?post=42559"}],"version-history":[{"count":2,"href":"https:\/\/farmerrain.com\/de\/wp-json\/wp\/v2\/pages\/42559\/revisions"}],"predecessor-version":[{"id":81524,"href":"https:\/\/farmerrain.com\/de\/wp-json\/wp\/v2\/pages\/42559\/revisions\/81524"}],"wp:featuredmedia":[{"embeddable":true,"href":"https:\/\/farmerrain.com\/de\/wp-json\/wp\/v2\/media\/42286"}],"wp:attachment":[{"href":"https:\/\/farmerrain.com\/de\/wp-json\/wp\/v2\/media?parent=42559"}],"curies":[{"name":"wp","href":"https:\/\/api.w.org\/{rel}","templated":true}]}}