{"id":42558,"date":"2023-03-21T13:30:05","date_gmt":"2023-03-21T13:30:05","guid":{"rendered":"https:\/\/farmerrain.com\/kontaktieren-sie-uns\/"},"modified":"2023-03-21T13:36:53","modified_gmt":"2023-03-21T13:36:53","slug":"kontaktieren-sie-uns","status":"publish","type":"page","link":"https:\/\/farmerrain.com\/de\/kontaktieren-sie-uns\/","title":{"rendered":"Kontaktieren Sie uns"},"content":{"rendered":"<h3>Farmerrain Kundenbetreuung:<\/h3>\n<p><span style=\"color: #000000;\"><strong><a href=\"mailto:support@farmerrain.com\">support@farmerrain.com<\/a><\/strong><br \/>\n<\/span><span style=\"color: #000000;\"><strong><a href=\"tel:004647122065\">Tel: +46471-22065<\/a><\/strong> (Wochentags von 10:00 bis 17:00 Uhr)<\/span><\/p>\n<h3><span style=\"color: #000000;\">Unternehmensinformationen:<\/span><\/h3>\n<p><span style=\"color: #000000;\">Svenska Regnkl\u00e4ds Aktiebolaget<\/span><br \/>\n<span style=\"color: #000000;\">K\u00e4sem\u00e5la 106<\/span><br \/>\n<span style=\"color: #000000;\">36192 Emmaboda<br \/>\n<strong><a href=\"mailto:info@farmerrain.com\">info@farmerrain.com<\/a><\/strong><\/span><\/p>\n<h3><span style=\"color: #000000;\">Rechte an geistigem Eigentum:<\/span><\/h3>\n<p>Das geistige Eigentum, wie das Warenzeichen und die Domain auf dieser Webseite und alle Inhalte die auf dieser Webseite ver\u00f6ffentlicht werden geh\u00f6ren Farmerrain. Jegliche Weiterverwendung der Webseite oder ihrer Inhalte, einschlie\u00dflich der Vervielf\u00e4ltigung und Speicherung, ist ohne die Zustimmung von Farmerrain untersagt, au\u00dfer sie ist f\u00fcr den privaten, nicht gewerblichen Gebrauch bestimmt.<\/p>\n<p>https:\/\/farmerrain.com\/wp-content\/uploads\/2021\/02\/Oss-sjalva-scaled.jpg<\/p>\n","protected":false},"excerpt":{"rendered":"<p>Farmerrain Kundenbetreuung: support@farmerrain.com Tel: +46471-22065 (Wochentags von 10:00 bis 17:00 Uhr) Unternehmensinformationen: Svenska Regnkl\u00e4ds Aktiebolaget K\u00e4sem\u00e5la 106 36192 Emmaboda info@farmerrain.com Rechte an geistigem Eigentum: Das geistige Eigentum, wie das Warenzeichen und die Domain auf dieser Webseite und alle Inhalte die auf dieser Webseite ver\u00f6ffentlicht werden geh\u00f6ren Farmerrain. Jegliche Weiterverwendung der Webseite oder ihrer Inhalte, einschlie\u00dflich [&hellip;]<\/p>\n","protected":false},"author":2,"featured_media":42652,"parent":0,"menu_order":0,"comment_status":"open","ping_status":"open","template":"","meta":{"_acf_changed":false,"footnotes":""},"class_list":["post-42558","page","type-page","status-publish","has-post-thumbnail","hentry"],"acf":[],"yoast_head":"<!-- This site is optimized with the Yoast SEO plugin v27.2 - https:\/\/yoast.com\/product\/yoast-seo-wordpress\/ -->\n<title>Kontaktieren Sie uns | Farmerrain - H\u00e5llbara regnkl\u00e4der<\/title>\n<meta name=\"description\" content=\"Farmerrain Kundenbetreuung: support@farmerrain.com Tel: +46471-22065 (Wochentags von 10:00 bis 17:00 Uhr) Unternehmensinformationen: Svenska Regnkl\u00e4ds\" \/>\n<meta name=\"robots\" content=\"index, follow, max-snippet:-1, max-image-preview:large, max-video-preview:-1\" \/>\n<link rel=\"canonical\" href=\"https:\/\/farmerrain.com\/de\/kontaktieren-sie-uns\/\" \/>\n<meta property=\"og:locale\" content=\"de_DE\" \/>\n<meta property=\"og:type\" content=\"article\" \/>\n<meta property=\"og:title\" content=\"Kontaktieren Sie uns | Farmerrain - H\u00e5llbara regnkl\u00e4der\" \/>\n<meta property=\"og:description\" content=\"Farmerrain Kundenbetreuung: support@farmerrain.com Tel: +46471-22065 (Wochentags von 10:00 bis 17:00 Uhr) Unternehmensinformationen: Svenska Regnkl\u00e4ds\" \/>\n<meta property=\"og:url\" content=\"https:\/\/farmerrain.com\/de\/kontaktieren-sie-uns\/\" \/>\n<meta property=\"og:site_name\" content=\"Farmerrain - H\u00e5llbara regnkl\u00e4der\" \/>\n<meta property=\"article:publisher\" content=\"https:\/\/www.facebook.com\/people\/Farmerrain\/100063463901438\/\" \/>\n<meta property=\"article:modified_time\" content=\"2023-03-21T13:36:53+00:00\" \/>\n<meta property=\"og:image\" content=\"https:\/\/farmerrain.com\/wp-content\/uploads\/2023\/03\/Anna-Kappa--jpg.webp\" \/>\n\t<meta property=\"og:image:width\" content=\"1728\" \/>\n\t<meta property=\"og:image:height\" content=\"851\" \/>\n\t<meta property=\"og:image:type\" content=\"image\/jpeg\" \/>\n<meta name=\"twitter:card\" content=\"summary_large_image\" \/>\n<script type=\"application\/ld+json\" class=\"yoast-schema-graph\">{\"@context\":\"https:\/\/schema.org\",\"@graph\":[{\"@type\":\"WebPage\",\"@id\":\"https:\/\/farmerrain.com\/de\/kontaktieren-sie-uns\/\",\"url\":\"https:\/\/farmerrain.com\/de\/kontaktieren-sie-uns\/\",\"name\":\"Kontaktieren Sie uns | Farmerrain - H\u00e5llbara regnkl\u00e4der\",\"isPartOf\":{\"@id\":\"https:\/\/farmerrain.com\/#website\"},\"primaryImageOfPage\":{\"@id\":\"https:\/\/farmerrain.com\/de\/kontaktieren-sie-uns\/#primaryimage\"},\"image\":{\"@id\":\"https:\/\/farmerrain.com\/de\/kontaktieren-sie-uns\/#primaryimage\"},\"thumbnailUrl\":\"https:\/\/farmerrain.com\/wp-content\/uploads\/2023\/03\/Anna-Kappa--jpg.webp\",\"datePublished\":\"2023-03-21T13:30:05+00:00\",\"dateModified\":\"2023-03-21T13:36:53+00:00\",\"description\":\"Farmerrain Kundenbetreuung: support@farmerrain.com Tel: +46471-22065 (Wochentags von 10:00 bis 17:00 Uhr) Unternehmensinformationen: Svenska Regnkl\u00e4ds\",\"inLanguage\":\"de\",\"potentialAction\":[{\"@type\":\"ReadAction\",\"target\":[\"https:\/\/farmerrain.com\/de\/kontaktieren-sie-uns\/\"]}]},{\"@type\":\"ImageObject\",\"inLanguage\":\"de\",\"@id\":\"https:\/\/farmerrain.com\/de\/kontaktieren-sie-uns\/#primaryimage\",\"url\":\"https:\/\/farmerrain.com\/wp-content\/uploads\/2023\/03\/Anna-Kappa--jpg.webp\",\"contentUrl\":\"https:\/\/farmerrain.com\/wp-content\/uploads\/2023\/03\/Anna-Kappa--jpg.webp\",\"width\":1728,\"height\":851},{\"@type\":\"WebSite\",\"@id\":\"https:\/\/farmerrain.com\/#website\",\"url\":\"https:\/\/farmerrain.com\/\",\"name\":\"Farmerrain - H\u00e5llbara regnkl\u00e4der\",\"description\":\"Regnkl\u00e4der med fokus p\u00e5 h\u00e5llbarhet, funktionalitet och unik design.\",\"publisher\":{\"@id\":\"https:\/\/farmerrain.com\/#organization\"},\"potentialAction\":[{\"@type\":\"SearchAction\",\"target\":{\"@type\":\"EntryPoint\",\"urlTemplate\":\"https:\/\/farmerrain.com\/?s={search_term_string}\"},\"query-input\":{\"@type\":\"PropertyValueSpecification\",\"valueRequired\":true,\"valueName\":\"search_term_string\"}}],\"inLanguage\":\"de\"},{\"@type\":\"Organization\",\"@id\":\"https:\/\/farmerrain.com\/#organization\",\"name\":\"Farmerrain\",\"url\":\"https:\/\/farmerrain.com\/\",\"logo\":{\"@type\":\"ImageObject\",\"inLanguage\":\"de\",\"@id\":\"https:\/\/farmerrain.com\/#\/schema\/logo\/image\/\",\"url\":\"https:\/\/farmerrain.com\/wp-content\/uploads\/2023\/03\/fr_logo.png\",\"contentUrl\":\"https:\/\/farmerrain.com\/wp-content\/uploads\/2023\/03\/fr_logo.png\",\"width\":179,\"height\":23,\"caption\":\"Farmerrain\"},\"image\":{\"@id\":\"https:\/\/farmerrain.com\/#\/schema\/logo\/image\/\"},\"sameAs\":[\"https:\/\/www.facebook.com\/people\/Farmerrain\/100063463901438\/\"]}]}<\/script>\n<!-- \/ Yoast SEO plugin. -->","yoast_head_json":{"title":"Kontaktieren Sie uns | Farmerrain - H\u00e5llbara regnkl\u00e4der","description":"Farmerrain Kundenbetreuung: support@farmerrain.com Tel: +46471-22065 (Wochentags von 10:00 bis 17:00 Uhr) Unternehmensinformationen: Svenska Regnkl\u00e4ds","robots":{"index":"index","follow":"follow","max-snippet":"max-snippet:-1","max-image-preview":"max-image-preview:large","max-video-preview":"max-video-preview:-1"},"canonical":"https:\/\/farmerrain.com\/de\/kontaktieren-sie-uns\/","og_locale":"de_DE","og_type":"article","og_title":"Kontaktieren Sie uns | Farmerrain - H\u00e5llbara regnkl\u00e4der","og_description":"Farmerrain Kundenbetreuung: support@farmerrain.com Tel: +46471-22065 (Wochentags von 10:00 bis 17:00 Uhr) Unternehmensinformationen: Svenska Regnkl\u00e4ds","og_url":"https:\/\/farmerrain.com\/de\/kontaktieren-sie-uns\/","og_site_name":"Farmerrain - H\u00e5llbara regnkl\u00e4der","article_publisher":"https:\/\/www.facebook.com\/people\/Farmerrain\/100063463901438\/","article_modified_time":"2023-03-21T13:36:53+00:00","og_image":[{"width":1728,"height":851,"url":"https:\/\/farmerrain.com\/wp-content\/uploads\/2023\/03\/Anna-Kappa--jpg.webp","type":"image\/jpeg"}],"twitter_card":"summary_large_image","schema":{"@context":"https:\/\/schema.org","@graph":[{"@type":"WebPage","@id":"https:\/\/farmerrain.com\/de\/kontaktieren-sie-uns\/","url":"https:\/\/farmerrain.com\/de\/kontaktieren-sie-uns\/","name":"Kontaktieren Sie uns | Farmerrain - H\u00e5llbara regnkl\u00e4der","isPartOf":{"@id":"https:\/\/farmerrain.com\/#website"},"primaryImageOfPage":{"@id":"https:\/\/farmerrain.com\/de\/kontaktieren-sie-uns\/#primaryimage"},"image":{"@id":"https:\/\/farmerrain.com\/de\/kontaktieren-sie-uns\/#primaryimage"},"thumbnailUrl":"https:\/\/farmerrain.com\/wp-content\/uploads\/2023\/03\/Anna-Kappa--jpg.webp","datePublished":"2023-03-21T13:30:05+00:00","dateModified":"2023-03-21T13:36:53+00:00","description":"Farmerrain Kundenbetreuung: support@farmerrain.com Tel: +46471-22065 (Wochentags von 10:00 bis 17:00 Uhr) Unternehmensinformationen: Svenska Regnkl\u00e4ds","inLanguage":"de","potentialAction":[{"@type":"ReadAction","target":["https:\/\/farmerrain.com\/de\/kontaktieren-sie-uns\/"]}]},{"@type":"ImageObject","inLanguage":"de","@id":"https:\/\/farmerrain.com\/de\/kontaktieren-sie-uns\/#primaryimage","url":"https:\/\/farmerrain.com\/wp-content\/uploads\/2023\/03\/Anna-Kappa--jpg.webp","contentUrl":"https:\/\/farmerrain.com\/wp-content\/uploads\/2023\/03\/Anna-Kappa--jpg.webp","width":1728,"height":851},{"@type":"WebSite","@id":"https:\/\/farmerrain.com\/#website","url":"https:\/\/farmerrain.com\/","name":"Farmerrain - H\u00e5llbara regnkl\u00e4der","description":"Regnkl\u00e4der med fokus p\u00e5 h\u00e5llbarhet, funktionalitet och unik design.","publisher":{"@id":"https:\/\/farmerrain.com\/#organization"},"potentialAction":[{"@type":"SearchAction","target":{"@type":"EntryPoint","urlTemplate":"https:\/\/farmerrain.com\/?s={search_term_string}"},"query-input":{"@type":"PropertyValueSpecification","valueRequired":true,"valueName":"search_term_string"}}],"inLanguage":"de"},{"@type":"Organization","@id":"https:\/\/farmerrain.com\/#organization","name":"Farmerrain","url":"https:\/\/farmerrain.com\/","logo":{"@type":"ImageObject","inLanguage":"de","@id":"https:\/\/farmerrain.com\/#\/schema\/logo\/image\/","url":"https:\/\/farmerrain.com\/wp-content\/uploads\/2023\/03\/fr_logo.png","contentUrl":"https:\/\/farmerrain.com\/wp-content\/uploads\/2023\/03\/fr_logo.png","width":179,"height":23,"caption":"Farmerrain"},"image":{"@id":"https:\/\/farmerrain.com\/#\/schema\/logo\/image\/"},"sameAs":["https:\/\/www.facebook.com\/people\/Farmerrain\/100063463901438\/"]}]}},"_links":{"self":[{"href":"https:\/\/farmerrain.com\/de\/wp-json\/wp\/v2\/pages\/42558","targetHints":{"allow":["GET"]}}],"collection":[{"href":"https:\/\/farmerrain.com\/de\/wp-json\/wp\/v2\/pages"}],"about":[{"href":"https:\/\/farmerrain.com\/de\/wp-json\/wp\/v2\/types\/page"}],"author":[{"embeddable":true,"href":"https:\/\/farmerrain.com\/de\/wp-json\/wp\/v2\/users\/2"}],"replies":[{"embeddable":true,"href":"https:\/\/farmerrain.com\/de\/wp-json\/wp\/v2\/comments?post=42558"}],"version-history":[{"count":0,"href":"https:\/\/farmerrain.com\/de\/wp-json\/wp\/v2\/pages\/42558\/revisions"}],"wp:featuredmedia":[{"embeddable":true,"href":"https:\/\/farmerrain.com\/de\/wp-json\/wp\/v2\/media\/42652"}],"wp:attachment":[{"href":"https:\/\/farmerrain.com\/de\/wp-json\/wp\/v2\/media?parent=42558"}],"curies":[{"name":"wp","href":"https:\/\/api.w.org\/{rel}","templated":true}]}}