{"id":42555,"date":"2023-03-21T13:30:05","date_gmt":"2023-03-21T12:30:05","guid":{"rendered":"https:\/\/farmerrain.com\/pflegeanleitung\/"},"modified":"2023-05-05T09:23:08","modified_gmt":"2023-05-05T09:23:08","slug":"pflegeanleitung","status":"publish","type":"page","link":"https:\/\/farmerrain.com\/de\/pflegeanleitung\/","title":{"rendered":"Pflegeanleitung"},"content":{"rendered":"<h2>Pflegeanleitung<\/h2>\n<p>Es ist manchmal leicht zu vergessen, dass alle Produkte, die wir kaufen, einen Eindruck auf unserem Planeten hinterlassen. Deshalb wollen wir unseren Kunden die M\u00f6glichkeit geben, Regenbekleidung zu kaufen, die mit R\u00fccksicht auf Mensch und Umwelt hergestellt wird.<\/p>\n<p>Unser Ziel und unser Wunsch ist es, dass unsere Produkte \u00fcber Generationen hinweg getragen werden. Sie sind f\u00fcr eine m\u00f6glichst lange Lebensdauer sowohl bei der Materialauswahl als auch bei der Produktion konzipiert und konstruiert. Wir f\u00f6rdern eine langfristigere Art des Konsums.<\/p>\n<p>Die bestm\u00f6gliche Pflege eines Kleidungsst\u00fccks ist eine der einfachsten M\u00f6glichkeiten, das Kleidungsst\u00fcck in gutem Zustand zu halten, so dass Sie es viele Jahre lang genie\u00dfen k\u00f6nnen.<\/p>\n<p>Da die helleren Farben und besonders die gl\u00e4nzenden Farben andere Farben anziehen, sollten Sie keine dunklen Farben neben Ihrer Regenbekleidung h\u00e4ngen haben.<\/p>\n<p>Vor allem Leder und Kunstleder f\u00e4rben die Regenbekleidung ab.<\/p>\n<h3>Waschen<\/h3>\n<p>Um unsere Umwelt und auch die Kleidung zu sch\u00fctzen, waschen Sie sie nicht unn\u00f6tig! Vinylkleidung ist in der Regel leicht zu reinigen und trocken zu halten.<\/p>\n<p>Wenn das Kleidungsst\u00fcck gereinigt werden muss, geschieht dies vor allem mit einem feuchten Tuch ohne Reinigungsmittel, lauwarmes Wasser ist in der Regel ausreichend. Wenn das Kleidungsst\u00fcck wirklich schmutzig ist, k\u00f6nnen Sie nat\u00fcrlich auch unbemalte Seife verwenden. Dadurch erh\u00e4lt das Kleidungsst\u00fcck eine wasser- und schmutzabweisende Oberfl\u00e4che und f\u00fchlt sich neu und frisch an.<\/p>\n<p>Wenn Sie das Kleidungsst\u00fcck aus irgendeinem Grund in der Maschine waschen wollen, sollte dies bei 40 \u00b0 C ohne Klarsp\u00fcler erfolgen, vorzugsweise nach au\u00dfen gedreht. Niemals im W\u00e4schetrockner nachtr\u00e4glich trocknen. Nach dem Waschen sollten Sie das Kleidungsst\u00fcck an der Luft trocknen.<\/p>\n\t<div class=\"swiper pageSwiper\">\n\t\t<div class=\"swiper-wrapper\">\n\t\t\t\t\t\t\t\t<div class=\"swiper-slide\">\n\t\t\t\t\t\t<div class=\"background\">\n\t\t\t\t\t\t\t<img decoding=\"async\" class=\"background__image\" src=\"https:\/\/farmerrain.com\/wp-content\/uploads\/2023\/03\/rainyday-2.png\" alt=\"\">\n\t\t\t\t\t\t<\/div>\n\t\t\t\t\t<\/div>\n\t\t\t\t\t\t\t<\/div>\n\t\t<div class=\"swiper-button-next\"><\/div>\n\t\t<div class=\"swiper-button-prev\"><\/div>\n\t\t<div class=\"swiper-pagination\"><\/div>\n\t<\/div>\n<h3>Falten auf Ihrer Kleidung<\/h3>\n<p>Wenn Sie Ihr Kleidungsst\u00fcck nach Hause bringen, ist es gut, wenn Sie es aufh\u00e4ngen. Auf diese Weise vermeiden Sie viele der Faltenspuren, die Ihr Kleidungsst\u00fcck erh\u00e4lt, wenn es in der Verpackung ist.<\/p>\n<p>Sollte es sich um zus\u00e4tzliche oder etwas gr\u00f6\u00dfere Falten handeln, k\u00f6nnen Sie das Kleidungsst\u00fcck auf der Innenseite mit Vorsicht und bei niedrigen Temperaturen b\u00fcgeln. Du solltest eine Art Stoffschicht zwischen dem Regenanzug und der W\u00e4rmequelle haben.<\/p>\n<p>In vielen unserer Kleidungsst\u00fccke befindet sich eine Innentasche. Sie k\u00f6nnen Ihr Telefon oder \u00e4hnliches dort vorteilhaft aufbewahren, um Wassersch\u00e4den zu vermeiden.<\/p>\n<h3>Nachdenken \u00fcber<\/h3>\n<p>Sollten Sie einen Knopf vermissen oder verlieren, denken Sie daran, dass Sie mit dem richtigen Werkzeug einen neuen einsetzen k\u00f6nnen. Bei Bedarf k\u00f6nnen wir einfache Werkzeuge und Kn\u00f6pfe anbieten, damit das Kleidungsst\u00fcck repariert werden kann.<\/p>\n<p>Wenn Sie Zweifel oder Unsicherheiten im Umgang mit Ihren Kleidungsst\u00fccken haben, k\u00f6nnen Sie sich an uns wenden und wir k\u00f6nnen Ihnen mit Tipps und Ratschl\u00e4gen helfen.<\/p>\n<p>&nbsp;<\/p>\n","protected":false},"excerpt":{"rendered":"<p>Pflegeanleitung Es ist manchmal leicht zu vergessen, dass alle Produkte, die wir kaufen, einen Eindruck auf unserem Planeten hinterlassen. Deshalb wollen wir unseren Kunden die M\u00f6glichkeit geben, Regenbekleidung zu kaufen, die mit R\u00fccksicht auf Mensch und Umwelt hergestellt wird. Unser Ziel und unser Wunsch ist es, dass unsere Produkte \u00fcber Generationen hinweg getragen werden. Sie [&hellip;]<\/p>\n","protected":false},"author":2,"featured_media":42268,"parent":0,"menu_order":0,"comment_status":"open","ping_status":"open","template":"","meta":{"_acf_changed":false,"footnotes":""},"class_list":["post-42555","page","type-page","status-publish","has-post-thumbnail","hentry"],"acf":[],"yoast_head":"<!-- This site is optimized with the Yoast SEO plugin v27.5 - https:\/\/yoast.com\/product\/yoast-seo-wordpress\/ -->\n<title>Pflegeanleitung | Farmerrain - H\u00e5llbara regnkl\u00e4der<\/title>\n<meta name=\"description\" content=\"Pflegeanleitung Es ist manchmal leicht zu vergessen, dass alle Produkte, die wir kaufen, einen Eindruck auf unserem Planeten hinterlassen. Deshalb wollen\" \/>\n<meta name=\"robots\" content=\"index, follow, max-snippet:-1, max-image-preview:large, max-video-preview:-1\" \/>\n<link rel=\"canonical\" href=\"https:\/\/farmerrain.com\/de\/pflegeanleitung\/\" \/>\n<meta property=\"og:locale\" content=\"de_DE\" \/>\n<meta property=\"og:type\" content=\"article\" \/>\n<meta property=\"og:title\" content=\"Pflegeanleitung | Farmerrain - H\u00e5llbara regnkl\u00e4der\" \/>\n<meta property=\"og:description\" content=\"Pflegeanleitung Es ist manchmal leicht zu vergessen, dass alle Produkte, die wir kaufen, einen Eindruck auf unserem Planeten hinterlassen. Deshalb wollen\" \/>\n<meta property=\"og:url\" content=\"https:\/\/farmerrain.com\/de\/pflegeanleitung\/\" \/>\n<meta property=\"og:site_name\" content=\"Farmerrain - H\u00e5llbara regnkl\u00e4der\" \/>\n<meta property=\"article:publisher\" content=\"https:\/\/www.facebook.com\/people\/Farmerrain\/100063463901438\/\" \/>\n<meta property=\"article:modified_time\" content=\"2023-05-05T09:23:08+00:00\" \/>\n<meta property=\"og:image\" content=\"https:\/\/farmerrain.com\/wp-content\/uploads\/2023\/03\/DSC2126-jpg.webp\" \/>\n\t<meta property=\"og:image:width\" content=\"1212\" \/>\n\t<meta property=\"og:image:height\" content=\"808\" \/>\n\t<meta property=\"og:image:type\" content=\"image\/jpeg\" \/>\n<meta name=\"twitter:card\" content=\"summary_large_image\" \/>\n<meta name=\"twitter:label1\" content=\"Gesch\u00e4tzte Lesezeit\" \/>\n\t<meta name=\"twitter:data1\" content=\"3\u00a0Minuten\" \/>\n<script type=\"application\/ld+json\" class=\"yoast-schema-graph\">{\"@context\":\"https:\\\/\\\/schema.org\",\"@graph\":[{\"@type\":\"WebPage\",\"@id\":\"https:\\\/\\\/farmerrain.com\\\/de\\\/pflegeanleitung\\\/\",\"url\":\"https:\\\/\\\/farmerrain.com\\\/de\\\/pflegeanleitung\\\/\",\"name\":\"Pflegeanleitung | Farmerrain - H\u00e5llbara regnkl\u00e4der\",\"isPartOf\":{\"@id\":\"https:\\\/\\\/farmerrain.com\\\/#website\"},\"primaryImageOfPage\":{\"@id\":\"https:\\\/\\\/farmerrain.com\\\/de\\\/pflegeanleitung\\\/#primaryimage\"},\"image\":{\"@id\":\"https:\\\/\\\/farmerrain.com\\\/de\\\/pflegeanleitung\\\/#primaryimage\"},\"thumbnailUrl\":\"https:\\\/\\\/farmerrain.com\\\/wp-content\\\/uploads\\\/2023\\\/03\\\/DSC2126-jpg.webp\",\"datePublished\":\"2023-03-21T12:30:05+00:00\",\"dateModified\":\"2023-05-05T09:23:08+00:00\",\"description\":\"Pflegeanleitung Es ist manchmal leicht zu vergessen, dass alle Produkte, die wir kaufen, einen Eindruck auf unserem Planeten hinterlassen. Deshalb wollen\",\"inLanguage\":\"de\",\"potentialAction\":[{\"@type\":\"ReadAction\",\"target\":[\"https:\\\/\\\/farmerrain.com\\\/de\\\/pflegeanleitung\\\/\"]}]},{\"@type\":\"ImageObject\",\"inLanguage\":\"de\",\"@id\":\"https:\\\/\\\/farmerrain.com\\\/de\\\/pflegeanleitung\\\/#primaryimage\",\"url\":\"https:\\\/\\\/farmerrain.com\\\/wp-content\\\/uploads\\\/2023\\\/03\\\/DSC2126-jpg.webp\",\"contentUrl\":\"https:\\\/\\\/farmerrain.com\\\/wp-content\\\/uploads\\\/2023\\\/03\\\/DSC2126-jpg.webp\",\"width\":1212,\"height\":808},{\"@type\":\"WebSite\",\"@id\":\"https:\\\/\\\/farmerrain.com\\\/#website\",\"url\":\"https:\\\/\\\/farmerrain.com\\\/\",\"name\":\"Farmerrain - H\u00e5llbara regnkl\u00e4der\",\"description\":\"Regnkl\u00e4der med fokus p\u00e5 h\u00e5llbarhet, funktionalitet och unik design.\",\"publisher\":{\"@id\":\"https:\\\/\\\/farmerrain.com\\\/#organization\"},\"potentialAction\":[{\"@type\":\"SearchAction\",\"target\":{\"@type\":\"EntryPoint\",\"urlTemplate\":\"https:\\\/\\\/farmerrain.com\\\/?s={search_term_string}\"},\"query-input\":{\"@type\":\"PropertyValueSpecification\",\"valueRequired\":true,\"valueName\":\"search_term_string\"}}],\"inLanguage\":\"de\"},{\"@type\":\"Organization\",\"@id\":\"https:\\\/\\\/farmerrain.com\\\/#organization\",\"name\":\"Farmerrain\",\"url\":\"https:\\\/\\\/farmerrain.com\\\/\",\"logo\":{\"@type\":\"ImageObject\",\"inLanguage\":\"de\",\"@id\":\"https:\\\/\\\/farmerrain.com\\\/#\\\/schema\\\/logo\\\/image\\\/\",\"url\":\"https:\\\/\\\/farmerrain.com\\\/wp-content\\\/uploads\\\/2023\\\/03\\\/fr_logo.png\",\"contentUrl\":\"https:\\\/\\\/farmerrain.com\\\/wp-content\\\/uploads\\\/2023\\\/03\\\/fr_logo.png\",\"width\":179,\"height\":23,\"caption\":\"Farmerrain\"},\"image\":{\"@id\":\"https:\\\/\\\/farmerrain.com\\\/#\\\/schema\\\/logo\\\/image\\\/\"},\"sameAs\":[\"https:\\\/\\\/www.facebook.com\\\/people\\\/Farmerrain\\\/100063463901438\\\/\"]}]}<\/script>\n<!-- \/ Yoast SEO plugin. -->","yoast_head_json":{"title":"Pflegeanleitung | Farmerrain - H\u00e5llbara regnkl\u00e4der","description":"Pflegeanleitung Es ist manchmal leicht zu vergessen, dass alle Produkte, die wir kaufen, einen Eindruck auf unserem Planeten hinterlassen. Deshalb wollen","robots":{"index":"index","follow":"follow","max-snippet":"max-snippet:-1","max-image-preview":"max-image-preview:large","max-video-preview":"max-video-preview:-1"},"canonical":"https:\/\/farmerrain.com\/de\/pflegeanleitung\/","og_locale":"de_DE","og_type":"article","og_title":"Pflegeanleitung | Farmerrain - H\u00e5llbara regnkl\u00e4der","og_description":"Pflegeanleitung Es ist manchmal leicht zu vergessen, dass alle Produkte, die wir kaufen, einen Eindruck auf unserem Planeten hinterlassen. Deshalb wollen","og_url":"https:\/\/farmerrain.com\/de\/pflegeanleitung\/","og_site_name":"Farmerrain - H\u00e5llbara regnkl\u00e4der","article_publisher":"https:\/\/www.facebook.com\/people\/Farmerrain\/100063463901438\/","article_modified_time":"2023-05-05T09:23:08+00:00","og_image":[{"width":1212,"height":808,"url":"https:\/\/farmerrain.com\/wp-content\/uploads\/2023\/03\/DSC2126-jpg.webp","type":"image\/jpeg"}],"twitter_card":"summary_large_image","twitter_misc":{"Gesch\u00e4tzte Lesezeit":"3\u00a0Minuten"},"schema":{"@context":"https:\/\/schema.org","@graph":[{"@type":"WebPage","@id":"https:\/\/farmerrain.com\/de\/pflegeanleitung\/","url":"https:\/\/farmerrain.com\/de\/pflegeanleitung\/","name":"Pflegeanleitung | Farmerrain - H\u00e5llbara regnkl\u00e4der","isPartOf":{"@id":"https:\/\/farmerrain.com\/#website"},"primaryImageOfPage":{"@id":"https:\/\/farmerrain.com\/de\/pflegeanleitung\/#primaryimage"},"image":{"@id":"https:\/\/farmerrain.com\/de\/pflegeanleitung\/#primaryimage"},"thumbnailUrl":"https:\/\/farmerrain.com\/wp-content\/uploads\/2023\/03\/DSC2126-jpg.webp","datePublished":"2023-03-21T12:30:05+00:00","dateModified":"2023-05-05T09:23:08+00:00","description":"Pflegeanleitung Es ist manchmal leicht zu vergessen, dass alle Produkte, die wir kaufen, einen Eindruck auf unserem Planeten hinterlassen. Deshalb wollen","inLanguage":"de","potentialAction":[{"@type":"ReadAction","target":["https:\/\/farmerrain.com\/de\/pflegeanleitung\/"]}]},{"@type":"ImageObject","inLanguage":"de","@id":"https:\/\/farmerrain.com\/de\/pflegeanleitung\/#primaryimage","url":"https:\/\/farmerrain.com\/wp-content\/uploads\/2023\/03\/DSC2126-jpg.webp","contentUrl":"https:\/\/farmerrain.com\/wp-content\/uploads\/2023\/03\/DSC2126-jpg.webp","width":1212,"height":808},{"@type":"WebSite","@id":"https:\/\/farmerrain.com\/#website","url":"https:\/\/farmerrain.com\/","name":"Farmerrain - H\u00e5llbara regnkl\u00e4der","description":"Regnkl\u00e4der med fokus p\u00e5 h\u00e5llbarhet, funktionalitet och unik design.","publisher":{"@id":"https:\/\/farmerrain.com\/#organization"},"potentialAction":[{"@type":"SearchAction","target":{"@type":"EntryPoint","urlTemplate":"https:\/\/farmerrain.com\/?s={search_term_string}"},"query-input":{"@type":"PropertyValueSpecification","valueRequired":true,"valueName":"search_term_string"}}],"inLanguage":"de"},{"@type":"Organization","@id":"https:\/\/farmerrain.com\/#organization","name":"Farmerrain","url":"https:\/\/farmerrain.com\/","logo":{"@type":"ImageObject","inLanguage":"de","@id":"https:\/\/farmerrain.com\/#\/schema\/logo\/image\/","url":"https:\/\/farmerrain.com\/wp-content\/uploads\/2023\/03\/fr_logo.png","contentUrl":"https:\/\/farmerrain.com\/wp-content\/uploads\/2023\/03\/fr_logo.png","width":179,"height":23,"caption":"Farmerrain"},"image":{"@id":"https:\/\/farmerrain.com\/#\/schema\/logo\/image\/"},"sameAs":["https:\/\/www.facebook.com\/people\/Farmerrain\/100063463901438\/"]}]}},"_links":{"self":[{"href":"https:\/\/farmerrain.com\/de\/wp-json\/wp\/v2\/pages\/42555","targetHints":{"allow":["GET"]}}],"collection":[{"href":"https:\/\/farmerrain.com\/de\/wp-json\/wp\/v2\/pages"}],"about":[{"href":"https:\/\/farmerrain.com\/de\/wp-json\/wp\/v2\/types\/page"}],"author":[{"embeddable":true,"href":"https:\/\/farmerrain.com\/de\/wp-json\/wp\/v2\/users\/2"}],"replies":[{"embeddable":true,"href":"https:\/\/farmerrain.com\/de\/wp-json\/wp\/v2\/comments?post=42555"}],"version-history":[{"count":0,"href":"https:\/\/farmerrain.com\/de\/wp-json\/wp\/v2\/pages\/42555\/revisions"}],"wp:featuredmedia":[{"embeddable":true,"href":"https:\/\/farmerrain.com\/de\/wp-json\/wp\/v2\/media\/42268"}],"wp:attachment":[{"href":"https:\/\/farmerrain.com\/de\/wp-json\/wp\/v2\/media?parent=42555"}],"curies":[{"name":"wp","href":"https:\/\/api.w.org\/{rel}","templated":true}]}}