{"id":42554,"date":"2023-03-21T13:30:05","date_gmt":"2023-03-21T13:30:05","guid":{"rendered":"https:\/\/farmerrain.com\/unsere-materialien\/"},"modified":"2023-05-04T14:29:04","modified_gmt":"2023-05-04T14:29:04","slug":"unsere-materialien","status":"publish","type":"page","link":"https:\/\/farmerrain.com\/de\/unsere-materialien\/","title":{"rendered":"Unsere materialien"},"content":{"rendered":"<h2>Unsere materialien<\/h2>\n<p><img loading=\"lazy\" decoding=\"async\" class=\"size-full wp-image-6610 alignleft\" src=\"https:\/\/farmerrain.com\/wp-content\/uploads\/2023\/03\/Raintex1-jpg.webp\" alt=\"\" width=\"215\" height=\"91\" \/>Raintex Vinyl Coated nyloncharmeuse<\/p>\n<p>Gesamtgewicht 470 Gramm pro Quadratmeter<\/p>\n<p>Best\u00e4ndigkeit gegen eindringendes Wasser&gt; 20000 mm \u00f6l- und temperaturbest\u00e4ndig<\/p>\n<p>&nbsp;<\/p>\n<p><img loading=\"lazy\" decoding=\"async\" class=\"size-full wp-image-6604 alignleft\" src=\"https:\/\/farmerrain.com\/wp-content\/uploads\/2023\/03\/Raintex-jpg.webp\" alt=\"\" width=\"215\" height=\"91\" \/>RainWex Vinylbeschichtete Baumwolle<\/p>\n<p>Gesamtgewicht 480 Gramm pro Quadratmeter<\/p>\n<p>Wasserdurchl\u00e4ssigkeit 17000 mm \u00f6l- und temperaturbest\u00e4ndig<\/p>\n<p><img loading=\"lazy\" decoding=\"async\" class=\"size-full wp-image-6601 alignleft\" src=\"https:\/\/farmerrain.com\/wp-content\/uploads\/2023\/03\/Rainrex-jpg.webp\" alt=\"\" width=\"215\" height=\"91\" \/>RainRex lackierte vinylbeschichtete Baumwolle<\/p>\n<p>Gesamtgewicht 400 Gramm pro Quadratmeter<\/p>\n<p>Best\u00e4ndigkeit gegen das Eindringen von Wasser&gt; 17000 mm<\/p>\n<p>&nbsp;<\/p>\n<p><img loading=\"lazy\" decoding=\"async\" class=\"size-full wp-image-6598 alignleft\" src=\"https:\/\/farmerrain.com\/wp-content\/uploads\/2023\/03\/Rainrex-Gloss-jpg.webp\" alt=\"\" width=\"215\" height=\"91\" \/>RainRex Blank lackierte vinylbeschichtete nyloncharmeuse<\/p>\n<p>Gesamtgewicht 400 Gramm pro Quadratmeter<\/p>\n<p>Best\u00e4ndigkeit gegen das Eindringen von Wasser &gt;17000 mm<\/p>\n<p>&nbsp;<\/p>\n<p><img loading=\"lazy\" decoding=\"async\" class=\"size-full wp-image-6595 alignleft\" src=\"https:\/\/farmerrain.com\/wp-content\/uploads\/2023\/03\/Rain-tartan-jpg.webp\" alt=\"\" width=\"215\" height=\"91\" \/>RainRex Hochglanzlackierte Vinyl beschichtete Nyloncharmeuse<\/p>\n<p>Gesamtgewicht 400 Gramm pro Quadratmeter<\/p>\n<p>Best\u00e4ndigkeit gegen das Eindringen von Wasser&gt; 17000 mm<\/p>\n<p>&nbsp;<\/p>\n<p><img loading=\"lazy\" decoding=\"async\" class=\"size-full wp-image-6625 alignleft\" src=\"https:\/\/farmerrain.com\/wp-content\/uploads\/2023\/03\/Helox-1-jpg.webp\" alt=\"\" width=\"215\" height=\"91\" \/>RainTartan vinylbeschichtetes Nyloncharameuse<\/p>\n<p>Gesamtgewicht von 330 Gramm pro Quadratmeter<\/p>\n<p>Wasserdurchl\u00e4ssigkeit 17000 mm \u00f6l- und temperaturbest\u00e4ndig<\/p>\n<p class=\"p1\">\t<div class=\"swiper pageSwiper\">\n\t\t<div class=\"swiper-wrapper\">\n\t\t\t\t\t\t\t\t<div class=\"swiper-slide\">\n\t\t\t\t\t\t<div class=\"background\">\n\t\t\t\t\t\t\t<img decoding=\"async\" class=\"background__image\" src=\"https:\/\/farmerrain.com\/wp-content\/uploads\/2023\/03\/Anna-Kappa--jpg.webp\" alt=\"\">\n\t\t\t\t\t\t<\/div>\n\t\t\t\t\t<\/div>\n\t\t\t\t\t\t\t<\/div>\n\t\t<div class=\"swiper-button-next\"><\/div>\n\t\t<div class=\"swiper-button-prev\"><\/div>\n\t\t<div class=\"swiper-pagination\"><\/div>\n\t<\/div><\/p>\n<p><strong>\u00c5LESUND<\/strong><\/p>\n<p>Vigra: PVC-beschichtetes Polyester 330 g \/ m2 fett- und k\u00e4ltebest\u00e4ndig<\/p>\n<p>Doggerbank: Lackiertes PVC-beschichtetes Baumwollgewebe \/ Polyester 480 g \/ m2 langlebiges Material f\u00fcr mechanischen Verschlei\u00df \u00f6l-, fett- und k\u00e4ltebest\u00e4ndig.<\/p>\n<p>&nbsp;<\/p>\n<p><strong>Junge Cotten<\/strong><\/p>\n<p>Nylpeche: Hochfester Rei\u00dfverschluss, Polyester mit doppelseitiger PVC-Beschichtung Gesamtgewicht 485 g \/ m2. Best\u00e4ndigkeit gegen Eindringen von Wasser 13000 mm<\/p>\n<p>Cap-Coz: PVC-beschichtetes Polyestergewicht 480 gr \/ m2 gute Isoliereigenschaften, die die Kondensation reduzieren. Best\u00e4ndigkeit gegen Eindringen von Wasser 13000 mm<\/p>\n<p>&nbsp;<\/p>\n","protected":false},"excerpt":{"rendered":"<p>Unsere materialien Raintex Vinyl Coated nyloncharmeuse Gesamtgewicht 470 Gramm pro Quadratmeter Best\u00e4ndigkeit gegen eindringendes Wasser&gt; 20000 mm \u00f6l- und temperaturbest\u00e4ndig &nbsp; RainWex Vinylbeschichtete Baumwolle Gesamtgewicht 480 Gramm pro Quadratmeter Wasserdurchl\u00e4ssigkeit 17000 mm \u00f6l- und temperaturbest\u00e4ndig RainRex lackierte vinylbeschichtete Baumwolle Gesamtgewicht 400 Gramm pro Quadratmeter Best\u00e4ndigkeit gegen das Eindringen von Wasser&gt; 17000 mm &nbsp; RainRex Blank [&hellip;]<\/p>\n","protected":false},"author":2,"featured_media":42286,"parent":0,"menu_order":0,"comment_status":"open","ping_status":"open","template":"","meta":{"_acf_changed":false,"footnotes":""},"class_list":["post-42554","page","type-page","status-publish","has-post-thumbnail","hentry"],"acf":[],"yoast_head":"<!-- This site is optimized with the Yoast SEO plugin v27.2 - https:\/\/yoast.com\/product\/yoast-seo-wordpress\/ -->\n<title>Unsere materialien | Farmerrain - H\u00e5llbara regnkl\u00e4der<\/title>\n<meta name=\"description\" content=\"Unsere materialien Raintex Vinyl Coated nyloncharmeuse Gesamtgewicht 470 Gramm pro Quadratmeter Best\u00e4ndigkeit gegen eindringendes Wasser&gt; 20000 mm \u00f6l-\" \/>\n<meta name=\"robots\" content=\"index, follow, max-snippet:-1, max-image-preview:large, max-video-preview:-1\" \/>\n<link rel=\"canonical\" href=\"https:\/\/farmerrain.com\/de\/unsere-materialien\/\" \/>\n<meta property=\"og:locale\" content=\"de_DE\" \/>\n<meta property=\"og:type\" content=\"article\" \/>\n<meta property=\"og:title\" content=\"Unsere materialien | Farmerrain - H\u00e5llbara regnkl\u00e4der\" \/>\n<meta property=\"og:description\" content=\"Unsere materialien Raintex Vinyl Coated nyloncharmeuse Gesamtgewicht 470 Gramm pro Quadratmeter Best\u00e4ndigkeit gegen eindringendes Wasser&gt; 20000 mm \u00f6l-\" \/>\n<meta property=\"og:url\" content=\"https:\/\/farmerrain.com\/de\/unsere-materialien\/\" \/>\n<meta property=\"og:site_name\" content=\"Farmerrain - H\u00e5llbara regnkl\u00e4der\" \/>\n<meta property=\"article:publisher\" content=\"https:\/\/www.facebook.com\/people\/Farmerrain\/100063463901438\/\" \/>\n<meta property=\"article:modified_time\" content=\"2023-05-04T14:29:04+00:00\" \/>\n<meta property=\"og:image\" content=\"https:\/\/farmerrain.com\/wp-content\/uploads\/2023\/03\/subpage_wide-jpg.webp\" \/>\n\t<meta property=\"og:image:width\" content=\"1920\" \/>\n\t<meta property=\"og:image:height\" content=\"568\" \/>\n\t<meta property=\"og:image:type\" content=\"image\/jpeg\" \/>\n<meta name=\"twitter:card\" content=\"summary_large_image\" \/>\n<meta name=\"twitter:label1\" content=\"Gesch\u00e4tzte Lesezeit\" \/>\n\t<meta name=\"twitter:data1\" content=\"3\u00a0Minuten\" \/>\n<script type=\"application\/ld+json\" class=\"yoast-schema-graph\">{\"@context\":\"https:\/\/schema.org\",\"@graph\":[{\"@type\":\"WebPage\",\"@id\":\"https:\/\/farmerrain.com\/de\/unsere-materialien\/\",\"url\":\"https:\/\/farmerrain.com\/de\/unsere-materialien\/\",\"name\":\"Unsere materialien | Farmerrain - H\u00e5llbara regnkl\u00e4der\",\"isPartOf\":{\"@id\":\"https:\/\/farmerrain.com\/#website\"},\"primaryImageOfPage\":{\"@id\":\"https:\/\/farmerrain.com\/de\/unsere-materialien\/#primaryimage\"},\"image\":{\"@id\":\"https:\/\/farmerrain.com\/de\/unsere-materialien\/#primaryimage\"},\"thumbnailUrl\":\"https:\/\/farmerrain.com\/wp-content\/uploads\/2023\/03\/subpage_wide-jpg.webp\",\"datePublished\":\"2023-03-21T13:30:05+00:00\",\"dateModified\":\"2023-05-04T14:29:04+00:00\",\"description\":\"Unsere materialien Raintex Vinyl Coated nyloncharmeuse Gesamtgewicht 470 Gramm pro Quadratmeter Best\u00e4ndigkeit gegen eindringendes Wasser&gt; 20000 mm \u00f6l-\",\"inLanguage\":\"de\",\"potentialAction\":[{\"@type\":\"ReadAction\",\"target\":[\"https:\/\/farmerrain.com\/de\/unsere-materialien\/\"]}]},{\"@type\":\"ImageObject\",\"inLanguage\":\"de\",\"@id\":\"https:\/\/farmerrain.com\/de\/unsere-materialien\/#primaryimage\",\"url\":\"https:\/\/farmerrain.com\/wp-content\/uploads\/2023\/03\/subpage_wide-jpg.webp\",\"contentUrl\":\"https:\/\/farmerrain.com\/wp-content\/uploads\/2023\/03\/subpage_wide-jpg.webp\",\"width\":1920,\"height\":568},{\"@type\":\"WebSite\",\"@id\":\"https:\/\/farmerrain.com\/#website\",\"url\":\"https:\/\/farmerrain.com\/\",\"name\":\"Farmerrain - H\u00e5llbara regnkl\u00e4der\",\"description\":\"Regnkl\u00e4der med fokus p\u00e5 h\u00e5llbarhet, funktionalitet och unik design.\",\"publisher\":{\"@id\":\"https:\/\/farmerrain.com\/#organization\"},\"potentialAction\":[{\"@type\":\"SearchAction\",\"target\":{\"@type\":\"EntryPoint\",\"urlTemplate\":\"https:\/\/farmerrain.com\/?s={search_term_string}\"},\"query-input\":{\"@type\":\"PropertyValueSpecification\",\"valueRequired\":true,\"valueName\":\"search_term_string\"}}],\"inLanguage\":\"de\"},{\"@type\":\"Organization\",\"@id\":\"https:\/\/farmerrain.com\/#organization\",\"name\":\"Farmerrain\",\"url\":\"https:\/\/farmerrain.com\/\",\"logo\":{\"@type\":\"ImageObject\",\"inLanguage\":\"de\",\"@id\":\"https:\/\/farmerrain.com\/#\/schema\/logo\/image\/\",\"url\":\"https:\/\/farmerrain.com\/wp-content\/uploads\/2023\/03\/fr_logo.png\",\"contentUrl\":\"https:\/\/farmerrain.com\/wp-content\/uploads\/2023\/03\/fr_logo.png\",\"width\":179,\"height\":23,\"caption\":\"Farmerrain\"},\"image\":{\"@id\":\"https:\/\/farmerrain.com\/#\/schema\/logo\/image\/\"},\"sameAs\":[\"https:\/\/www.facebook.com\/people\/Farmerrain\/100063463901438\/\"]}]}<\/script>\n<!-- \/ Yoast SEO plugin. -->","yoast_head_json":{"title":"Unsere materialien | Farmerrain - H\u00e5llbara regnkl\u00e4der","description":"Unsere materialien Raintex Vinyl Coated nyloncharmeuse Gesamtgewicht 470 Gramm pro Quadratmeter Best\u00e4ndigkeit gegen eindringendes Wasser&gt; 20000 mm \u00f6l-","robots":{"index":"index","follow":"follow","max-snippet":"max-snippet:-1","max-image-preview":"max-image-preview:large","max-video-preview":"max-video-preview:-1"},"canonical":"https:\/\/farmerrain.com\/de\/unsere-materialien\/","og_locale":"de_DE","og_type":"article","og_title":"Unsere materialien | Farmerrain - H\u00e5llbara regnkl\u00e4der","og_description":"Unsere materialien Raintex Vinyl Coated nyloncharmeuse Gesamtgewicht 470 Gramm pro Quadratmeter Best\u00e4ndigkeit gegen eindringendes Wasser&gt; 20000 mm \u00f6l-","og_url":"https:\/\/farmerrain.com\/de\/unsere-materialien\/","og_site_name":"Farmerrain - H\u00e5llbara regnkl\u00e4der","article_publisher":"https:\/\/www.facebook.com\/people\/Farmerrain\/100063463901438\/","article_modified_time":"2023-05-04T14:29:04+00:00","og_image":[{"width":1920,"height":568,"url":"https:\/\/farmerrain.com\/wp-content\/uploads\/2023\/03\/subpage_wide-jpg.webp","type":"image\/jpeg"}],"twitter_card":"summary_large_image","twitter_misc":{"Gesch\u00e4tzte Lesezeit":"3\u00a0Minuten"},"schema":{"@context":"https:\/\/schema.org","@graph":[{"@type":"WebPage","@id":"https:\/\/farmerrain.com\/de\/unsere-materialien\/","url":"https:\/\/farmerrain.com\/de\/unsere-materialien\/","name":"Unsere materialien | Farmerrain - H\u00e5llbara regnkl\u00e4der","isPartOf":{"@id":"https:\/\/farmerrain.com\/#website"},"primaryImageOfPage":{"@id":"https:\/\/farmerrain.com\/de\/unsere-materialien\/#primaryimage"},"image":{"@id":"https:\/\/farmerrain.com\/de\/unsere-materialien\/#primaryimage"},"thumbnailUrl":"https:\/\/farmerrain.com\/wp-content\/uploads\/2023\/03\/subpage_wide-jpg.webp","datePublished":"2023-03-21T13:30:05+00:00","dateModified":"2023-05-04T14:29:04+00:00","description":"Unsere materialien Raintex Vinyl Coated nyloncharmeuse Gesamtgewicht 470 Gramm pro Quadratmeter Best\u00e4ndigkeit gegen eindringendes Wasser&gt; 20000 mm \u00f6l-","inLanguage":"de","potentialAction":[{"@type":"ReadAction","target":["https:\/\/farmerrain.com\/de\/unsere-materialien\/"]}]},{"@type":"ImageObject","inLanguage":"de","@id":"https:\/\/farmerrain.com\/de\/unsere-materialien\/#primaryimage","url":"https:\/\/farmerrain.com\/wp-content\/uploads\/2023\/03\/subpage_wide-jpg.webp","contentUrl":"https:\/\/farmerrain.com\/wp-content\/uploads\/2023\/03\/subpage_wide-jpg.webp","width":1920,"height":568},{"@type":"WebSite","@id":"https:\/\/farmerrain.com\/#website","url":"https:\/\/farmerrain.com\/","name":"Farmerrain - H\u00e5llbara regnkl\u00e4der","description":"Regnkl\u00e4der med fokus p\u00e5 h\u00e5llbarhet, funktionalitet och unik design.","publisher":{"@id":"https:\/\/farmerrain.com\/#organization"},"potentialAction":[{"@type":"SearchAction","target":{"@type":"EntryPoint","urlTemplate":"https:\/\/farmerrain.com\/?s={search_term_string}"},"query-input":{"@type":"PropertyValueSpecification","valueRequired":true,"valueName":"search_term_string"}}],"inLanguage":"de"},{"@type":"Organization","@id":"https:\/\/farmerrain.com\/#organization","name":"Farmerrain","url":"https:\/\/farmerrain.com\/","logo":{"@type":"ImageObject","inLanguage":"de","@id":"https:\/\/farmerrain.com\/#\/schema\/logo\/image\/","url":"https:\/\/farmerrain.com\/wp-content\/uploads\/2023\/03\/fr_logo.png","contentUrl":"https:\/\/farmerrain.com\/wp-content\/uploads\/2023\/03\/fr_logo.png","width":179,"height":23,"caption":"Farmerrain"},"image":{"@id":"https:\/\/farmerrain.com\/#\/schema\/logo\/image\/"},"sameAs":["https:\/\/www.facebook.com\/people\/Farmerrain\/100063463901438\/"]}]}},"_links":{"self":[{"href":"https:\/\/farmerrain.com\/de\/wp-json\/wp\/v2\/pages\/42554","targetHints":{"allow":["GET"]}}],"collection":[{"href":"https:\/\/farmerrain.com\/de\/wp-json\/wp\/v2\/pages"}],"about":[{"href":"https:\/\/farmerrain.com\/de\/wp-json\/wp\/v2\/types\/page"}],"author":[{"embeddable":true,"href":"https:\/\/farmerrain.com\/de\/wp-json\/wp\/v2\/users\/2"}],"replies":[{"embeddable":true,"href":"https:\/\/farmerrain.com\/de\/wp-json\/wp\/v2\/comments?post=42554"}],"version-history":[{"count":0,"href":"https:\/\/farmerrain.com\/de\/wp-json\/wp\/v2\/pages\/42554\/revisions"}],"wp:featuredmedia":[{"embeddable":true,"href":"https:\/\/farmerrain.com\/de\/wp-json\/wp\/v2\/media\/42286"}],"wp:attachment":[{"href":"https:\/\/farmerrain.com\/de\/wp-json\/wp\/v2\/media?parent=42554"}],"curies":[{"name":"wp","href":"https:\/\/api.w.org\/{rel}","templated":true}]}}