{"id":42546,"date":"2023-03-21T13:30:05","date_gmt":"2023-03-21T12:30:05","guid":{"rendered":"https:\/\/farmerrain.com\/datenschutzerklaerung\/"},"modified":"2023-03-21T13:36:53","modified_gmt":"2023-03-21T13:36:53","slug":"datenschutzerklaerung","status":"publish","type":"page","link":"https:\/\/farmerrain.com\/de\/datenschutzerklaerung\/","title":{"rendered":"Datenschutzerkl\u00e4rung"},"content":{"rendered":"<p>Farmerrain m\u00f6chte, dass Sie sich als Kunde hier auf unserer Website sicher f\u00fchlen. Deshalb streben wir stets ein hohes Ma\u00df an Datenschutz an.<br \/>\nIm Folgenden erl\u00e4utern wir, wie unsere Datenschutzerkl\u00e4rung funktioniert und wie wir Ihre personenbezogenen Daten erfassen und wie wir sie verwenden. Wir empfehlen Ihnen daher, unsere Datenschutzerkl\u00e4rung durchzulesen. Bei Fragen oder Unklarheiten stehen wir Ihnen jederzeit gerne zur Verf\u00fcgung!<\/p>\n<h3>Was sind personenbezogene Daten und wann erfassen wir Ihre personenbezogenen Daten?<\/h3>\n<p>Personenbezogene Daten sind verschiedene Formen von Informationen, die f\u00fcr verschiedene Zwecke zur Identifizierung einer Person verwendet werden k\u00f6nnen. Es kann Name, Adresse, Bilder und Mail sein. Es kann auch verschl\u00fcsselte Daten wie Cookies (lesen Sie mehr dar\u00fcber weiter unten), geografische Standorte oder IP-Adressen geben, die zur Identifizierung einer Person verwendet werden k\u00f6nnen.<\/p>\n<h3>Wann erfassen wir Ihre personenbezogenen Daten?<\/h3>\n<ul>\n<li>Wenn Sie Produkte auf unserer Website oder per Telefon kaufen<\/li>\n<li>Wenn Sie unsere Website besuchen<\/li>\n<li>Wenn Sie unseren Kundenservice telefonisch oder per Mail kontaktieren<\/li>\n<li>Wenn Sie an einer Umfrage oder einem Wettbewerb auf unserer Website oder in Social Media teilnehmen<\/li>\n<\/ul>\n<h3>Wie verwenden wir Ihre personenbezogenen Daten und was ist der Zweck?<\/h3>\n<p>Farmerrain verwendet Ihre personenbezogenen Daten nur, wenn dies gesetzlich zul\u00e4ssig ist. Der Zweck ist einer der folgenden:<\/p>\n<ul>\n<li>Wir nutzen Google Analytics und Marketing Services, um mehr Kunden zu erreichen<\/li>\n<\/ul>\n<h3>Wem geben wir Ihre personenbezogenen Daten weiter?<\/h3>\n<p>Farmerrain verkauft Ihre personenbezogenen Daten niemals an Dritte. Auf unserer Website sollten Sie sich immer sicher f\u00fchlen k\u00f6nnen. Wir geben Ihre personenbezogenen Daten nur an absolut zuverl\u00e4ssige Dienste weiter, bei denen wir uns sicher sein k\u00f6nnen, dass Ihre Daten gesch\u00fctzt sind und nicht f\u00fcr andere als die von uns versprochenen Zwecke verwendet werden.<\/p>\n<h3>Ihre Rechte<\/h3>\n<p>Wir befolgen und verwalten die Datenschutzerkl\u00e4rung in \u00dcbereinstimmung mit den gesetzlichen Bestimmungen. Daher haben Sie als Kunde nat\u00fcrlich das Recht, Zugang zu den von uns gesammelten Informationen zu erhalten. Wenn zum Beispiel etwas nicht stimmt, k\u00f6nnen Sie es \u00e4ndern. Oder wenn Sie nicht mehr w\u00fcnschen, dass wir die Informationen erhalten, k\u00f6nnen Sie von uns die L\u00f6schung verlangen. Das Gleiche gilt f\u00fcr Cookies, Sie haben das Recht, diese auf Ihrem Computer zu deaktivieren. Mehr dazu finden Sie weiter unten.<\/p>\n<h3>Wie lange werden Ihre personenbezogenen Daten bei Farmerrain gespeichert?<\/h3>\n<p>Die von Ihnen und denjenigen, die unsere Datenschutzerkl\u00e4rung akzeptiert haben, gesammelten Informationen bleiben bei uns, wenn Sie uns nicht auffordern, sie zu l\u00f6schen oder abzumelden. Sie k\u00f6nnen uns jederzeit kontaktieren, wenn Sie eine der oben genannten M\u00f6glichkeiten tun m\u00f6chten. Wenn Sie sich nicht daf\u00fcr entscheiden, sie zu l\u00f6schen, speichern wir Ihre personenbezogenen Daten, solange dies gesetzlich vorgeschrieben ist.<\/p>\n<h3>\u00c4nderungen der Datenschutzerkl\u00e4rung<\/h3>\n<p>Wir bitten Sie als Kunde zu beachten, dass diese Bedingungen im Laufe der Zeit ge\u00e4ndert oder angepasst werden k\u00f6nnen, wenn es eine neue Gesetzgebung, neue Richtlinien der Regierung oder Technologie gibt. Dies kann uns zwingen, neue Bedingungen zu aktualisieren oder anzupassen. Daher sollten Sie die Datenschutzerkl\u00e4rung in regelm\u00e4\u00dfigen Abst\u00e4nden lesen, um Ihre eigenen Rechte zu wahren.<\/p>\n<h2>COOKIES<\/h2>\n<p>Deshalb verwenden wir Cookies:<br \/>\nCookies werden verwendet, um die Dienstleistungen der Website zu verbessern. Einige dieser Cookies sind f\u00fcr die Funktionalit\u00e4t der Website absolut notwendig, w\u00e4hrend andere verwendet werden, um die Benutzerfreundlichkeit und Ihr Erlebnis zu verbessern.<\/p>\n<h3>Erforderliche Cookies werden verwendet, um:<\/h3>\n<ul>\n<li>Speicherung, was in Ihrem Warenkorb ist<\/li>\n<li>Speicherung, wie weit Sie in Ihrer Bestellung gekommen sind<\/li>\n<\/ul>\n<h3>Funktions-Cookies werden verwendet, um:<\/h3>\n<ul>\n<li>Ihre Sicherheit sicherzustellen wenn Sie eingeloggt sind<\/li>\n<li>Sicher zu stellen, dass die Seite korrekt angezeigt wird<\/li>\n<li>Live-Chat-Funktion anbieten<\/li>\n<\/ul>\n<h3>Performance-Cookies werden verwendet, um:<\/h3>\n<ul>\n<li>Die Leistung der Seite zu verbessern und die Seite schneller laden zu lassen<\/li>\n<li>Die Benutzerfreundlichkeit zu verbessern<\/li>\n<li style=\"list-style-type: none;\"><\/li>\n<\/ul>\n<h3>Dritte-Cookies werden verwendet, um Folgendes zu erm\u00f6glichen:<\/h3>\n<ul>\n<li>Es Ihnen zu erlauben Inhalt zu teilen und zu liken<\/li>\n<li>Senden Sie Informationen an andere Websites, um deren Werbung anzupassen<\/li>\n<\/ul>\n<h3>Beispiele f\u00fcr die Verwendung von Cookies<\/h3>\n<p><strong>Cookies werden verwendet, um die Dienstleistungen der Website zu verbessern durch:<\/strong><\/p>\n<ul>\n<li>Erm\u00f6glichen Sie bestimmte Dienste, die ohne Cookies nicht funktionieren w\u00fcrden, wie z.B. Zahlung<\/li>\n<li>Erm\u00f6glicht es einem Service Ihr Ger\u00e4t wieder zu erkennen, so dass Sie die gleichen Informationen nicht mehrfach eingeben m\u00fcssen<\/li>\n<li>Z\u00e4hlung wie viele Nutzer einen Service nutzen um ihn einfacher und schneller zu gestalten<\/li>\n<li>Analyse der Nutzerdaten die uns helfen zu verstehen, wie die Services verwendet werden und wie wir diese verbessern k\u00f6nnen<\/li>\n<\/ul>\n<p>Mehr \u00fcber Cookies und wie sie funktionieren und wie sie verwendet werden, erfahren Sie unter <a href=\"https:\/\/www.pts.se\/cookies\">https:\/\/www.pts.se\/cookies<\/a>.<\/p>\n<h3>Immaterielle Eigentumsrechte:<\/h3>\n<p>Alle Immaterialg\u00fcterrechte, wie Marken und Domainnamen, auf der Website und an dem auf der Website ver\u00f6ffentlichten Material sind Eigentum von Farmerrain. Jede Nutzung der Website oder ihres Inhalts, einschlie\u00dflich des Kopierens oder Speicherns des gesamten Inhalts oder eines Teils davon, ist ohne die Zustimmung von Farmerrain untersagt, es sei denn, sie ist f\u00fcr den privaten, nicht gewerblichen Gebrauch bestimmt.<\/p>\n<p>https:\/\/farmerrain.com\/wp-content\/uploads\/2019\/09\/DSC6246-1.jpg<\/p>\n","protected":false},"excerpt":{"rendered":"<p>Farmerrain m\u00f6chte, dass Sie sich als Kunde hier auf unserer Website sicher f\u00fchlen. Deshalb streben wir stets ein hohes Ma\u00df an Datenschutz an. Im Folgenden erl\u00e4utern wir, wie unsere Datenschutzerkl\u00e4rung funktioniert und wie wir Ihre personenbezogenen Daten erfassen und wie wir sie verwenden. Wir empfehlen Ihnen daher, unsere Datenschutzerkl\u00e4rung durchzulesen. Bei Fragen oder Unklarheiten stehen [&hellip;]<\/p>\n","protected":false},"author":2,"featured_media":42351,"parent":0,"menu_order":0,"comment_status":"open","ping_status":"open","template":"","meta":{"_acf_changed":false,"footnotes":""},"class_list":["post-42546","page","type-page","status-publish","has-post-thumbnail","hentry"],"acf":[],"yoast_head":"<!-- This site is optimized with the Yoast SEO plugin v27.5 - https:\/\/yoast.com\/product\/yoast-seo-wordpress\/ -->\n<title>Datenschutzerkl\u00e4rung | Farmerrain - H\u00e5llbara regnkl\u00e4der<\/title>\n<meta name=\"description\" content=\"Farmerrain m\u00f6chte, dass Sie sich als Kunde hier auf unserer Website sicher f\u00fchlen. Deshalb streben wir stets ein hohes Ma\u00df an Datenschutz an. Im Folgenden\" \/>\n<meta name=\"robots\" content=\"index, follow, max-snippet:-1, max-image-preview:large, max-video-preview:-1\" \/>\n<link rel=\"canonical\" href=\"https:\/\/farmerrain.com\/de\/datenschutzerklaerung\/\" \/>\n<meta property=\"og:locale\" content=\"de_DE\" \/>\n<meta property=\"og:type\" content=\"article\" \/>\n<meta property=\"og:title\" content=\"Datenschutzerkl\u00e4rung | Farmerrain - H\u00e5llbara regnkl\u00e4der\" \/>\n<meta property=\"og:description\" content=\"Farmerrain m\u00f6chte, dass Sie sich als Kunde hier auf unserer Website sicher f\u00fchlen. Deshalb streben wir stets ein hohes Ma\u00df an Datenschutz an. Im Folgenden\" \/>\n<meta property=\"og:url\" content=\"https:\/\/farmerrain.com\/de\/datenschutzerklaerung\/\" \/>\n<meta property=\"og:site_name\" content=\"Farmerrain - H\u00e5llbara regnkl\u00e4der\" \/>\n<meta property=\"article:publisher\" content=\"https:\/\/www.facebook.com\/people\/Farmerrain\/100063463901438\/\" \/>\n<meta property=\"article:modified_time\" content=\"2023-03-21T13:36:53+00:00\" \/>\n<meta property=\"og:image\" content=\"https:\/\/farmerrain.com\/wp-content\/uploads\/2023\/03\/calltoaction_far.jpg\" \/>\n\t<meta property=\"og:image:width\" content=\"1920\" \/>\n\t<meta property=\"og:image:height\" content=\"802\" \/>\n\t<meta property=\"og:image:type\" content=\"image\/jpeg\" \/>\n<meta name=\"twitter:card\" content=\"summary_large_image\" \/>\n<meta name=\"twitter:label1\" content=\"Gesch\u00e4tzte Lesezeit\" \/>\n\t<meta name=\"twitter:data1\" content=\"4\u00a0Minuten\" \/>\n<script type=\"application\/ld+json\" class=\"yoast-schema-graph\">{\"@context\":\"https:\\\/\\\/schema.org\",\"@graph\":[{\"@type\":\"WebPage\",\"@id\":\"https:\\\/\\\/farmerrain.com\\\/de\\\/datenschutzerklaerung\\\/\",\"url\":\"https:\\\/\\\/farmerrain.com\\\/de\\\/datenschutzerklaerung\\\/\",\"name\":\"Datenschutzerkl\u00e4rung | Farmerrain - H\u00e5llbara regnkl\u00e4der\",\"isPartOf\":{\"@id\":\"https:\\\/\\\/farmerrain.com\\\/#website\"},\"primaryImageOfPage\":{\"@id\":\"https:\\\/\\\/farmerrain.com\\\/de\\\/datenschutzerklaerung\\\/#primaryimage\"},\"image\":{\"@id\":\"https:\\\/\\\/farmerrain.com\\\/de\\\/datenschutzerklaerung\\\/#primaryimage\"},\"thumbnailUrl\":\"https:\\\/\\\/farmerrain.com\\\/wp-content\\\/uploads\\\/2023\\\/03\\\/calltoaction_far.jpg\",\"datePublished\":\"2023-03-21T12:30:05+00:00\",\"dateModified\":\"2023-03-21T13:36:53+00:00\",\"description\":\"Farmerrain m\u00f6chte, dass Sie sich als Kunde hier auf unserer Website sicher f\u00fchlen. Deshalb streben wir stets ein hohes Ma\u00df an Datenschutz an. Im Folgenden\",\"inLanguage\":\"de\",\"potentialAction\":[{\"@type\":\"ReadAction\",\"target\":[\"https:\\\/\\\/farmerrain.com\\\/de\\\/datenschutzerklaerung\\\/\"]}]},{\"@type\":\"ImageObject\",\"inLanguage\":\"de\",\"@id\":\"https:\\\/\\\/farmerrain.com\\\/de\\\/datenschutzerklaerung\\\/#primaryimage\",\"url\":\"https:\\\/\\\/farmerrain.com\\\/wp-content\\\/uploads\\\/2023\\\/03\\\/calltoaction_far.jpg\",\"contentUrl\":\"https:\\\/\\\/farmerrain.com\\\/wp-content\\\/uploads\\\/2023\\\/03\\\/calltoaction_far.jpg\",\"width\":1920,\"height\":802},{\"@type\":\"WebSite\",\"@id\":\"https:\\\/\\\/farmerrain.com\\\/#website\",\"url\":\"https:\\\/\\\/farmerrain.com\\\/\",\"name\":\"Farmerrain - H\u00e5llbara regnkl\u00e4der\",\"description\":\"Regnkl\u00e4der med fokus p\u00e5 h\u00e5llbarhet, funktionalitet och unik design.\",\"publisher\":{\"@id\":\"https:\\\/\\\/farmerrain.com\\\/#organization\"},\"potentialAction\":[{\"@type\":\"SearchAction\",\"target\":{\"@type\":\"EntryPoint\",\"urlTemplate\":\"https:\\\/\\\/farmerrain.com\\\/?s={search_term_string}\"},\"query-input\":{\"@type\":\"PropertyValueSpecification\",\"valueRequired\":true,\"valueName\":\"search_term_string\"}}],\"inLanguage\":\"de\"},{\"@type\":\"Organization\",\"@id\":\"https:\\\/\\\/farmerrain.com\\\/#organization\",\"name\":\"Farmerrain\",\"url\":\"https:\\\/\\\/farmerrain.com\\\/\",\"logo\":{\"@type\":\"ImageObject\",\"inLanguage\":\"de\",\"@id\":\"https:\\\/\\\/farmerrain.com\\\/#\\\/schema\\\/logo\\\/image\\\/\",\"url\":\"https:\\\/\\\/farmerrain.com\\\/wp-content\\\/uploads\\\/2023\\\/03\\\/fr_logo.png\",\"contentUrl\":\"https:\\\/\\\/farmerrain.com\\\/wp-content\\\/uploads\\\/2023\\\/03\\\/fr_logo.png\",\"width\":179,\"height\":23,\"caption\":\"Farmerrain\"},\"image\":{\"@id\":\"https:\\\/\\\/farmerrain.com\\\/#\\\/schema\\\/logo\\\/image\\\/\"},\"sameAs\":[\"https:\\\/\\\/www.facebook.com\\\/people\\\/Farmerrain\\\/100063463901438\\\/\"]}]}<\/script>\n<!-- \/ Yoast SEO plugin. -->","yoast_head_json":{"title":"Datenschutzerkl\u00e4rung | Farmerrain - H\u00e5llbara regnkl\u00e4der","description":"Farmerrain m\u00f6chte, dass Sie sich als Kunde hier auf unserer Website sicher f\u00fchlen. Deshalb streben wir stets ein hohes Ma\u00df an Datenschutz an. Im Folgenden","robots":{"index":"index","follow":"follow","max-snippet":"max-snippet:-1","max-image-preview":"max-image-preview:large","max-video-preview":"max-video-preview:-1"},"canonical":"https:\/\/farmerrain.com\/de\/datenschutzerklaerung\/","og_locale":"de_DE","og_type":"article","og_title":"Datenschutzerkl\u00e4rung | Farmerrain - H\u00e5llbara regnkl\u00e4der","og_description":"Farmerrain m\u00f6chte, dass Sie sich als Kunde hier auf unserer Website sicher f\u00fchlen. Deshalb streben wir stets ein hohes Ma\u00df an Datenschutz an. Im Folgenden","og_url":"https:\/\/farmerrain.com\/de\/datenschutzerklaerung\/","og_site_name":"Farmerrain - H\u00e5llbara regnkl\u00e4der","article_publisher":"https:\/\/www.facebook.com\/people\/Farmerrain\/100063463901438\/","article_modified_time":"2023-03-21T13:36:53+00:00","og_image":[{"width":1920,"height":802,"url":"https:\/\/farmerrain.com\/wp-content\/uploads\/2023\/03\/calltoaction_far.jpg","type":"image\/jpeg"}],"twitter_card":"summary_large_image","twitter_misc":{"Gesch\u00e4tzte Lesezeit":"4\u00a0Minuten"},"schema":{"@context":"https:\/\/schema.org","@graph":[{"@type":"WebPage","@id":"https:\/\/farmerrain.com\/de\/datenschutzerklaerung\/","url":"https:\/\/farmerrain.com\/de\/datenschutzerklaerung\/","name":"Datenschutzerkl\u00e4rung | Farmerrain - H\u00e5llbara regnkl\u00e4der","isPartOf":{"@id":"https:\/\/farmerrain.com\/#website"},"primaryImageOfPage":{"@id":"https:\/\/farmerrain.com\/de\/datenschutzerklaerung\/#primaryimage"},"image":{"@id":"https:\/\/farmerrain.com\/de\/datenschutzerklaerung\/#primaryimage"},"thumbnailUrl":"https:\/\/farmerrain.com\/wp-content\/uploads\/2023\/03\/calltoaction_far.jpg","datePublished":"2023-03-21T12:30:05+00:00","dateModified":"2023-03-21T13:36:53+00:00","description":"Farmerrain m\u00f6chte, dass Sie sich als Kunde hier auf unserer Website sicher f\u00fchlen. Deshalb streben wir stets ein hohes Ma\u00df an Datenschutz an. Im Folgenden","inLanguage":"de","potentialAction":[{"@type":"ReadAction","target":["https:\/\/farmerrain.com\/de\/datenschutzerklaerung\/"]}]},{"@type":"ImageObject","inLanguage":"de","@id":"https:\/\/farmerrain.com\/de\/datenschutzerklaerung\/#primaryimage","url":"https:\/\/farmerrain.com\/wp-content\/uploads\/2023\/03\/calltoaction_far.jpg","contentUrl":"https:\/\/farmerrain.com\/wp-content\/uploads\/2023\/03\/calltoaction_far.jpg","width":1920,"height":802},{"@type":"WebSite","@id":"https:\/\/farmerrain.com\/#website","url":"https:\/\/farmerrain.com\/","name":"Farmerrain - H\u00e5llbara regnkl\u00e4der","description":"Regnkl\u00e4der med fokus p\u00e5 h\u00e5llbarhet, funktionalitet och unik design.","publisher":{"@id":"https:\/\/farmerrain.com\/#organization"},"potentialAction":[{"@type":"SearchAction","target":{"@type":"EntryPoint","urlTemplate":"https:\/\/farmerrain.com\/?s={search_term_string}"},"query-input":{"@type":"PropertyValueSpecification","valueRequired":true,"valueName":"search_term_string"}}],"inLanguage":"de"},{"@type":"Organization","@id":"https:\/\/farmerrain.com\/#organization","name":"Farmerrain","url":"https:\/\/farmerrain.com\/","logo":{"@type":"ImageObject","inLanguage":"de","@id":"https:\/\/farmerrain.com\/#\/schema\/logo\/image\/","url":"https:\/\/farmerrain.com\/wp-content\/uploads\/2023\/03\/fr_logo.png","contentUrl":"https:\/\/farmerrain.com\/wp-content\/uploads\/2023\/03\/fr_logo.png","width":179,"height":23,"caption":"Farmerrain"},"image":{"@id":"https:\/\/farmerrain.com\/#\/schema\/logo\/image\/"},"sameAs":["https:\/\/www.facebook.com\/people\/Farmerrain\/100063463901438\/"]}]}},"_links":{"self":[{"href":"https:\/\/farmerrain.com\/de\/wp-json\/wp\/v2\/pages\/42546","targetHints":{"allow":["GET"]}}],"collection":[{"href":"https:\/\/farmerrain.com\/de\/wp-json\/wp\/v2\/pages"}],"about":[{"href":"https:\/\/farmerrain.com\/de\/wp-json\/wp\/v2\/types\/page"}],"author":[{"embeddable":true,"href":"https:\/\/farmerrain.com\/de\/wp-json\/wp\/v2\/users\/2"}],"replies":[{"embeddable":true,"href":"https:\/\/farmerrain.com\/de\/wp-json\/wp\/v2\/comments?post=42546"}],"version-history":[{"count":0,"href":"https:\/\/farmerrain.com\/de\/wp-json\/wp\/v2\/pages\/42546\/revisions"}],"wp:featuredmedia":[{"embeddable":true,"href":"https:\/\/farmerrain.com\/de\/wp-json\/wp\/v2\/media\/42351"}],"wp:attachment":[{"href":"https:\/\/farmerrain.com\/de\/wp-json\/wp\/v2\/media?parent=42546"}],"curies":[{"name":"wp","href":"https:\/\/api.w.org\/{rel}","templated":true}]}}