{"id":42161,"date":"2023-02-15T10:55:12","date_gmt":"2023-02-15T09:55:12","guid":{"rendered":"https:\/\/farmerrain.com\/?page_id=42161"},"modified":"2026-03-30T11:23:12","modified_gmt":"2026-03-30T09:23:12","slug":"uber-uns","status":"publish","type":"page","link":"https:\/\/farmerrain.com\/de\/uber-uns\/","title":{"rendered":"\u00dcber uns"},"content":{"rendered":"<h2>Es hat immer geregnet, aber umweltzertifizierte Regenkleidung gab es bisher nicht. Jetzt gibt es sie endlich.<\/h2>\n<h3>Wer sind wir?<\/h3>\n<p>\u2013 Wie viele Menschen erben heutzutage noch Regenkleidung? Unsere Produkte sollen mindestens f\u00fcnfzehn Jahre halten. Qualit\u00e4t, die gut f\u00fcr Sie und die Umwelt ist, steht f\u00fcr uns an erster Stelle.<\/p>\n<p>Wir, die Gr\u00fcnder von Farmerrain, sind Carola und Jonas Carlsson. Wir sind Landwirte aus Leidenschaft und leben mit unseren beiden S\u00f6hnen auf einem Bauernhof in der N\u00e4he von Emmaboda. Natur und Umwelt liegen uns seit jeher sehr am Herzen, und wir haben uns stets konsequent und bewusst f\u00fcr Nachhaltigkeit eingesetzt. Wir besa\u00dfen Schwedens gr\u00f6\u00dfte Herde von Hochlandrindern, die in Zusammenarbeit mit dem WWF zur Renaturierung von Weiden, Naturschutzgebieten und Inseln in ganz Schweden eingesetzt wurden. Anfang der 90er-Jahre begannen wir, nach nachhaltiger Arbeitskleidung zu suchen. Da das Angebot jedoch sehr gering war, entstand die Idee, unsere eigene Kleidung zu entwerfen und herzustellen. Wir trugen selbst Regenkleidung auf dem Bauernhof. Doch diese hielt nicht lange. Vor allem die Hosen gingen st\u00e4ndig kaputt.<\/p>\n\t<div class=\"swiper pageSwiper\">\n\t\t<div class=\"swiper-wrapper\">\n\t\t\t\t\t\t\t\t<div class=\"swiper-slide\">\n\t\t\t\t\t\t<div class=\"background\">\n\t\t\t\t\t\t\t<img decoding=\"async\" class=\"background__image\" src=\"https:\/\/farmerrain.com\/wp-content\/uploads\/2023\/03\/om_oss.png\" alt=\"\">\n\t\t\t\t\t\t<\/div>\n\t\t\t\t\t<\/div>\n\t\t\t\t\t\t\t<\/div>\n\t\t<div class=\"swiper-button-next\"><\/div>\n\t\t<div class=\"swiper-button-prev\"><\/div>\n\t\t<div class=\"swiper-pagination\"><\/div>\n\t<\/div>\n<h3>Unsere Anf\u00e4nge<\/h3>\n<p>Um die Jahrtausendwende begannen wir daher in Zusammenarbeit mit dem Traditionsunternehmen Grund\u00e9ns eigene Modelle zu entwerfen. Unter anderem entwickelten wir unsere eigene Schulterhose mit Knopfverschluss statt Klettverschluss, die heute durch das Design gesch\u00fctzt ist. Heute konzentrieren wir uns unter unserer Marke Farmerrain auf umweltfreundliche Regenbekleidung mit minimalen Umweltauswirkungen. K\u00fcrzlich erhielten wir unsere lang ersehnte Umweltproduktdeklaration gem\u00e4\u00df EDP \u2013 einem internationalen System f\u00fcr Umweltdeklarationen. 2010 kontaktierten wir Tarkett, die eine Biomasse f\u00fcr ihre Kunststoffb\u00f6den entwickelt hatten, und fragten an, ob diese auch f\u00fcr Regenbekleidung verwendet werden k\u00f6nnte. Sie waren von der Idee nicht \u00fcberzeugt. Doch wir gaben nicht auf. Heute verwenden wir ein in Schweden hergestelltes, vollst\u00e4ndig recycelbares Vinylgewebe ohne giftige Phthalate und Fluorkohlenwasserstoffe.<\/p>\n","protected":false},"excerpt":{"rendered":"<p>Es hat immer geregnet, aber umweltzertifizierte Regenkleidung gab es bisher nicht. Jetzt gibt es sie endlich. Wer sind wir? \u2013 Wie viele Menschen erben heutzutage noch Regenkleidung? Unsere Produkte sollen mindestens f\u00fcnfzehn Jahre halten. Qualit\u00e4t, die gut f\u00fcr Sie und die Umwelt ist, steht f\u00fcr uns an erster Stelle. Wir, die Gr\u00fcnder von Farmerrain, sind [&hellip;]<\/p>\n","protected":false},"author":2,"featured_media":42157,"parent":0,"menu_order":0,"comment_status":"closed","ping_status":"closed","template":"","meta":{"_acf_changed":false,"footnotes":""},"class_list":["post-42161","page","type-page","status-publish","has-post-thumbnail","hentry"],"acf":[],"yoast_head":"<!-- This site is optimized with the Yoast SEO plugin v27.2 - https:\/\/yoast.com\/product\/yoast-seo-wordpress\/ -->\n<title>\u00dcber uns | Farmerrain - H\u00e5llbara regnkl\u00e4der<\/title>\n<meta name=\"description\" content=\"Es hat immer geregnet, aber umweltzertifizierte Regenkleidung gab es bisher nicht. Jetzt gibt es sie endlich. Wer sind wir? \u2013 Wie viele Menschen erben\" \/>\n<meta name=\"robots\" content=\"index, follow, max-snippet:-1, max-image-preview:large, max-video-preview:-1\" \/>\n<link rel=\"canonical\" href=\"https:\/\/farmerrain.com\/de\/uber-uns\/\" \/>\n<meta property=\"og:locale\" content=\"de_DE\" \/>\n<meta property=\"og:type\" content=\"article\" \/>\n<meta property=\"og:title\" content=\"\u00dcber uns | Farmerrain - H\u00e5llbara regnkl\u00e4der\" \/>\n<meta property=\"og:description\" content=\"Es hat immer geregnet, aber umweltzertifizierte Regenkleidung gab es bisher nicht. Jetzt gibt es sie endlich. Wer sind wir? \u2013 Wie viele Menschen erben\" \/>\n<meta property=\"og:url\" content=\"https:\/\/farmerrain.com\/de\/uber-uns\/\" \/>\n<meta property=\"og:site_name\" content=\"Farmerrain - H\u00e5llbara regnkl\u00e4der\" \/>\n<meta property=\"article:publisher\" content=\"https:\/\/www.facebook.com\/people\/Farmerrain\/100063463901438\/\" \/>\n<meta property=\"article:modified_time\" content=\"2026-03-30T09:23:12+00:00\" \/>\n<meta property=\"og:image\" content=\"https:\/\/farmerrain.com\/wp-content\/uploads\/2023\/03\/om_oss.png\" \/>\n\t<meta property=\"og:image:width\" content=\"1728\" \/>\n\t<meta property=\"og:image:height\" content=\"588\" \/>\n\t<meta property=\"og:image:type\" content=\"image\/png\" \/>\n<meta name=\"twitter:card\" content=\"summary_large_image\" \/>\n<meta name=\"twitter:label1\" content=\"Gesch\u00e4tzte Lesezeit\" \/>\n\t<meta name=\"twitter:data1\" content=\"2\u00a0Minuten\" \/>\n<script type=\"application\/ld+json\" class=\"yoast-schema-graph\">{\"@context\":\"https:\/\/schema.org\",\"@graph\":[{\"@type\":\"WebPage\",\"@id\":\"https:\/\/farmerrain.com\/de\/uber-uns\/\",\"url\":\"https:\/\/farmerrain.com\/de\/uber-uns\/\",\"name\":\"\u00dcber uns | Farmerrain - H\u00e5llbara regnkl\u00e4der\",\"isPartOf\":{\"@id\":\"https:\/\/farmerrain.com\/#website\"},\"primaryImageOfPage\":{\"@id\":\"https:\/\/farmerrain.com\/de\/uber-uns\/#primaryimage\"},\"image\":{\"@id\":\"https:\/\/farmerrain.com\/de\/uber-uns\/#primaryimage\"},\"thumbnailUrl\":\"https:\/\/farmerrain.com\/wp-content\/uploads\/2023\/03\/om_oss.png\",\"datePublished\":\"2023-02-15T09:55:12+00:00\",\"dateModified\":\"2026-03-30T09:23:12+00:00\",\"description\":\"Es hat immer geregnet, aber umweltzertifizierte Regenkleidung gab es bisher nicht. Jetzt gibt es sie endlich. Wer sind wir? \u2013 Wie viele Menschen erben\",\"inLanguage\":\"de\",\"potentialAction\":[{\"@type\":\"ReadAction\",\"target\":[\"https:\/\/farmerrain.com\/de\/uber-uns\/\"]}]},{\"@type\":\"ImageObject\",\"inLanguage\":\"de\",\"@id\":\"https:\/\/farmerrain.com\/de\/uber-uns\/#primaryimage\",\"url\":\"https:\/\/farmerrain.com\/wp-content\/uploads\/2023\/03\/om_oss.png\",\"contentUrl\":\"https:\/\/farmerrain.com\/wp-content\/uploads\/2023\/03\/om_oss.png\",\"width\":1728,\"height\":588},{\"@type\":\"WebSite\",\"@id\":\"https:\/\/farmerrain.com\/#website\",\"url\":\"https:\/\/farmerrain.com\/\",\"name\":\"Farmerrain - H\u00e5llbara regnkl\u00e4der\",\"description\":\"Regnkl\u00e4der med fokus p\u00e5 h\u00e5llbarhet, funktionalitet och unik design.\",\"publisher\":{\"@id\":\"https:\/\/farmerrain.com\/#organization\"},\"potentialAction\":[{\"@type\":\"SearchAction\",\"target\":{\"@type\":\"EntryPoint\",\"urlTemplate\":\"https:\/\/farmerrain.com\/?s={search_term_string}\"},\"query-input\":{\"@type\":\"PropertyValueSpecification\",\"valueRequired\":true,\"valueName\":\"search_term_string\"}}],\"inLanguage\":\"de\"},{\"@type\":\"Organization\",\"@id\":\"https:\/\/farmerrain.com\/#organization\",\"name\":\"Farmerrain\",\"url\":\"https:\/\/farmerrain.com\/\",\"logo\":{\"@type\":\"ImageObject\",\"inLanguage\":\"de\",\"@id\":\"https:\/\/farmerrain.com\/#\/schema\/logo\/image\/\",\"url\":\"https:\/\/farmerrain.com\/wp-content\/uploads\/2023\/03\/fr_logo.png\",\"contentUrl\":\"https:\/\/farmerrain.com\/wp-content\/uploads\/2023\/03\/fr_logo.png\",\"width\":179,\"height\":23,\"caption\":\"Farmerrain\"},\"image\":{\"@id\":\"https:\/\/farmerrain.com\/#\/schema\/logo\/image\/\"},\"sameAs\":[\"https:\/\/www.facebook.com\/people\/Farmerrain\/100063463901438\/\"]}]}<\/script>\n<!-- \/ Yoast SEO plugin. -->","yoast_head_json":{"title":"\u00dcber uns | Farmerrain - H\u00e5llbara regnkl\u00e4der","description":"Es hat immer geregnet, aber umweltzertifizierte Regenkleidung gab es bisher nicht. Jetzt gibt es sie endlich. Wer sind wir? \u2013 Wie viele Menschen erben","robots":{"index":"index","follow":"follow","max-snippet":"max-snippet:-1","max-image-preview":"max-image-preview:large","max-video-preview":"max-video-preview:-1"},"canonical":"https:\/\/farmerrain.com\/de\/uber-uns\/","og_locale":"de_DE","og_type":"article","og_title":"\u00dcber uns | Farmerrain - H\u00e5llbara regnkl\u00e4der","og_description":"Es hat immer geregnet, aber umweltzertifizierte Regenkleidung gab es bisher nicht. Jetzt gibt es sie endlich. Wer sind wir? \u2013 Wie viele Menschen erben","og_url":"https:\/\/farmerrain.com\/de\/uber-uns\/","og_site_name":"Farmerrain - H\u00e5llbara regnkl\u00e4der","article_publisher":"https:\/\/www.facebook.com\/people\/Farmerrain\/100063463901438\/","article_modified_time":"2026-03-30T09:23:12+00:00","og_image":[{"width":1728,"height":588,"url":"https:\/\/farmerrain.com\/wp-content\/uploads\/2023\/03\/om_oss.png","type":"image\/png"}],"twitter_card":"summary_large_image","twitter_misc":{"Gesch\u00e4tzte Lesezeit":"2\u00a0Minuten"},"schema":{"@context":"https:\/\/schema.org","@graph":[{"@type":"WebPage","@id":"https:\/\/farmerrain.com\/de\/uber-uns\/","url":"https:\/\/farmerrain.com\/de\/uber-uns\/","name":"\u00dcber uns | Farmerrain - H\u00e5llbara regnkl\u00e4der","isPartOf":{"@id":"https:\/\/farmerrain.com\/#website"},"primaryImageOfPage":{"@id":"https:\/\/farmerrain.com\/de\/uber-uns\/#primaryimage"},"image":{"@id":"https:\/\/farmerrain.com\/de\/uber-uns\/#primaryimage"},"thumbnailUrl":"https:\/\/farmerrain.com\/wp-content\/uploads\/2023\/03\/om_oss.png","datePublished":"2023-02-15T09:55:12+00:00","dateModified":"2026-03-30T09:23:12+00:00","description":"Es hat immer geregnet, aber umweltzertifizierte Regenkleidung gab es bisher nicht. Jetzt gibt es sie endlich. Wer sind wir? \u2013 Wie viele Menschen erben","inLanguage":"de","potentialAction":[{"@type":"ReadAction","target":["https:\/\/farmerrain.com\/de\/uber-uns\/"]}]},{"@type":"ImageObject","inLanguage":"de","@id":"https:\/\/farmerrain.com\/de\/uber-uns\/#primaryimage","url":"https:\/\/farmerrain.com\/wp-content\/uploads\/2023\/03\/om_oss.png","contentUrl":"https:\/\/farmerrain.com\/wp-content\/uploads\/2023\/03\/om_oss.png","width":1728,"height":588},{"@type":"WebSite","@id":"https:\/\/farmerrain.com\/#website","url":"https:\/\/farmerrain.com\/","name":"Farmerrain - H\u00e5llbara regnkl\u00e4der","description":"Regnkl\u00e4der med fokus p\u00e5 h\u00e5llbarhet, funktionalitet och unik design.","publisher":{"@id":"https:\/\/farmerrain.com\/#organization"},"potentialAction":[{"@type":"SearchAction","target":{"@type":"EntryPoint","urlTemplate":"https:\/\/farmerrain.com\/?s={search_term_string}"},"query-input":{"@type":"PropertyValueSpecification","valueRequired":true,"valueName":"search_term_string"}}],"inLanguage":"de"},{"@type":"Organization","@id":"https:\/\/farmerrain.com\/#organization","name":"Farmerrain","url":"https:\/\/farmerrain.com\/","logo":{"@type":"ImageObject","inLanguage":"de","@id":"https:\/\/farmerrain.com\/#\/schema\/logo\/image\/","url":"https:\/\/farmerrain.com\/wp-content\/uploads\/2023\/03\/fr_logo.png","contentUrl":"https:\/\/farmerrain.com\/wp-content\/uploads\/2023\/03\/fr_logo.png","width":179,"height":23,"caption":"Farmerrain"},"image":{"@id":"https:\/\/farmerrain.com\/#\/schema\/logo\/image\/"},"sameAs":["https:\/\/www.facebook.com\/people\/Farmerrain\/100063463901438\/"]}]}},"_links":{"self":[{"href":"https:\/\/farmerrain.com\/de\/wp-json\/wp\/v2\/pages\/42161","targetHints":{"allow":["GET"]}}],"collection":[{"href":"https:\/\/farmerrain.com\/de\/wp-json\/wp\/v2\/pages"}],"about":[{"href":"https:\/\/farmerrain.com\/de\/wp-json\/wp\/v2\/types\/page"}],"author":[{"embeddable":true,"href":"https:\/\/farmerrain.com\/de\/wp-json\/wp\/v2\/users\/2"}],"replies":[{"embeddable":true,"href":"https:\/\/farmerrain.com\/de\/wp-json\/wp\/v2\/comments?post=42161"}],"version-history":[{"count":2,"href":"https:\/\/farmerrain.com\/de\/wp-json\/wp\/v2\/pages\/42161\/revisions"}],"predecessor-version":[{"id":81558,"href":"https:\/\/farmerrain.com\/de\/wp-json\/wp\/v2\/pages\/42161\/revisions\/81558"}],"wp:featuredmedia":[{"embeddable":true,"href":"https:\/\/farmerrain.com\/de\/wp-json\/wp\/v2\/media\/42157"}],"wp:attachment":[{"href":"https:\/\/farmerrain.com\/de\/wp-json\/wp\/v2\/media?parent=42161"}],"curies":[{"name":"wp","href":"https:\/\/api.w.org\/{rel}","templated":true}]}}