{"id":33600,"date":"2022-11-29T17:21:51","date_gmt":"2022-11-29T17:21:51","guid":{"rendered":"https:\/\/farmerrain.com\/mein-account\/"},"modified":"2023-05-12T07:30:41","modified_gmt":"2023-05-12T07:30:41","slug":"mein-account","status":"publish","type":"page","link":"https:\/\/farmerrain.com\/de\/mein-account\/","title":{"rendered":"Mein Account"},"content":{"rendered":"<div class=\"woocommerce\"><\/div>\n","protected":false},"excerpt":{"rendered":"","protected":false},"author":2,"featured_media":0,"parent":0,"menu_order":0,"comment_status":"closed","ping_status":"closed","template":"","meta":{"_acf_changed":false,"footnotes":""},"class_list":["post-33600","page","type-page","status-publish","hentry"],"acf":[],"yoast_head":"<!-- This site is optimized with the Yoast SEO plugin v27.2 - https:\/\/yoast.com\/product\/yoast-seo-wordpress\/ -->\n<title>Mein Account | Farmerrain - H\u00e5llbara regnkl\u00e4der<\/title>\n<meta name=\"robots\" content=\"index, follow, max-snippet:-1, max-image-preview:large, max-video-preview:-1\" \/>\n<link rel=\"canonical\" href=\"https:\/\/farmerrain.com\/my-account\/\" \/>\n<meta property=\"og:locale\" content=\"de_DE\" \/>\n<meta property=\"og:type\" content=\"article\" \/>\n<meta property=\"og:title\" content=\"Mein Account | Farmerrain - H\u00e5llbara regnkl\u00e4der\" \/>\n<meta property=\"og:url\" content=\"https:\/\/farmerrain.com\/my-account\/\" \/>\n<meta property=\"og:site_name\" content=\"Farmerrain - H\u00e5llbara regnkl\u00e4der\" \/>\n<meta property=\"article:publisher\" content=\"https:\/\/www.facebook.com\/people\/Farmerrain\/100063463901438\/\" \/>\n<meta property=\"article:modified_time\" content=\"2023-05-12T07:30:41+00:00\" \/>\n<meta name=\"twitter:card\" content=\"summary_large_image\" \/>\n<script type=\"application\/ld+json\" class=\"yoast-schema-graph\">{\"@context\":\"https:\/\/schema.org\",\"@graph\":[{\"@type\":\"WebPage\",\"@id\":\"https:\/\/farmerrain.com\/my-account\/\",\"url\":\"https:\/\/farmerrain.com\/my-account\/\",\"name\":\"Mein Account | Farmerrain - H\u00e5llbara regnkl\u00e4der\",\"isPartOf\":{\"@id\":\"https:\/\/farmerrain.com\/#website\"},\"datePublished\":\"2022-11-29T17:21:51+00:00\",\"dateModified\":\"2023-05-12T07:30:41+00:00\",\"inLanguage\":\"de\",\"potentialAction\":[{\"@type\":\"ReadAction\",\"target\":[\"https:\/\/farmerrain.com\/my-account\/\"]}]},{\"@type\":\"WebSite\",\"@id\":\"https:\/\/farmerrain.com\/#website\",\"url\":\"https:\/\/farmerrain.com\/\",\"name\":\"Farmerrain - H\u00e5llbara regnkl\u00e4der\",\"description\":\"Regnkl\u00e4der med fokus p\u00e5 h\u00e5llbarhet, funktionalitet och unik design.\",\"publisher\":{\"@id\":\"https:\/\/farmerrain.com\/#organization\"},\"potentialAction\":[{\"@type\":\"SearchAction\",\"target\":{\"@type\":\"EntryPoint\",\"urlTemplate\":\"https:\/\/farmerrain.com\/?s={search_term_string}\"},\"query-input\":{\"@type\":\"PropertyValueSpecification\",\"valueRequired\":true,\"valueName\":\"search_term_string\"}}],\"inLanguage\":\"de\"},{\"@type\":\"Organization\",\"@id\":\"https:\/\/farmerrain.com\/#organization\",\"name\":\"Farmerrain\",\"url\":\"https:\/\/farmerrain.com\/\",\"logo\":{\"@type\":\"ImageObject\",\"inLanguage\":\"de\",\"@id\":\"https:\/\/farmerrain.com\/#\/schema\/logo\/image\/\",\"url\":\"https:\/\/farmerrain.com\/wp-content\/uploads\/2023\/03\/fr_logo.png\",\"contentUrl\":\"https:\/\/farmerrain.com\/wp-content\/uploads\/2023\/03\/fr_logo.png\",\"width\":179,\"height\":23,\"caption\":\"Farmerrain\"},\"image\":{\"@id\":\"https:\/\/farmerrain.com\/#\/schema\/logo\/image\/\"},\"sameAs\":[\"https:\/\/www.facebook.com\/people\/Farmerrain\/100063463901438\/\"]}]}<\/script>\n<!-- \/ Yoast SEO plugin. -->","yoast_head_json":{"title":"Mein Account | Farmerrain - H\u00e5llbara regnkl\u00e4der","robots":{"index":"index","follow":"follow","max-snippet":"max-snippet:-1","max-image-preview":"max-image-preview:large","max-video-preview":"max-video-preview:-1"},"canonical":"https:\/\/farmerrain.com\/my-account\/","og_locale":"de_DE","og_type":"article","og_title":"Mein Account | Farmerrain - H\u00e5llbara regnkl\u00e4der","og_url":"https:\/\/farmerrain.com\/my-account\/","og_site_name":"Farmerrain - H\u00e5llbara regnkl\u00e4der","article_publisher":"https:\/\/www.facebook.com\/people\/Farmerrain\/100063463901438\/","article_modified_time":"2023-05-12T07:30:41+00:00","twitter_card":"summary_large_image","schema":{"@context":"https:\/\/schema.org","@graph":[{"@type":"WebPage","@id":"https:\/\/farmerrain.com\/my-account\/","url":"https:\/\/farmerrain.com\/my-account\/","name":"Mein Account | Farmerrain - H\u00e5llbara regnkl\u00e4der","isPartOf":{"@id":"https:\/\/farmerrain.com\/#website"},"datePublished":"2022-11-29T17:21:51+00:00","dateModified":"2023-05-12T07:30:41+00:00","inLanguage":"de","potentialAction":[{"@type":"ReadAction","target":["https:\/\/farmerrain.com\/my-account\/"]}]},{"@type":"WebSite","@id":"https:\/\/farmerrain.com\/#website","url":"https:\/\/farmerrain.com\/","name":"Farmerrain - H\u00e5llbara regnkl\u00e4der","description":"Regnkl\u00e4der med fokus p\u00e5 h\u00e5llbarhet, funktionalitet och unik design.","publisher":{"@id":"https:\/\/farmerrain.com\/#organization"},"potentialAction":[{"@type":"SearchAction","target":{"@type":"EntryPoint","urlTemplate":"https:\/\/farmerrain.com\/?s={search_term_string}"},"query-input":{"@type":"PropertyValueSpecification","valueRequired":true,"valueName":"search_term_string"}}],"inLanguage":"de"},{"@type":"Organization","@id":"https:\/\/farmerrain.com\/#organization","name":"Farmerrain","url":"https:\/\/farmerrain.com\/","logo":{"@type":"ImageObject","inLanguage":"de","@id":"https:\/\/farmerrain.com\/#\/schema\/logo\/image\/","url":"https:\/\/farmerrain.com\/wp-content\/uploads\/2023\/03\/fr_logo.png","contentUrl":"https:\/\/farmerrain.com\/wp-content\/uploads\/2023\/03\/fr_logo.png","width":179,"height":23,"caption":"Farmerrain"},"image":{"@id":"https:\/\/farmerrain.com\/#\/schema\/logo\/image\/"},"sameAs":["https:\/\/www.facebook.com\/people\/Farmerrain\/100063463901438\/"]}]}},"_links":{"self":[{"href":"https:\/\/farmerrain.com\/de\/wp-json\/wp\/v2\/pages\/33600","targetHints":{"allow":["GET"]}}],"collection":[{"href":"https:\/\/farmerrain.com\/de\/wp-json\/wp\/v2\/pages"}],"about":[{"href":"https:\/\/farmerrain.com\/de\/wp-json\/wp\/v2\/types\/page"}],"author":[{"embeddable":true,"href":"https:\/\/farmerrain.com\/de\/wp-json\/wp\/v2\/users\/2"}],"replies":[{"embeddable":true,"href":"https:\/\/farmerrain.com\/de\/wp-json\/wp\/v2\/comments?post=33600"}],"version-history":[{"count":0,"href":"https:\/\/farmerrain.com\/de\/wp-json\/wp\/v2\/pages\/33600\/revisions"}],"wp:attachment":[{"href":"https:\/\/farmerrain.com\/de\/wp-json\/wp\/v2\/media?parent=33600"}],"curies":[{"name":"wp","href":"https:\/\/api.w.org\/{rel}","templated":true}]}}